
{"id":7110,"date":"2023-10-26T10:58:51","date_gmt":"2023-10-26T14:58:51","guid":{"rendered":"https:\/\/marymount.emsbdev.com\/?page_id=7110"},"modified":"2025-09-24T15:24:55","modified_gmt":"2025-09-24T19:24:55","slug":"library","status":"publish","type":"page","link":"https:\/\/marymount.emsb.qc.ca\/fr\/library\/","title":{"rendered":"Biblioth\u00e8que"},"content":{"rendered":"<div data-elementor-type=\"wp-page\" data-elementor-id=\"7110\" class=\"elementor elementor-7110\" data-elementor-post-type=\"page\">\n\t\t\t\t\t\t<section class=\"elementor-section elementor-top-section elementor-element elementor-element-4b441a75 elementor-section-full_width elementor-section-height-default elementor-section-height-default\" data-id=\"4b441a75\" data-element_type=\"section\" data-e-type=\"section\" data-settings=\"{&quot;jet_parallax_layout_list&quot;:[]}\">\n\t\t\t\t\t\t<div class=\"elementor-container elementor-column-gap-default\">\n\t\t\t\t\t<div class=\"elementor-column elementor-col-100 elementor-top-column elementor-element elementor-element-76373f86\" data-id=\"76373f86\" data-element_type=\"column\" data-e-type=\"column\">\n\t\t\t<div class=\"elementor-widget-wrap elementor-element-populated\">\n\t\t\t\t\t\t<div class=\"elementor-element elementor-element-27f31313 elementor-widget elementor-widget-image\" data-id=\"27f31313\" data-element_type=\"widget\" data-e-type=\"widget\" data-widget_type=\"image.default\">\n\t\t\t\t<div class=\"elementor-widget-container\">\n\t\t\t\t\t\t\t\t\t\t\t\t\t\t\t<img fetchpriority=\"high\" decoding=\"async\" width=\"768\" height=\"133\" src=\"https:\/\/marymount.emsb.qc.ca\/wp-content\/uploads\/sites\/5\/2024\/05\/banner-marymount16-768x133.png\" class=\"attachment-medium_large size-medium_large wp-image-10546\" alt=\"\" srcset=\"https:\/\/marymount.emsb.qc.ca\/wp-content\/uploads\/sites\/5\/2024\/05\/banner-marymount16-768x133.png 768w, https:\/\/marymount.emsb.qc.ca\/wp-content\/uploads\/sites\/5\/2024\/05\/banner-marymount16-300x52.png 300w, https:\/\/marymount.emsb.qc.ca\/wp-content\/uploads\/sites\/5\/2024\/05\/banner-marymount16-1024x178.png 1024w, https:\/\/marymount.emsb.qc.ca\/wp-content\/uploads\/sites\/5\/2024\/05\/banner-marymount16-18x3.png 18w, https:\/\/marymount.emsb.qc.ca\/wp-content\/uploads\/sites\/5\/2024\/05\/banner-marymount16.png 1440w\" sizes=\"(max-width: 768px) 100vw, 768px\" \/>\t\t\t\t\t\t\t\t\t\t\t\t\t\t\t<\/div>\n\t\t\t\t<\/div>\n\t\t\t\t\t<\/div>\n\t\t<\/div>\n\t\t\t\t\t<\/div>\n\t\t<\/section>\n\t\t\t\t<section class=\"elementor-section elementor-top-section elementor-element elementor-element-65caa44b elementor-section-boxed elementor-section-height-default elementor-section-height-default\" data-id=\"65caa44b\" data-element_type=\"section\" data-e-type=\"section\" data-settings=\"{&quot;jet_parallax_layout_list&quot;:[]}\">\n\t\t\t\t\t\t<div class=\"elementor-container elementor-column-gap-default\">\n\t\t\t\t\t<div class=\"elementor-column elementor-col-100 elementor-top-column elementor-element elementor-element-621ec2ce\" data-id=\"621ec2ce\" data-element_type=\"column\" data-e-type=\"column\">\n\t\t\t<div class=\"elementor-widget-wrap elementor-element-populated\">\n\t\t\t\t\t\t<div class=\"elementor-element elementor-element-736641f4 elementor-widget__width-auto elementor-widget elementor-widget-heading\" data-id=\"736641f4\" data-element_type=\"widget\" data-e-type=\"widget\" data-widget_type=\"heading.default\">\n\t\t\t\t<div class=\"elementor-widget-container\">\n\t\t\t\t\t<h2 class=\"elementor-heading-title elementor-size-default\">MARYMOUNT<\/h2>\t\t\t\t<\/div>\n\t\t\t\t<\/div>\n\t\t\t\t<section class=\"elementor-section elementor-inner-section elementor-element elementor-element-3463a7a elementor-section-boxed elementor-section-height-default elementor-section-height-default\" data-id=\"3463a7a\" data-element_type=\"section\" data-e-type=\"section\" data-settings=\"{&quot;jet_parallax_layout_list&quot;:[]}\">\n\t\t\t\t\t\t<div class=\"elementor-container elementor-column-gap-default\">\n\t\t\t\t\t<div class=\"elementor-column elementor-col-100 elementor-inner-column elementor-element elementor-element-4a5cef4\" data-id=\"4a5cef4\" data-element_type=\"column\" data-e-type=\"column\">\n\t\t\t<div class=\"elementor-widget-wrap elementor-element-populated\">\n\t\t\t\t\t\t<div class=\"elementor-element elementor-element-9cdb0aa elementor-widget elementor-widget-html\" data-id=\"9cdb0aa\" data-element_type=\"widget\" data-e-type=\"widget\" data-widget_type=\"html.default\">\n\t\t\t\t<div class=\"elementor-widget-container\">\n\t\t\t\t\t<iframe src=\"https:\/\/docs.google.com\/presentation\/d\/e\/2PACX-1vRP20lVaglvoGtHxWSltj6ARrGGgRj2raFQAqfIZw8J6TijnG4zBiB_hGp6WHXm3k-_pZ7uaLmFtcN6\/pubembed?start=true&loop=true&delayms=3000\" frameborder=\"0\" width=\"960\" height=\"569\" allowfullscreen=\"true\" mozallowfullscreen=\"true\" webkitallowfullscreen=\"true\"><\/iframe>\t\t\t\t<\/div>\n\t\t\t\t<\/div>\n\t\t\t\t\t<\/div>\n\t\t<\/div>\n\t\t\t\t\t<\/div>\n\t\t<\/section>\n\t\t\t\t<section class=\"elementor-section elementor-inner-section elementor-element elementor-element-d3b8810 elementor-section-boxed elementor-section-height-default elementor-section-height-default\" data-id=\"d3b8810\" data-element_type=\"section\" data-e-type=\"section\" data-settings=\"{&quot;jet_parallax_layout_list&quot;:[]}\">\n\t\t\t\t\t\t<div class=\"elementor-container elementor-column-gap-default\">\n\t\t\t\t\t<div class=\"elementor-column elementor-col-50 elementor-inner-column elementor-element elementor-element-05f7872\" data-id=\"05f7872\" data-element_type=\"column\" data-e-type=\"column\">\n\t\t\t<div class=\"elementor-widget-wrap elementor-element-populated\">\n\t\t\t\t\t\t<div class=\"elementor-element elementor-element-2d6819f1 elementor-widget elementor-widget-text-editor\" data-id=\"2d6819f1\" data-element_type=\"widget\" data-e-type=\"widget\" data-widget_type=\"text-editor.default\">\n\t\t\t\t<div class=\"elementor-widget-container\">\n\t\t\t\t\t\t\t\t\t\u2002\u2002\u2002\u2002\u2002\u2002<div>\n\u2002\u2002\u2002\u2002\u2002\u2002<div>\n<h3>Notre biblioth\u00e8que est un lieu accueillant o\u00f9 l'on se retrouve et o\u00f9 l'on apprend.<\/h3>\n<\/div>\n<p>En soutenant la mission de l'\u00e9cole, il aspire \u00e0 \u00eatre un environnement respectueux, bienveillant et inclusif. Il s'efforce d'am\u00e9liorer l'alphab\u00e9tisation et l'apprentissage en mettant en relation les \u00e9l\u00e8ves et le personnel avec des ressources de qualit\u00e9.<\/p>\n \n<p>\nNotre espace, nos collections et nos services sont destin\u00e9s \u00e0 soutenir le d\u00e9veloppement des \u00e9l\u00e8ves en stimulant la curiosit\u00e9, l'imagination et la pens\u00e9e critique, la citoyennet\u00e9 mondiale et la communaut\u00e9, ainsi que l'amour de la lecture tout au long de la vie.<\/p>\n\n \n<h6>Utilisation et r\u00e8gles de la biblioth\u00e8que<\/h6>\n \n<h6>Heures<\/h6>\n<p>9 h - 16 h tous les jours.<\/p>\n\n \n<p>Les \u00e9l\u00e8ves peuvent venir \u00e0 tout moment, mais doivent apporter un mot d'un enseignant lorsqu'ils se rendent de mani\u00e8re autonome pendant les heures de cours. <\/p>\n\n<ul>\n<h6>Pr\u00eats<\/h6>\n<li>Manga : 1 semaine<\/li>\n<li>Tous les autres mat\u00e9riaux : 1 mois<\/li>\n<li>Les cartes d'\u00e9tudiant sont utilis\u00e9es pour emprunter des livres.<\/li>\n<li>L'emprunteur qui perd un livre est tenu de payer le co\u00fbt de remplacement de ce livre.<\/li>\n\n <\/ul>\n\n<h6>Utilisation de l'espace<\/h6>\n<p>La biblioth\u00e8que est un espace d'apprentissage propre, calme et d\u00e9tendu au sein de l'\u00e9cole. Pour le bien de la communaut\u00e9, les \u00e9l\u00e8ves sont invit\u00e9s \u00e0 respecter les r\u00e8gles suivantes :<\/p>\n<ul>\n \u2002\u2002\u2002\u2002\u2002<li>Respecter les autres et leurs besoins d'apprentissage<\/li>\n \u2002\u2002\u2002\u2002\u2002<li>Les ordinateurs ne servent qu'\u00e0 l'apprentissage<\/li>\n \u2002\u2002\u2002\u2002\u2002<li>Des \u00e9couteurs doivent \u00eatre utilis\u00e9s pour \u00e9couter du son<\/li>\n \u2002\u2002\u2002\u2002\u2002<li>Ne pas manger<\/li>\n<\/ul>\n<h6>Nous joindre<\/h6>\n<p><span>Annette MacIntyre, biblioth\u00e9caire<br \/>\n<\/span><a title=\"mailto:amacintyre@emsb.qc.ca\" href=\"mailto:amacintyre@emsb.qc.ca\">amacintyre@emsb.qc.ca<\/a><\/p>\n\n<\/div>\n\n\t\t\t\t\t\t\t\t<\/div>\n\t\t\t\t<\/div>\n\t\t\t\t\t<\/div>\n\t\t<\/div>\n\t\t\t\t<div class=\"elementor-column elementor-col-50 elementor-inner-column elementor-element elementor-element-9d98edc\" data-id=\"9d98edc\" data-element_type=\"column\" data-e-type=\"column\">\n\t\t\t<div class=\"elementor-widget-wrap elementor-element-populated\">\n\t\t\t\t\t\t<div class=\"elementor-element elementor-element-5044698 elementor-widget elementor-widget-text-editor\" data-id=\"5044698\" data-element_type=\"widget\" data-e-type=\"widget\" data-widget_type=\"text-editor.default\">\n\t\t\t\t<div class=\"elementor-widget-container\">\n\t\t\t\t\t\t\t\t\t<div class=\"info-box darkblue\"><span style=\"font-size: 1.3em; font-weight: bold;\">Heures d'ouverture de la biblioth\u00e8que<\/span><\/div>\n<div class=\"info-box lightblue\">\n<div class=\"pure-g pure-row\">\n<div><\/div>\n<div class=\"pure-u-1 pure-u-md-1-3\"><strong>Du lundi au vendredi<\/strong><\/div>\n<div>9 heures - 16 heures<\/div>\n<div class=\"pure-u-1 pure-u-md-2-3\"><\/div>\n<\/div>\n<\/div>\n\t\t\t\t\t\t\t\t<\/div>\n\t\t\t\t<\/div>\n\t\t\t\t\t<\/div>\n\t\t<\/div>\n\t\t\t\t\t<\/div>\n\t\t<\/section>\n\t\t\t\t\t<\/div>\n\t\t<\/div>\n\t\t\t\t\t<\/div>\n\t\t<\/section>\n\t\t\t\t<\/div>","protected":false},"excerpt":{"rendered":"<p>\u2002\u2002\u2002\u2002\u2002\u2002 \u2002\u2002\u2002\u2002\u2002\u2002 Our library is a welcoming place to gather and learn. In supporting the school&#8217;s mission, it aspires to be a respectful, caring, and inclusive environment. It strives to enhance literacy and learning by matching students and staff to quality resources. Our space, collections, and services are intended to support the growth of students [&hellip;]<\/p>\n","protected":false},"author":8,"featured_media":0,"parent":0,"menu_order":0,"comment_status":"closed","ping_status":"closed","template":"","meta":{"site-sidebar-layout":"no-sidebar","site-content-layout":"page-builder","ast-site-content-layout":"full-width-container","site-content-style":"default","site-sidebar-style":"default","ast-global-header-display":"","ast-banner-title-visibility":"","ast-main-header-display":"","ast-hfb-above-header-display":"","ast-hfb-below-header-display":"","ast-hfb-mobile-header-display":"","site-post-title":"disabled","ast-breadcrumbs-content":"","ast-featured-img":"disabled","footer-sml-layout":"","ast-disable-related-posts":"","theme-transparent-header-meta":"default","adv-header-id-meta":"","stick-header-meta":"","header-above-stick-meta":"","header-main-stick-meta":"","header-below-stick-meta":"","astra-migrate-meta-layouts":"set","ast-page-background-enabled":"default","ast-page-background-meta":{"desktop":{"background-color":"var(--ast-global-color-4)","background-image":"","background-repeat":"repeat","background-position":"center center","background-size":"auto","background-attachment":"scroll","background-type":"","background-media":"","overlay-type":"","overlay-color":"","overlay-opacity":"","overlay-gradient":""},"tablet":{"background-color":"","background-image":"","background-repeat":"repeat","background-position":"center center","background-size":"auto","background-attachment":"scroll","background-type":"","background-media":"","overlay-type":"","overlay-color":"","overlay-opacity":"","overlay-gradient":""},"mobile":{"background-color":"","background-image":"","background-repeat":"repeat","background-position":"center center","background-size":"auto","background-attachment":"scroll","background-type":"","background-media":"","overlay-type":"","overlay-color":"","overlay-opacity":"","overlay-gradient":""}},"ast-content-background-meta":{"desktop":{"background-color":"var(--ast-global-color-5)","background-image":"","background-repeat":"repeat","background-position":"center center","background-size":"auto","background-attachment":"scroll","background-type":"","background-media":"","overlay-type":"","overlay-color":"","overlay-opacity":"","overlay-gradient":""},"tablet":{"background-color":"var(--ast-global-color-5)","background-image":"","background-repeat":"repeat","background-position":"center center","background-size":"auto","background-attachment":"scroll","background-type":"","background-media":"","overlay-type":"","overlay-color":"","overlay-opacity":"","overlay-gradient":""},"mobile":{"background-color":"var(--ast-global-color-5)","background-image":"","background-repeat":"repeat","background-position":"center center","background-size":"auto","background-attachment":"scroll","background-type":"","background-media":"","overlay-type":"","overlay-color":"","overlay-opacity":"","overlay-gradient":""}},"footnotes":""},"class_list":["post-7110","page","type-page","status-publish","hentry"],"yoast_head":"<!-- This site is optimized with the Yoast SEO plugin v27.3 - https:\/\/yoast.com\/product\/yoast-seo-wordpress\/ -->\n<title>Library - Marymount Academy International<\/title>\n<meta name=\"robots\" content=\"index, follow, max-snippet:-1, max-image-preview:large, max-video-preview:-1\" \/>\n<link rel=\"canonical\" href=\"https:\/\/marymount.emsb.qc.ca\/fr\/library\/\" \/>\n<meta property=\"og:locale\" content=\"fr_FR\" \/>\n<meta property=\"og:type\" content=\"article\" \/>\n<meta property=\"og:title\" content=\"Library - Marymount Academy International\" \/>\n<meta property=\"og:description\" content=\"\u2002\u2002\u2002\u2002\u2002\u2002 \u2002\u2002\u2002\u2002\u2002\u2002 Our library is a welcoming place to gather and learn. In supporting the school&#8217;s mission, it aspires to be a respectful, caring, and inclusive environment. It strives to enhance literacy and learning by matching students and staff to quality resources. Our space, collections, and services are intended to support the growth of students [&hellip;]\" \/>\n<meta property=\"og:url\" content=\"https:\/\/marymount.emsb.qc.ca\/fr\/library\/\" \/>\n<meta property=\"og:site_name\" content=\"Marymount Academy International\" \/>\n<meta property=\"article:modified_time\" content=\"2025-09-24T19:24:55+00:00\" \/>\n<meta property=\"og:image\" content=\"https:\/\/marymount.emsb.qc.ca\/wp-content\/uploads\/sites\/5\/2024\/05\/banner-marymount16-768x133.png\" \/>\n<meta name=\"twitter:card\" content=\"summary_large_image\" \/>\n<meta name=\"twitter:label1\" content=\"Dur\u00e9e de lecture estim\u00e9e\" \/>\n\t<meta name=\"twitter:data1\" content=\"2 minutes\" \/>\n<script type=\"application\/ld+json\" class=\"yoast-schema-graph\">{\"@context\":\"https:\\\/\\\/schema.org\",\"@graph\":[{\"@type\":\"WebPage\",\"@id\":\"https:\\\/\\\/marymount.emsb.qc.ca\\\/library\\\/\",\"url\":\"https:\\\/\\\/marymount.emsb.qc.ca\\\/library\\\/\",\"name\":\"Library - Marymount Academy International\",\"isPartOf\":{\"@id\":\"https:\\\/\\\/marymount.emsb.qc.ca\\\/#website\"},\"primaryImageOfPage\":{\"@id\":\"https:\\\/\\\/marymount.emsb.qc.ca\\\/library\\\/#primaryimage\"},\"image\":{\"@id\":\"https:\\\/\\\/marymount.emsb.qc.ca\\\/library\\\/#primaryimage\"},\"thumbnailUrl\":\"https:\\\/\\\/marymount.emsb.qc.ca\\\/wp-content\\\/uploads\\\/sites\\\/5\\\/2024\\\/05\\\/banner-marymount16-768x133.png\",\"datePublished\":\"2023-10-26T14:58:51+00:00\",\"dateModified\":\"2025-09-24T19:24:55+00:00\",\"breadcrumb\":{\"@id\":\"https:\\\/\\\/marymount.emsb.qc.ca\\\/library\\\/#breadcrumb\"},\"inLanguage\":\"fr-FR\",\"potentialAction\":[{\"@type\":\"ReadAction\",\"target\":[\"https:\\\/\\\/marymount.emsb.qc.ca\\\/library\\\/\"]}]},{\"@type\":\"ImageObject\",\"inLanguage\":\"fr-FR\",\"@id\":\"https:\\\/\\\/marymount.emsb.qc.ca\\\/library\\\/#primaryimage\",\"url\":\"https:\\\/\\\/marymount.emsb.qc.ca\\\/wp-content\\\/uploads\\\/sites\\\/5\\\/2024\\\/05\\\/banner-marymount16-768x133.png\",\"contentUrl\":\"https:\\\/\\\/marymount.emsb.qc.ca\\\/wp-content\\\/uploads\\\/sites\\\/5\\\/2024\\\/05\\\/banner-marymount16-768x133.png\"},{\"@type\":\"BreadcrumbList\",\"@id\":\"https:\\\/\\\/marymount.emsb.qc.ca\\\/library\\\/#breadcrumb\",\"itemListElement\":[{\"@type\":\"ListItem\",\"position\":1,\"name\":\"Home\",\"item\":\"https:\\\/\\\/marymount.emsb.qc.ca\\\/\"},{\"@type\":\"ListItem\",\"position\":2,\"name\":\"Library\"}]},{\"@type\":\"WebSite\",\"@id\":\"https:\\\/\\\/marymount.emsb.qc.ca\\\/#website\",\"url\":\"https:\\\/\\\/marymount.emsb.qc.ca\\\/\",\"name\":\"Marymount Academy International\",\"description\":\"Marymount Academy International\",\"publisher\":{\"@id\":\"https:\\\/\\\/marymount.emsb.qc.ca\\\/#organization\"},\"potentialAction\":[{\"@type\":\"SearchAction\",\"target\":{\"@type\":\"EntryPoint\",\"urlTemplate\":\"https:\\\/\\\/marymount.emsb.qc.ca\\\/?s={search_term_string}\"},\"query-input\":{\"@type\":\"PropertyValueSpecification\",\"valueRequired\":true,\"valueName\":\"search_term_string\"}}],\"inLanguage\":\"fr-FR\"},{\"@type\":\"Organization\",\"@id\":\"https:\\\/\\\/marymount.emsb.qc.ca\\\/#organization\",\"name\":\"Marymount Academy International\",\"url\":\"https:\\\/\\\/marymount.emsb.qc.ca\\\/\",\"logo\":{\"@type\":\"ImageObject\",\"inLanguage\":\"fr-FR\",\"@id\":\"https:\\\/\\\/marymount.emsb.qc.ca\\\/#\\\/schema\\\/logo\\\/image\\\/\",\"url\":\"https:\\\/\\\/marymount.emsb.qc.ca\\\/wp-content\\\/uploads\\\/sites\\\/5\\\/2022\\\/01\\\/marymount-logo.jpg\",\"contentUrl\":\"https:\\\/\\\/marymount.emsb.qc.ca\\\/wp-content\\\/uploads\\\/sites\\\/5\\\/2022\\\/01\\\/marymount-logo.jpg\",\"width\":110,\"height\":149,\"caption\":\"Marymount Academy International\"},\"image\":{\"@id\":\"https:\\\/\\\/marymount.emsb.qc.ca\\\/#\\\/schema\\\/logo\\\/image\\\/\"}}]}<\/script>\n<!-- \/ Yoast SEO plugin. -->","yoast_head_json":{"title":"Biblioth\u00e8que - Marymount Academy International","robots":{"index":"index","follow":"follow","max-snippet":"max-snippet:-1","max-image-preview":"max-image-preview:large","max-video-preview":"max-video-preview:-1"},"canonical":"https:\/\/marymount.emsb.qc.ca\/fr\/library\/","og_locale":"fr_FR","og_type":"article","og_title":"Library - Marymount Academy International","og_description":"\u2002\u2002\u2002\u2002\u2002\u2002 \u2002\u2002\u2002\u2002\u2002\u2002 Our library is a welcoming place to gather and learn. In supporting the school&#8217;s mission, it aspires to be a respectful, caring, and inclusive environment. It strives to enhance literacy and learning by matching students and staff to quality resources. Our space, collections, and services are intended to support the growth of students [&hellip;]","og_url":"https:\/\/marymount.emsb.qc.ca\/fr\/library\/","og_site_name":"Marymount Academy International","article_modified_time":"2025-09-24T19:24:55+00:00","og_image":[{"url":"https:\/\/marymount.emsb.qc.ca\/wp-content\/uploads\/sites\/5\/2024\/05\/banner-marymount16-768x133.png","type":"","width":"","height":""}],"twitter_card":"summary_large_image","twitter_misc":{"Dur\u00e9e de lecture estim\u00e9e":"2 minutes"},"schema":{"@context":"https:\/\/schema.org","@graph":[{"@type":"WebPage","@id":"https:\/\/marymount.emsb.qc.ca\/library\/","url":"https:\/\/marymount.emsb.qc.ca\/library\/","name":"Biblioth\u00e8que - Marymount Academy International","isPartOf":{"@id":"https:\/\/marymount.emsb.qc.ca\/#website"},"primaryImageOfPage":{"@id":"https:\/\/marymount.emsb.qc.ca\/library\/#primaryimage"},"image":{"@id":"https:\/\/marymount.emsb.qc.ca\/library\/#primaryimage"},"thumbnailUrl":"https:\/\/marymount.emsb.qc.ca\/wp-content\/uploads\/sites\/5\/2024\/05\/banner-marymount16-768x133.png","datePublished":"2023-10-26T14:58:51+00:00","dateModified":"2025-09-24T19:24:55+00:00","breadcrumb":{"@id":"https:\/\/marymount.emsb.qc.ca\/library\/#breadcrumb"},"inLanguage":"fr-FR","potentialAction":[{"@type":"ReadAction","target":["https:\/\/marymount.emsb.qc.ca\/library\/"]}]},{"@type":"ImageObject","inLanguage":"fr-FR","@id":"https:\/\/marymount.emsb.qc.ca\/library\/#primaryimage","url":"https:\/\/marymount.emsb.qc.ca\/wp-content\/uploads\/sites\/5\/2024\/05\/banner-marymount16-768x133.png","contentUrl":"https:\/\/marymount.emsb.qc.ca\/wp-content\/uploads\/sites\/5\/2024\/05\/banner-marymount16-768x133.png"},{"@type":"BreadcrumbList","@id":"https:\/\/marymount.emsb.qc.ca\/library\/#breadcrumb","itemListElement":[{"@type":"ListItem","position":1,"name":"Home","item":"https:\/\/marymount.emsb.qc.ca\/"},{"@type":"ListItem","position":2,"name":"Library"}]},{"@type":"WebSite","@id":"https:\/\/marymount.emsb.qc.ca\/#website","url":"https:\/\/marymount.emsb.qc.ca\/","name":"Acad\u00e9mie internationale Marymount","description":"Acad\u00e9mie internationale Marymount","publisher":{"@id":"https:\/\/marymount.emsb.qc.ca\/#organization"},"potentialAction":[{"@type":"SearchAction","target":{"@type":"EntryPoint","urlTemplate":"https:\/\/marymount.emsb.qc.ca\/?s={search_term_string}"},"query-input":{"@type":"PropertyValueSpecification","valueRequired":true,"valueName":"search_term_string"}}],"inLanguage":"fr-FR"},{"@type":"Organization","@id":"https:\/\/marymount.emsb.qc.ca\/#organization","name":"Acad\u00e9mie internationale Marymount","url":"https:\/\/marymount.emsb.qc.ca\/","logo":{"@type":"ImageObject","inLanguage":"fr-FR","@id":"https:\/\/marymount.emsb.qc.ca\/#\/schema\/logo\/image\/","url":"https:\/\/marymount.emsb.qc.ca\/wp-content\/uploads\/sites\/5\/2022\/01\/marymount-logo.jpg","contentUrl":"https:\/\/marymount.emsb.qc.ca\/wp-content\/uploads\/sites\/5\/2022\/01\/marymount-logo.jpg","width":110,"height":149,"caption":"Marymount Academy International"},"image":{"@id":"https:\/\/marymount.emsb.qc.ca\/#\/schema\/logo\/image\/"}}]}},"_links":{"self":[{"href":"https:\/\/marymount.emsb.qc.ca\/fr\/wp-json\/wp\/v2\/pages\/7110","targetHints":{"allow":["GET"]}}],"collection":[{"href":"https:\/\/marymount.emsb.qc.ca\/fr\/wp-json\/wp\/v2\/pages"}],"about":[{"href":"https:\/\/marymount.emsb.qc.ca\/fr\/wp-json\/wp\/v2\/types\/page"}],"author":[{"embeddable":true,"href":"https:\/\/marymount.emsb.qc.ca\/fr\/wp-json\/wp\/v2\/users\/8"}],"replies":[{"embeddable":true,"href":"https:\/\/marymount.emsb.qc.ca\/fr\/wp-json\/wp\/v2\/comments?post=7110"}],"version-history":[{"count":114,"href":"https:\/\/marymount.emsb.qc.ca\/fr\/wp-json\/wp\/v2\/pages\/7110\/revisions"}],"predecessor-version":[{"id":12868,"href":"https:\/\/marymount.emsb.qc.ca\/fr\/wp-json\/wp\/v2\/pages\/7110\/revisions\/12868"}],"wp:attachment":[{"href":"https:\/\/marymount.emsb.qc.ca\/fr\/wp-json\/wp\/v2\/media?parent=7110"}],"curies":[{"name":"wp","href":"https:\/\/api.w.org\/{rel}","templated":true}]}}