
{"id":6958,"date":"2023-10-11T15:37:26","date_gmt":"2023-10-11T19:37:26","guid":{"rendered":"https:\/\/marymount.emsbdev.com\/?page_id=6958"},"modified":"2024-09-05T11:45:07","modified_gmt":"2024-09-05T15:45:07","slug":"meq-secondary-education","status":"publish","type":"page","link":"https:\/\/marymount.emsb.qc.ca\/fr\/meq-secondary-education\/","title":{"rendered":"MEQ - Enseignement secondaire"},"content":{"rendered":"<div data-elementor-type=\"wp-page\" data-elementor-id=\"6958\" class=\"elementor elementor-6958\" data-elementor-post-type=\"page\">\n\t\t\t\t\t\t<section class=\"elementor-section elementor-top-section elementor-element elementor-element-1561040c elementor-section-full_width elementor-section-height-default elementor-section-height-default\" data-id=\"1561040c\" data-element_type=\"section\" data-e-type=\"section\" data-settings=\"{&quot;jet_parallax_layout_list&quot;:[]}\">\n\t\t\t\t\t\t<div class=\"elementor-container elementor-column-gap-default\">\n\t\t\t\t\t<div class=\"elementor-column elementor-col-100 elementor-top-column elementor-element elementor-element-11468faf\" data-id=\"11468faf\" data-element_type=\"column\" data-e-type=\"column\">\n\t\t\t<div class=\"elementor-widget-wrap elementor-element-populated\">\n\t\t\t\t\t\t<div class=\"elementor-element elementor-element-12caef29 elementor-widget elementor-widget-image\" data-id=\"12caef29\" data-element_type=\"widget\" data-e-type=\"widget\" data-widget_type=\"image.default\">\n\t\t\t\t<div class=\"elementor-widget-container\">\n\t\t\t\t\t\t\t\t\t\t\t\t\t\t\t<img fetchpriority=\"high\" decoding=\"async\" width=\"768\" height=\"140\" src=\"https:\/\/marymount.emsb.qc.ca\/wp-content\/uploads\/sites\/5\/2024\/07\/banner-marymount25-768x140.jpg\" class=\"attachment-medium_large size-medium_large wp-image-11202\" alt=\"\" srcset=\"https:\/\/marymount.emsb.qc.ca\/wp-content\/uploads\/sites\/5\/2024\/07\/banner-marymount25-768x140.jpg 768w, https:\/\/marymount.emsb.qc.ca\/wp-content\/uploads\/sites\/5\/2024\/07\/banner-marymount25-300x55.jpg 300w, https:\/\/marymount.emsb.qc.ca\/wp-content\/uploads\/sites\/5\/2024\/07\/banner-marymount25-1024x187.jpg 1024w, https:\/\/marymount.emsb.qc.ca\/wp-content\/uploads\/sites\/5\/2024\/07\/banner-marymount25-1536x280.jpg 1536w, https:\/\/marymount.emsb.qc.ca\/wp-content\/uploads\/sites\/5\/2024\/07\/banner-marymount25-18x3.jpg 18w, https:\/\/marymount.emsb.qc.ca\/wp-content\/uploads\/sites\/5\/2024\/07\/banner-marymount25.jpg 1920w\" sizes=\"(max-width: 768px) 100vw, 768px\" \/>\t\t\t\t\t\t\t\t\t\t\t\t\t\t\t<\/div>\n\t\t\t\t<\/div>\n\t\t\t\t\t<\/div>\n\t\t<\/div>\n\t\t\t\t\t<\/div>\n\t\t<\/section>\n\t\t\t\t<section class=\"elementor-section elementor-top-section elementor-element elementor-element-744ea9a2 elementor-section-boxed elementor-section-height-default elementor-section-height-default\" data-id=\"744ea9a2\" data-element_type=\"section\" data-e-type=\"section\" data-settings=\"{&quot;jet_parallax_layout_list&quot;:[]}\">\n\t\t\t\t\t\t<div class=\"elementor-container elementor-column-gap-default\">\n\t\t\t\t\t<div class=\"elementor-column elementor-col-100 elementor-top-column elementor-element elementor-element-30b45c7c\" data-id=\"30b45c7c\" data-element_type=\"column\" data-e-type=\"column\">\n\t\t\t<div class=\"elementor-widget-wrap elementor-element-populated\">\n\t\t\t\t\t\t<div class=\"elementor-element elementor-element-25377e1d elementor-widget__width-auto elementor-widget elementor-widget-heading\" data-id=\"25377e1d\" data-element_type=\"widget\" data-e-type=\"widget\" data-widget_type=\"heading.default\">\n\t\t\t\t<div class=\"elementor-widget-container\">\n\t\t\t\t\t<h2 class=\"elementor-heading-title elementor-size-default\">MARYMOUNT<\/h2>\t\t\t\t<\/div>\n\t\t\t\t<\/div>\n\t\t\t\t\t<\/div>\n\t\t<\/div>\n\t\t\t\t\t<\/div>\n\t\t<\/section>\n\t\t\t\t<section class=\"elementor-section elementor-top-section elementor-element elementor-element-6f5fab78 elementor-section-boxed elementor-section-height-default elementor-section-height-default\" data-id=\"6f5fab78\" data-element_type=\"section\" data-e-type=\"section\" data-settings=\"{&quot;jet_parallax_layout_list&quot;:[]}\">\n\t\t\t\t\t\t<div class=\"elementor-container elementor-column-gap-default\">\n\t\t\t\t\t<div class=\"elementor-column elementor-col-100 elementor-top-column elementor-element elementor-element-5a30e910\" data-id=\"5a30e910\" data-element_type=\"column\" data-e-type=\"column\">\n\t\t\t<div class=\"elementor-widget-wrap elementor-element-populated\">\n\t\t\t\t\t\t<div class=\"elementor-element elementor-element-0eadcc7 elementor-widget elementor-widget-text-editor\" data-id=\"0eadcc7\" data-element_type=\"widget\" data-e-type=\"widget\" data-widget_type=\"text-editor.default\">\n\t\t\t\t<div class=\"elementor-widget-container\">\n\t\t\t\t\t\t\t\t\t<p>Tous les \u00e9l\u00e8ves du Qu\u00e9bec inscrits \u00e0 l\u2019enseignement secondaire suivent la formation g\u00e9n\u00e9rale pr\u00e9vue au Programme de formation de l\u2019\u00e9cole qu\u00e9b\u00e9coise approuv\u00e9 par le <a title=\"Le lien externe MEES s&#039;ouvre dans une nouvelle page\" href=\"http:\/\/www.education.gouv.qc.ca\/\" target=\"_blank\" rel=\"noopener\">Minist\u00e8re de l'\u00c9ducation du Qu\u00e9bec (en fran\u00e7ais)<\/a>&nbsp;-&nbsp;<a title=\"Le lien externe MEES s&#039;ouvre dans une nouvelle page\" href=\"http:\/\/www.education.gouv.qc.ca\/\" target=\"_blank\" rel=\"noopener\">Minist\u00e8re de l'\u00c9ducation du Qu\u00e9bec (en anglais)&nbsp;<\/a>.<\/p>\n<p><strong>Le Programme de formation de l\u2019\u00e9cole qu\u00e9b\u00e9coise (PFEQ) est con\u00e7u comme un syst\u00e8me qui s\u2019articule autour de trois \u00e9l\u00e9ments int\u00e9gratifs : domaines g\u00e9n\u00e9raux de formation, comp\u00e9tences transversales et domaines d\u2019apprentissage disciplinaires.<\/strong>&nbsp;Sa structure vise \u00e0 faciliter l\u2019\u00e9tablissement de liens entre les diff\u00e9rentes parties qui le composent.<\/p>\n<h4>Les domaines g\u00e9n\u00e9raux de formation<\/h4>\n<p>Le PFEQ pr\u00e9sente plusieurs domaines g\u00e9n\u00e9raux de formation qui touchent aux probl\u00e9matiques contemporaines auxquelles les jeunes doivent faire face, tant individuellement que collectivement, dans diff\u00e9rentes sph\u00e8res de leur vie. Ces domaines sont porteurs d\u2019enjeux importants pour leur talent et leur cr\u00e9ativit\u00e9.&nbsp;<strong>Cinq domaines ont \u00e9t\u00e9 choisis en fonction de leur importance pour la soci\u00e9t\u00e9 et de leur pertinence pour l\u2019\u00e9ducation des \u00e9l\u00e8ves :<\/strong><\/p>\n<ul>\n<li><strong>Sant\u00e9 et bien-\u00eatre<\/strong><\/li>\n<li><strong>orientation et entrepreneuriat<\/strong><\/li>\n<li><strong>Sensibilisation \u00e0 l'environnement et droits et responsabilt\u00e9s du consommateur<\/strong><\/li>\n<li><strong>\u00c9ducation aux m\u00e9dias<\/strong><\/li>\n<li><strong>Vivre-ensemble et citoyennet\u00e9<\/strong><\/li>\n<\/ul>\n<h4>&nbsp;<\/h4>\n<h4>Les comp\u00e9tences transversales<\/h4>\n<p>Expression de buts communs \u00e0 l\u2019ensemble du curriculum, les comp\u00e9tences transversales font r\u00e9f\u00e9rence \u00e0 des outils de divers ordres essentiels pour permettre \u00e0 l\u2019\u00e9l\u00e8ve de s\u2019adapter \u00e0 des situations vari\u00e9es et de poursuivre ses apprentissages sa vie durant.&nbsp;<strong>Le PFEQ comprend neuf comp\u00e9tences transversales r\u00e9unies en quatre cat\u00e9gories :<\/strong><\/p>\n<ul>\n<li><strong>Ordre intellectuel :<\/strong>&nbsp;exploiter l\u2019information; r\u00e9soudre des probl\u00e8mes; exercer son jugement critique; mettre en \u0153uvre sa pens\u00e9e cr\u00e9atrice<\/li>\n<li><strong>Ordre m\u00e9thodologique<\/strong>: se donner des m\u00e9thodes de travail efficaces; exploiter les technologies de l\u2019information et de la communication<\/li>\n<li><strong>Ordre Personnel et Social :<\/strong>&nbsp;structurer son identit\u00e9; coop\u00e9rer<\/li>\n<li><strong>Ordre de la communication :<\/strong>&nbsp;Communique de fa\u00e7on appropri\u00e9e<\/li>\n<\/ul>\n<h4>&nbsp;<\/h4>\n<h4>Les domaines d'apprentissage disciplinaires<\/h4>\n<p>Les domaines d\u2019apprentissage regroupent les disciplines scolaires (anglais, fran\u00e7ais, math\u00e9matique, etc.) qui ont des affinit\u00e9s et des int\u00e9r\u00eats communs.&nbsp;<strong>La formation g\u00e9n\u00e9rale comprend six domaines d\u2019apprentissage :<\/strong><\/p>\n<ul>\n<li><strong>Langues<\/strong><\/li>\n<li><strong>Math\u00e9matique, science et technologie<\/strong><\/li>\n<li><strong>univers social<\/strong><\/li>\n<li><strong>Arts<\/strong><\/li>\n<li><strong>D\u00e9veloppement personnel<\/strong><\/li>\n<li><strong>D\u00e9veloppement de carri\u00e8re<\/strong><\/li>\n<\/ul>\t\t\t\t\t\t\t\t<\/div>\n\t\t\t\t<\/div>\n\t\t\t\t<div class=\"elementor-element elementor-element-ae85f2d elementor-widget elementor-widget-image\" data-id=\"ae85f2d\" data-element_type=\"widget\" data-e-type=\"widget\" data-widget_type=\"image.default\">\n\t\t\t\t<div class=\"elementor-widget-container\">\n\t\t\t\t\t\t\t\t\t\t\t\t\t\t\t<img decoding=\"async\" width=\"1920\" height=\"350\" src=\"https:\/\/marymount.emsb.qc.ca\/wp-content\/uploads\/sites\/5\/2024\/07\/banner-marymount26.jpg\" class=\"attachment-full size-full wp-image-11209\" alt=\"\" srcset=\"https:\/\/marymount.emsb.qc.ca\/wp-content\/uploads\/sites\/5\/2024\/07\/banner-marymount26.jpg 1920w, https:\/\/marymount.emsb.qc.ca\/wp-content\/uploads\/sites\/5\/2024\/07\/banner-marymount26-300x55.jpg 300w, https:\/\/marymount.emsb.qc.ca\/wp-content\/uploads\/sites\/5\/2024\/07\/banner-marymount26-1024x187.jpg 1024w, https:\/\/marymount.emsb.qc.ca\/wp-content\/uploads\/sites\/5\/2024\/07\/banner-marymount26-768x140.jpg 768w, https:\/\/marymount.emsb.qc.ca\/wp-content\/uploads\/sites\/5\/2024\/07\/banner-marymount26-1536x280.jpg 1536w, https:\/\/marymount.emsb.qc.ca\/wp-content\/uploads\/sites\/5\/2024\/07\/banner-marymount26-18x3.jpg 18w\" sizes=\"(max-width: 1920px) 100vw, 1920px\" \/>\t\t\t\t\t\t\t\t\t\t\t\t\t\t\t<\/div>\n\t\t\t\t<\/div>\n\t\t\t\t<div class=\"elementor-element elementor-element-41b929d elementor-widget elementor-widget-text-editor\" data-id=\"41b929d\" data-element_type=\"widget\" data-e-type=\"widget\" data-widget_type=\"text-editor.default\">\n\t\t\t\t<div class=\"elementor-widget-container\">\n\t\t\t\t\t\t\t\t\t<p class=\"p1\">\u00c0 l'Acad\u00e9mie internationale Marymount, on s'attend \u00e0 ce que les \u00e9l\u00e8ves r\u00e9ussissent leurs \u00e9tudes <b>dans tous les cours <\/b>de la 1\u00e8r \u00e0 la 5e ann\u00e9e du secondaire.<\/p><h4 class=\"p1\"><b>DIPL\u00d4MATION<\/b><\/h4><p>Pour obtenir le dipl\u00f4me d'\u00e9tudes secondaires du Qu\u00e9bec, l'\u00e9l\u00e8ve doit accumuler un total de 54 cr\u00e9dits en 4e et 5e secondaire. La pr\u00e9sente liste d\u00e9crit les conditions d'obtention du dipl\u00f4me selon le Programme de formation de l'\u00e9cole qu\u00e9becoise :<\/p><table class=\"t1\" cellspacing=\"0\" cellpadding=\"0\"><tbody><tr><td class=\"td1\" valign=\"top\"><p class=\"p1\"><b>Cours <\/b><\/p><\/td><td class=\"td1\" valign=\"top\"><p class=\"p1\"><b>Cr\u00e9dits <\/b><\/p><\/td><\/tr><tr><td class=\"td1\" valign=\"top\"><p class=\"p1\">Sec. V Anglais<\/p><\/td><td class=\"td1\" valign=\"top\"><p class=\"p1\">6 cr\u00e9dits<\/p><\/td><\/tr><tr><td class=\"td1\" valign=\"top\"><p class=\"p1\">Sec. V Fran\u00e7ais<\/p><\/td><td class=\"td1\" valign=\"top\"><p class=\"p1\">4 cr\u00e9dits<\/p><\/td><\/tr><tr><td class=\"td1\" valign=\"top\"><p class=\"p1\">Sec. IV Histoire et citoyennet\u00e9<\/p><\/td><td class=\"td1\" valign=\"top\"><p class=\"p1\">4 cr\u00e9dits<\/p><\/td><\/tr><tr><td class=\"td1\" valign=\"top\"><p class=\"p1\">Sec. IV Science et technologie<\/p><\/td><td class=\"td1\" valign=\"top\"><p class=\"p1\">4 ou 6 cr\u00e9dits<\/p><\/td><\/tr><tr><td class=\"td1\" valign=\"top\"><p class=\"p1\">Sec. IV Science et technologie de l'environnement<\/p><\/td><td class=\"td1\" valign=\"top\"><p class=\"p1\">4 cr\u00e9dits<\/p><\/td><\/tr><tr><td class=\"td1\" valign=\"top\"><p class=\"p1\">Sec. IV Math\u00e9matiques<\/p><\/td><td class=\"td1\" valign=\"top\"><p class=\"p1\">4 ou 6 cr\u00e9dits<\/p><\/td><\/tr><tr><td class=\"td1\" valign=\"top\"><p class=\"p2\"><span class=\"s1\">Sec. V <\/span>\u00c9thique et culture religieuse ou \u00c9ducation physique et sant\u00e9<\/p><\/td><td class=\"td1\" valign=\"top\"><p class=\"p1\">2 cr\u00e9dits<\/p><\/td><\/tr><tr><td class=\"td1\" valign=\"top\"><p class=\"p1\">Arts plastiques (arts visuels, musique et\/ou arts dramatiques)<\/p><\/td><td class=\"td1\" valign=\"top\"><p class=\"p1\">2 cr\u00e9dits<\/p><\/td><\/tr><\/tbody><\/table>\t\t\t\t\t\t\t\t<\/div>\n\t\t\t\t<\/div>\n\t\t\t\t\t<\/div>\n\t\t<\/div>\n\t\t\t\t\t<\/div>\n\t\t<\/section>\n\t\t\t\t<\/div>","protected":false},"excerpt":{"rendered":"<p>All high school students in Qu\u00e9bec pursue studies in the approved Minist\u00e8re de l&#8217;\u00c9ducation et Enseignement sup\u00e9rieur (en fran\u00e7ais)&nbsp;&#8211;&nbsp;Minist\u00e8re de l&#8217;\u00c9ducation (English)&nbsp;Quebec Education Program in General Studies. The Quebec Education Program (Q.E.P.) is designed as a system with three integrating elements: broad areas of learning, cross-curricular competencies and subject areas.&nbsp;Its structure is intended to facilitate [&hellip;]<\/p>\n","protected":false},"author":22,"featured_media":0,"parent":0,"menu_order":0,"comment_status":"closed","ping_status":"closed","template":"","meta":{"site-sidebar-layout":"no-sidebar","site-content-layout":"page-builder","ast-site-content-layout":"full-width-container","site-content-style":"unboxed","site-sidebar-style":"unboxed","ast-global-header-display":"","ast-banner-title-visibility":"","ast-main-header-display":"","ast-hfb-above-header-display":"","ast-hfb-below-header-display":"","ast-hfb-mobile-header-display":"","site-post-title":"disabled","ast-breadcrumbs-content":"","ast-featured-img":"disabled","footer-sml-layout":"","ast-disable-related-posts":"","theme-transparent-header-meta":"default","adv-header-id-meta":"","stick-header-meta":"","header-above-stick-meta":"","header-main-stick-meta":"","header-below-stick-meta":"","astra-migrate-meta-layouts":"set","ast-page-background-enabled":"default","ast-page-background-meta":{"desktop":{"background-color":"var(--ast-global-color-4)","background-image":"","background-repeat":"repeat","background-position":"center center","background-size":"auto","background-attachment":"scroll","background-type":"","background-media":"","overlay-type":"","overlay-color":"","overlay-opacity":"","overlay-gradient":""},"tablet":{"background-color":"","background-image":"","background-repeat":"repeat","background-position":"center center","background-size":"auto","background-attachment":"scroll","background-type":"","background-media":"","overlay-type":"","overlay-color":"","overlay-opacity":"","overlay-gradient":""},"mobile":{"background-color":"","background-image":"","background-repeat":"repeat","background-position":"center center","background-size":"auto","background-attachment":"scroll","background-type":"","background-media":"","overlay-type":"","overlay-color":"","overlay-opacity":"","overlay-gradient":""}},"ast-content-background-meta":{"desktop":{"background-color":"var(--ast-global-color-5)","background-image":"","background-repeat":"repeat","background-position":"center center","background-size":"auto","background-attachment":"scroll","background-type":"","background-media":"","overlay-type":"","overlay-color":"","overlay-opacity":"","overlay-gradient":""},"tablet":{"background-color":"var(--ast-global-color-5)","background-image":"","background-repeat":"repeat","background-position":"center center","background-size":"auto","background-attachment":"scroll","background-type":"","background-media":"","overlay-type":"","overlay-color":"","overlay-opacity":"","overlay-gradient":""},"mobile":{"background-color":"var(--ast-global-color-5)","background-image":"","background-repeat":"repeat","background-position":"center center","background-size":"auto","background-attachment":"scroll","background-type":"","background-media":"","overlay-type":"","overlay-color":"","overlay-opacity":"","overlay-gradient":""}},"footnotes":""},"class_list":["post-6958","page","type-page","status-publish","hentry"],"yoast_head":"<!-- This site is optimized with the Yoast SEO plugin v27.4 - https:\/\/yoast.com\/product\/yoast-seo-wordpress\/ -->\n<title>MEQ - Secondary Education - Marymount Academy International<\/title>\n<meta name=\"robots\" content=\"index, follow, max-snippet:-1, max-image-preview:large, max-video-preview:-1\" \/>\n<link rel=\"canonical\" href=\"https:\/\/marymount.emsb.qc.ca\/fr\/meq-secondary-education\/\" \/>\n<meta property=\"og:locale\" content=\"fr_FR\" \/>\n<meta property=\"og:type\" content=\"article\" \/>\n<meta property=\"og:title\" content=\"MEQ - Secondary Education - Marymount Academy International\" \/>\n<meta property=\"og:description\" content=\"All high school students in Qu\u00e9bec pursue studies in the approved Minist\u00e8re de l&#8217;\u00c9ducation et Enseignement sup\u00e9rieur (en fran\u00e7ais)&nbsp;&#8211;&nbsp;Minist\u00e8re de l&#8217;\u00c9ducation (English)&nbsp;Quebec Education Program in General Studies. The Quebec Education Program (Q.E.P.) is designed as a system with three integrating elements: broad areas of learning, cross-curricular competencies and subject areas.&nbsp;Its structure is intended to facilitate [&hellip;]\" \/>\n<meta property=\"og:url\" content=\"https:\/\/marymount.emsb.qc.ca\/fr\/meq-secondary-education\/\" \/>\n<meta property=\"og:site_name\" content=\"Marymount Academy International\" \/>\n<meta property=\"article:modified_time\" content=\"2024-09-05T15:45:07+00:00\" \/>\n<meta property=\"og:image\" content=\"https:\/\/marymount.emsb.qc.ca\/wp-content\/uploads\/sites\/5\/2024\/07\/banner-marymount25-768x140.jpg\" \/>\n<meta name=\"twitter:card\" content=\"summary_large_image\" \/>\n<meta name=\"twitter:label1\" content=\"Dur\u00e9e de lecture estim\u00e9e\" \/>\n\t<meta name=\"twitter:data1\" content=\"2 minutes\" \/>\n<script type=\"application\/ld+json\" class=\"yoast-schema-graph\">{\"@context\":\"https:\\\/\\\/schema.org\",\"@graph\":[{\"@type\":\"WebPage\",\"@id\":\"https:\\\/\\\/marymount.emsb.qc.ca\\\/fr\\\/meq-secondary-education\\\/\",\"url\":\"https:\\\/\\\/marymount.emsb.qc.ca\\\/fr\\\/meq-secondary-education\\\/\",\"name\":\"MEQ - Secondary Education - Marymount Academy International\",\"isPartOf\":{\"@id\":\"https:\\\/\\\/marymount.emsb.qc.ca\\\/#website\"},\"primaryImageOfPage\":{\"@id\":\"https:\\\/\\\/marymount.emsb.qc.ca\\\/fr\\\/meq-secondary-education\\\/#primaryimage\"},\"image\":{\"@id\":\"https:\\\/\\\/marymount.emsb.qc.ca\\\/fr\\\/meq-secondary-education\\\/#primaryimage\"},\"thumbnailUrl\":\"https:\\\/\\\/marymount.emsb.qc.ca\\\/wp-content\\\/uploads\\\/sites\\\/5\\\/2024\\\/07\\\/banner-marymount25-768x140.jpg\",\"datePublished\":\"2023-10-11T19:37:26+00:00\",\"dateModified\":\"2024-09-05T15:45:07+00:00\",\"breadcrumb\":{\"@id\":\"https:\\\/\\\/marymount.emsb.qc.ca\\\/fr\\\/meq-secondary-education\\\/#breadcrumb\"},\"inLanguage\":\"fr-FR\",\"potentialAction\":[{\"@type\":\"ReadAction\",\"target\":[\"https:\\\/\\\/marymount.emsb.qc.ca\\\/fr\\\/meq-secondary-education\\\/\"]}]},{\"@type\":\"ImageObject\",\"inLanguage\":\"fr-FR\",\"@id\":\"https:\\\/\\\/marymount.emsb.qc.ca\\\/fr\\\/meq-secondary-education\\\/#primaryimage\",\"url\":\"https:\\\/\\\/marymount.emsb.qc.ca\\\/wp-content\\\/uploads\\\/sites\\\/5\\\/2024\\\/07\\\/banner-marymount25-768x140.jpg\",\"contentUrl\":\"https:\\\/\\\/marymount.emsb.qc.ca\\\/wp-content\\\/uploads\\\/sites\\\/5\\\/2024\\\/07\\\/banner-marymount25-768x140.jpg\"},{\"@type\":\"BreadcrumbList\",\"@id\":\"https:\\\/\\\/marymount.emsb.qc.ca\\\/fr\\\/meq-secondary-education\\\/#breadcrumb\",\"itemListElement\":[{\"@type\":\"ListItem\",\"position\":1,\"name\":\"Home\",\"item\":\"https:\\\/\\\/marymount.emsb.qc.ca\\\/\"},{\"@type\":\"ListItem\",\"position\":2,\"name\":\"MEQ &#8211; Secondary Education\"}]},{\"@type\":\"WebSite\",\"@id\":\"https:\\\/\\\/marymount.emsb.qc.ca\\\/#website\",\"url\":\"https:\\\/\\\/marymount.emsb.qc.ca\\\/\",\"name\":\"Marymount Academy International\",\"description\":\"Marymount Academy International\",\"publisher\":{\"@id\":\"https:\\\/\\\/marymount.emsb.qc.ca\\\/#organization\"},\"potentialAction\":[{\"@type\":\"SearchAction\",\"target\":{\"@type\":\"EntryPoint\",\"urlTemplate\":\"https:\\\/\\\/marymount.emsb.qc.ca\\\/?s={search_term_string}\"},\"query-input\":{\"@type\":\"PropertyValueSpecification\",\"valueRequired\":true,\"valueName\":\"search_term_string\"}}],\"inLanguage\":\"fr-FR\"},{\"@type\":\"Organization\",\"@id\":\"https:\\\/\\\/marymount.emsb.qc.ca\\\/#organization\",\"name\":\"Marymount Academy International\",\"url\":\"https:\\\/\\\/marymount.emsb.qc.ca\\\/\",\"logo\":{\"@type\":\"ImageObject\",\"inLanguage\":\"fr-FR\",\"@id\":\"https:\\\/\\\/marymount.emsb.qc.ca\\\/#\\\/schema\\\/logo\\\/image\\\/\",\"url\":\"https:\\\/\\\/marymount.emsb.qc.ca\\\/wp-content\\\/uploads\\\/sites\\\/5\\\/2022\\\/01\\\/marymount-logo.jpg\",\"contentUrl\":\"https:\\\/\\\/marymount.emsb.qc.ca\\\/wp-content\\\/uploads\\\/sites\\\/5\\\/2022\\\/01\\\/marymount-logo.jpg\",\"width\":110,\"height\":149,\"caption\":\"Marymount Academy International\"},\"image\":{\"@id\":\"https:\\\/\\\/marymount.emsb.qc.ca\\\/#\\\/schema\\\/logo\\\/image\\\/\"}}]}<\/script>\n<!-- \/ Yoast SEO plugin. -->","yoast_head_json":{"title":"MEQ - Enseignement secondaire - Marymount Academy International","robots":{"index":"index","follow":"follow","max-snippet":"max-snippet:-1","max-image-preview":"max-image-preview:large","max-video-preview":"max-video-preview:-1"},"canonical":"https:\/\/marymount.emsb.qc.ca\/fr\/meq-secondary-education\/","og_locale":"fr_FR","og_type":"article","og_title":"MEQ - Secondary Education - Marymount Academy International","og_description":"All high school students in Qu\u00e9bec pursue studies in the approved Minist\u00e8re de l&#8217;\u00c9ducation et Enseignement sup\u00e9rieur (en fran\u00e7ais)&nbsp;&#8211;&nbsp;Minist\u00e8re de l&#8217;\u00c9ducation (English)&nbsp;Quebec Education Program in General Studies. The Quebec Education Program (Q.E.P.) is designed as a system with three integrating elements: broad areas of learning, cross-curricular competencies and subject areas.&nbsp;Its structure is intended to facilitate [&hellip;]","og_url":"https:\/\/marymount.emsb.qc.ca\/fr\/meq-secondary-education\/","og_site_name":"Marymount Academy International","article_modified_time":"2024-09-05T15:45:07+00:00","og_image":[{"url":"https:\/\/marymount.emsb.qc.ca\/wp-content\/uploads\/sites\/5\/2024\/07\/banner-marymount25-768x140.jpg","type":"","width":"","height":""}],"twitter_card":"summary_large_image","twitter_misc":{"Dur\u00e9e de lecture estim\u00e9e":"2 minutes"},"schema":{"@context":"https:\/\/schema.org","@graph":[{"@type":"WebPage","@id":"https:\/\/marymount.emsb.qc.ca\/fr\/meq-secondary-education\/","url":"https:\/\/marymount.emsb.qc.ca\/fr\/meq-secondary-education\/","name":"MEQ - Enseignement secondaire - Marymount Academy International","isPartOf":{"@id":"https:\/\/marymount.emsb.qc.ca\/#website"},"primaryImageOfPage":{"@id":"https:\/\/marymount.emsb.qc.ca\/fr\/meq-secondary-education\/#primaryimage"},"image":{"@id":"https:\/\/marymount.emsb.qc.ca\/fr\/meq-secondary-education\/#primaryimage"},"thumbnailUrl":"https:\/\/marymount.emsb.qc.ca\/wp-content\/uploads\/sites\/5\/2024\/07\/banner-marymount25-768x140.jpg","datePublished":"2023-10-11T19:37:26+00:00","dateModified":"2024-09-05T15:45:07+00:00","breadcrumb":{"@id":"https:\/\/marymount.emsb.qc.ca\/fr\/meq-secondary-education\/#breadcrumb"},"inLanguage":"fr-FR","potentialAction":[{"@type":"ReadAction","target":["https:\/\/marymount.emsb.qc.ca\/fr\/meq-secondary-education\/"]}]},{"@type":"ImageObject","inLanguage":"fr-FR","@id":"https:\/\/marymount.emsb.qc.ca\/fr\/meq-secondary-education\/#primaryimage","url":"https:\/\/marymount.emsb.qc.ca\/wp-content\/uploads\/sites\/5\/2024\/07\/banner-marymount25-768x140.jpg","contentUrl":"https:\/\/marymount.emsb.qc.ca\/wp-content\/uploads\/sites\/5\/2024\/07\/banner-marymount25-768x140.jpg"},{"@type":"BreadcrumbList","@id":"https:\/\/marymount.emsb.qc.ca\/fr\/meq-secondary-education\/#breadcrumb","itemListElement":[{"@type":"ListItem","position":1,"name":"Home","item":"https:\/\/marymount.emsb.qc.ca\/"},{"@type":"ListItem","position":2,"name":"MEQ &#8211; Secondary Education"}]},{"@type":"WebSite","@id":"https:\/\/marymount.emsb.qc.ca\/#website","url":"https:\/\/marymount.emsb.qc.ca\/","name":"Acad\u00e9mie internationale Marymount","description":"Acad\u00e9mie internationale Marymount","publisher":{"@id":"https:\/\/marymount.emsb.qc.ca\/#organization"},"potentialAction":[{"@type":"SearchAction","target":{"@type":"EntryPoint","urlTemplate":"https:\/\/marymount.emsb.qc.ca\/?s={search_term_string}"},"query-input":{"@type":"PropertyValueSpecification","valueRequired":true,"valueName":"search_term_string"}}],"inLanguage":"fr-FR"},{"@type":"Organization","@id":"https:\/\/marymount.emsb.qc.ca\/#organization","name":"Acad\u00e9mie internationale Marymount","url":"https:\/\/marymount.emsb.qc.ca\/","logo":{"@type":"ImageObject","inLanguage":"fr-FR","@id":"https:\/\/marymount.emsb.qc.ca\/#\/schema\/logo\/image\/","url":"https:\/\/marymount.emsb.qc.ca\/wp-content\/uploads\/sites\/5\/2022\/01\/marymount-logo.jpg","contentUrl":"https:\/\/marymount.emsb.qc.ca\/wp-content\/uploads\/sites\/5\/2022\/01\/marymount-logo.jpg","width":110,"height":149,"caption":"Marymount Academy International"},"image":{"@id":"https:\/\/marymount.emsb.qc.ca\/#\/schema\/logo\/image\/"}}]}},"_links":{"self":[{"href":"https:\/\/marymount.emsb.qc.ca\/fr\/wp-json\/wp\/v2\/pages\/6958","targetHints":{"allow":["GET"]}}],"collection":[{"href":"https:\/\/marymount.emsb.qc.ca\/fr\/wp-json\/wp\/v2\/pages"}],"about":[{"href":"https:\/\/marymount.emsb.qc.ca\/fr\/wp-json\/wp\/v2\/types\/page"}],"author":[{"embeddable":true,"href":"https:\/\/marymount.emsb.qc.ca\/fr\/wp-json\/wp\/v2\/users\/22"}],"replies":[{"embeddable":true,"href":"https:\/\/marymount.emsb.qc.ca\/fr\/wp-json\/wp\/v2\/comments?post=6958"}],"version-history":[{"count":48,"href":"https:\/\/marymount.emsb.qc.ca\/fr\/wp-json\/wp\/v2\/pages\/6958\/revisions"}],"predecessor-version":[{"id":11993,"href":"https:\/\/marymount.emsb.qc.ca\/fr\/wp-json\/wp\/v2\/pages\/6958\/revisions\/11993"}],"wp:attachment":[{"href":"https:\/\/marymount.emsb.qc.ca\/fr\/wp-json\/wp\/v2\/media?parent=6958"}],"curies":[{"name":"wp","href":"https:\/\/api.w.org\/{rel}","templated":true}]}}