
{"id":6940,"date":"2023-10-11T15:21:28","date_gmt":"2023-10-11T19:21:28","guid":{"rendered":"https:\/\/marymount.emsbdev.com\/?page_id=6940"},"modified":"2025-02-11T14:02:43","modified_gmt":"2025-02-11T19:02:43","slug":"uniform","status":"publish","type":"page","link":"https:\/\/marymount.emsb.qc.ca\/fr\/uniform\/","title":{"rendered":"Uniformes scolaires"},"content":{"rendered":"<div data-elementor-type=\"wp-page\" data-elementor-id=\"6940\" class=\"elementor elementor-6940\" data-elementor-post-type=\"page\">\n\t\t\t\t\t\t<section class=\"elementor-section elementor-top-section elementor-element elementor-element-d6a48a7 elementor-section-boxed elementor-section-height-default elementor-section-height-default\" data-id=\"d6a48a7\" data-element_type=\"section\" data-e-type=\"section\" data-settings=\"{&quot;jet_parallax_layout_list&quot;:[]}\">\n\t\t\t\t\t\t<div class=\"elementor-container elementor-column-gap-default\">\n\t\t\t\t\t<div class=\"elementor-column elementor-col-100 elementor-top-column elementor-element elementor-element-58468687\" data-id=\"58468687\" data-element_type=\"column\" data-e-type=\"column\">\n\t\t\t<div class=\"elementor-widget-wrap elementor-element-populated\">\n\t\t\t\t\t\t<div class=\"elementor-element elementor-element-23d4cf5d elementor-widget__width-auto elementor-widget elementor-widget-heading\" data-id=\"23d4cf5d\" data-element_type=\"widget\" data-e-type=\"widget\" data-widget_type=\"heading.default\">\n\t\t\t\t<div class=\"elementor-widget-container\">\n\t\t\t\t\t<h2 class=\"elementor-heading-title elementor-size-default\">MARYMOUNT<\/h2>\t\t\t\t<\/div>\n\t\t\t\t<\/div>\n\t\t\t\t\t<\/div>\n\t\t<\/div>\n\t\t\t\t\t<\/div>\n\t\t<\/section>\n\t\t\t\t<section class=\"elementor-section elementor-top-section elementor-element elementor-element-5a6563b3 elementor-section-boxed elementor-section-height-default elementor-section-height-default\" data-id=\"5a6563b3\" data-element_type=\"section\" data-e-type=\"section\" data-settings=\"{&quot;jet_parallax_layout_list&quot;:[]}\">\n\t\t\t\t\t\t<div class=\"elementor-container elementor-column-gap-default\">\n\t\t\t\t\t<div class=\"elementor-column elementor-col-100 elementor-top-column elementor-element elementor-element-1cd741ac\" data-id=\"1cd741ac\" data-element_type=\"column\" data-e-type=\"column\">\n\t\t\t<div class=\"elementor-widget-wrap elementor-element-populated\">\n\t\t\t\t\t\t<div class=\"elementor-element elementor-element-2c9ca07 elementor-align-left elementor-widget__width-inherit elementor-widget elementor-widget-button\" data-id=\"2c9ca07\" data-element_type=\"widget\" data-e-type=\"widget\" data-widget_type=\"button.default\">\n\t\t\t\t<div class=\"elementor-widget-container\">\n\t\t\t\t\t\t\t\t\t<div class=\"elementor-button-wrapper\">\n\t\t\t\t\t<a class=\"elementor-button elementor-button-link elementor-size-sm\" href=\"https:\/\/marymount.emsb.qc.ca\/wp-content\/uploads\/sites\/5\/2024\/07\/Uniform-letter-New-Students-June-2024.pdf\">\n\t\t\t\t\t\t<span class=\"elementor-button-content-wrapper\">\n\t\t\t\t\t\t\t\t\t<span class=\"elementor-button-text\">Lettre d'information du fournisseur d'uniformes Marymount<\/span>\n\t\t\t\t\t<\/span>\n\t\t\t\t\t<\/a>\n\t\t\t\t<\/div>\n\t\t\t\t\t\t\t\t<\/div>\n\t\t\t\t<\/div>\n\t\t\t\t<div class=\"elementor-element elementor-element-cb8c4d6 elementor-widget elementor-widget-text-editor\" data-id=\"cb8c4d6\" data-element_type=\"widget\" data-e-type=\"widget\" data-widget_type=\"text-editor.default\">\n\t\t\t\t<div class=\"elementor-widget-container\">\n\t\t\t\t\t\t\t\t\t<p>Lorem ipsum dolor sit amet, consectetur adipiscing elit. Ut elit tellus, luctus nec ullamcorper mattis, pulvinar dapibus leo.<\/p>\t\t\t\t\t\t\t\t<\/div>\n\t\t\t\t<\/div>\n\t\t\t\t<section class=\"elementor-section elementor-inner-section elementor-element elementor-element-b064227 elementor-section-boxed elementor-section-height-default elementor-section-height-default\" data-id=\"b064227\" data-element_type=\"section\" data-e-type=\"section\" data-settings=\"{&quot;jet_parallax_layout_list&quot;:[]}\">\n\t\t\t\t\t\t<div class=\"elementor-container elementor-column-gap-default\">\n\t\t\t\t\t<div class=\"elementor-column elementor-col-50 elementor-inner-column elementor-element elementor-element-5abf6fa\" data-id=\"5abf6fa\" data-element_type=\"column\" data-e-type=\"column\">\n\t\t\t<div class=\"elementor-widget-wrap elementor-element-populated\">\n\t\t\t\t\t\t<div class=\"elementor-element elementor-element-5eb00e2 elementor-widget elementor-widget-text-editor\" data-id=\"5eb00e2\" data-element_type=\"widget\" data-e-type=\"widget\" data-widget_type=\"text-editor.default\">\n\t\t\t\t<div class=\"elementor-widget-container\">\n\t\t\t\t\t\t\t\t\tLes \u00e9l\u00e8ves de l'Acad\u00e9mie Marymount portent un uniforme scolaire tous les jours. L'uniforme scolaire se compose des articles suivants :\n<ul>\n \t<li>Polo de Marymount - manches courtes ou longues<\/li>\n \t<li>Chemisier \u00e0 boutons de Marymount - avec cravate<\/li>\n \t<li>Chandail de Marymount - cardigan ou chandail \u00e0 fermeture glissi\u00e8re 1\/4<\/li>\n \t<li>Pantalon noir<\/li>\n \t<li>Jupe noire de Marymount<\/li>\n<\/ul>\n\u00c9ducation physique :\n<ul>\n \t<li>T-shirt de Marymount<\/li>\n \t<li>Short ou pantalon de surv\u00eatement de Marymount<\/li>\n<\/ul>\n<p class=\"p2\"><b>Pour commander l'uniforme de l'\u00e9cole, veuillez consulter le site web ci-dessous :<\/b><\/p>\n<p class=\"p2\"><a href=\"http:\/\/www.proactionuniforms.com\/code=MAR01\" target=\"_blank\"><span style=\"text-decoration: underline;\">http:\/\/www.proactionuniforms.com\/code=MAR01<\/span><\/a><\/p>\n\n<ol>\n \t<li class=\"p3\">Tout d'abord, cr\u00e9ez un compte pour pouvoir voir les articles de l'uniforme (le lien pour cr\u00e9er un compte appara\u00eetra sur la page).<\/li>\n \t<li class=\"p3\">Choisissez les articles et la quantit\u00e9 que vous souhaitez commander, puis envoyez le formulaire.<\/li>\n \t<li class=\"p3\">Les \u00e9l\u00e8ves qui ont besoin d'un ajustement sur mesure peuvent contacter directement le fournisseur pour prendre rendez-vous.<\/li>\n \t<li class=\"p2\">Toutes les commandes seront livr\u00e9es apr\u00e8s le 1er<span class=\"s2\">ao\u00fbt<\/span>mais avant le premier jour d'\u00e9cole. Le fournisseur vous informera de leur arriv\u00e9e.<\/li>\n \t<li class=\"p2\">Il est recommand\u00e9 que les \u00e9l\u00e8ves disposent de quelques articles de la s\u00e9lection (par exemple, 2 polos, 2 pantalons, 2 chandail kangourou\/shorts et t-shirts), mais cela est laiss\u00e9 \u00e0 la discr\u00e9tion des parents.<\/li>\n<\/ol>\nPour les ajustements sur mesure, veuillez appeler directement le fournisseur en uniforme scolaire.\n\n<strong>Uniformes Pro Action<\/strong>\n3544 Rue Ashby\nSaint-Laurent, QC H4R 2C1\n(438) 239-9000\n<p class=\"p1\"><b>Nous vous rappelons ce qui suit : <\/b><\/p>\n<p class=\"p1\">Les \u00e9l\u00e8ves peuvent choisir de porter soit l'option POLO, soit l'option CHEMISE &amp; cravate pour les hauts. Les options chemisier et cravate \u00e9tant progressivement supprim\u00e9es, le nombre de ces articles sera limit\u00e9.<\/p>\n<p class=\"p1\">S'ils choisissent des articles d'uniforme h\u00e9rit\u00e9s, tels que la blouse boutonn\u00e9e, les \u00e9l\u00e8ves doivent porter la cravate qui l'accompagne, correctement ajust\u00e9e au cou, en tout temps.<\/p>\n<p class=\"p1\">Tous les articles doivent porter le logo de l'\u00e9cole Marymount et peuvent \u00eatre achet\u00e9s aupr\u00e8s de notre fournisseur d'uniformes, \u00e0 l'exception du pantalon noir. Les pantalons peuvent \u00eatre achet\u00e9s ailleurs, pour autant qu'ils r\u00e9pondent aux crit\u00e8res :<\/p>\n<p class=\"p1\"><b>Les pantalons DOIVENT \u00eatre des pantalons habill\u00e9s. Les jeans, les pantalons de surv\u00eatement ou autres ne font PAS partie de l'uniforme de l'\u00e9cole et ne sont pas accept\u00e9s \u00e0 l'\u00e9cole. Les pantalons de surv\u00eatement Marymount ne sont PAS des pantalons autoris\u00e9s \u00e0 \u00eatre port\u00e9s dans les classes r\u00e9guli\u00e8res.<\/b><\/p>\n<p class=\"p1\">Si vous avez des questions suppl\u00e9mentaires sur les articles de l'uniforme, ou sur l'uniforme de Marymount et notre code vestimentaire, n'h\u00e9sitez pas \u00e0 nous joindre.<\/p>\t\t\t\t\t\t\t\t<\/div>\n\t\t\t\t<\/div>\n\t\t\t\t\t<\/div>\n\t\t<\/div>\n\t\t\t\t<div class=\"elementor-column elementor-col-50 elementor-inner-column elementor-element elementor-element-ff18333\" data-id=\"ff18333\" data-element_type=\"column\" data-e-type=\"column\">\n\t\t\t<div class=\"elementor-widget-wrap elementor-element-populated\">\n\t\t\t\t\t\t<div class=\"elementor-element elementor-element-7d44a3c elementor-widget elementor-widget-image\" data-id=\"7d44a3c\" data-element_type=\"widget\" data-e-type=\"widget\" data-widget_type=\"image.default\">\n\t\t\t\t<div class=\"elementor-widget-container\">\n\t\t\t\t\t\t\t\t\t\t\t\t\t\t\t<img fetchpriority=\"high\" decoding=\"async\" width=\"204\" height=\"300\" src=\"https:\/\/marymount.emsb.qc.ca\/wp-content\/uploads\/sites\/5\/2024\/05\/MARYMOUNT-s-204x300.png\" class=\"attachment-medium size-medium wp-image-10523\" alt=\"\" srcset=\"https:\/\/marymount.emsb.qc.ca\/wp-content\/uploads\/sites\/5\/2024\/05\/MARYMOUNT-s-204x300.png 204w, https:\/\/marymount.emsb.qc.ca\/wp-content\/uploads\/sites\/5\/2024\/05\/MARYMOUNT-s-8x12.png 8w, https:\/\/marymount.emsb.qc.ca\/wp-content\/uploads\/sites\/5\/2024\/05\/MARYMOUNT-s.png 340w\" sizes=\"(max-width: 204px) 100vw, 204px\" \/>\t\t\t\t\t\t\t\t\t\t\t\t\t\t\t<\/div>\n\t\t\t\t<\/div>\n\t\t\t\t<div class=\"elementor-element elementor-element-c00cf96 elementor-widget elementor-widget-text-editor\" data-id=\"c00cf96\" data-element_type=\"widget\" data-e-type=\"widget\" data-widget_type=\"text-editor.default\">\n\t\t\t\t<div class=\"elementor-widget-container\">\n\t\t\t\t\t\t\t\t\t<p class=\"p2\"><b>Pour commander l'uniforme de l'\u00e9cole, veuillez consulter le site web ci-dessous :<\/b><\/p><p class=\"p2\"><a href=\"http:\/\/www.proactionuniforms.com\/code=MAR01\"><span style=\"text-decoration: underline\">http:\/\/www.proactionuniforms.com\/code=MAR01<\/span><\/a><\/p><p class=\"p2\">Pour les ajustements sur mesure, veuillez appeler directement le fournisseur en uniforme scolaire.<\/p><p><strong>Uniformes Pro Action<\/strong><br \/>3544, Rue Ashby<br \/>Saint-Laurent, QC H4R 2C1<br \/>(438) 239-9000<b><\/b><\/p><p class=\"p1\">Si vous avez des questions suppl\u00e9mentaires sur les articles de l'uniforme, ou sur l'uniforme de Marymount et notre code vestimentaire, n'h\u00e9sitez pas \u00e0 nous joindre.<\/p>\t\t\t\t\t\t\t\t<\/div>\n\t\t\t\t<\/div>\n\t\t\t\t<div class=\"elementor-element elementor-element-c46a012 elementor-align-left elementor-widget__width-inherit elementor-widget elementor-widget-button\" data-id=\"c46a012\" data-element_type=\"widget\" data-e-type=\"widget\" data-widget_type=\"button.default\">\n\t\t\t\t<div class=\"elementor-widget-container\">\n\t\t\t\t\t\t\t\t\t<div class=\"elementor-button-wrapper\">\n\t\t\t\t\t<a class=\"elementor-button elementor-button-link elementor-size-sm\" href=\"https:\/\/marymount.emsb.qc.ca\/wp-content\/uploads\/sites\/5\/2024\/07\/Uniform-letter-New-Students-June-2024.pdf\" target=\"_blank\">\n\t\t\t\t\t\t<span class=\"elementor-button-content-wrapper\">\n\t\t\t\t\t\t\t\t\t<span class=\"elementor-button-text\">Lettre d'information du fournisseur d'uniformes Marymount<\/span>\n\t\t\t\t\t<\/span>\n\t\t\t\t\t<\/a>\n\t\t\t\t<\/div>\n\t\t\t\t\t\t\t\t<\/div>\n\t\t\t\t<\/div>\n\t\t\t\t\t<\/div>\n\t\t<\/div>\n\t\t\t\t\t<\/div>\n\t\t<\/section>\n\t\t\t\t\t<\/div>\n\t\t<\/div>\n\t\t\t\t\t<\/div>\n\t\t<\/section>\n\t\t\t\t<\/div>","protected":false},"excerpt":{"rendered":"<p>Marymount Uniform Supplier Informational Letter Lorem ipsum dolor sit amet, consectetur adipiscing elit. Ut elit tellus, luctus nec ullamcorper mattis, pulvinar dapibus leo. Students at Marymount Academy wear a uniform to school every day. The school uniform consists of the following items: Marymount Polo &#8211; short or long sleeve Marymount Button up blouse &#8211; with [&hellip;]<\/p>\n","protected":false},"author":8,"featured_media":0,"parent":0,"menu_order":0,"comment_status":"closed","ping_status":"closed","template":"","meta":{"site-sidebar-layout":"no-sidebar","site-content-layout":"page-builder","ast-site-content-layout":"default","site-content-style":"default","site-sidebar-style":"default","ast-global-header-display":"","ast-banner-title-visibility":"","ast-main-header-display":"","ast-hfb-above-header-display":"","ast-hfb-below-header-display":"","ast-hfb-mobile-header-display":"","site-post-title":"disabled","ast-breadcrumbs-content":"","ast-featured-img":"disabled","footer-sml-layout":"","ast-disable-related-posts":"","theme-transparent-header-meta":"default","adv-header-id-meta":"","stick-header-meta":"","header-above-stick-meta":"","header-main-stick-meta":"","header-below-stick-meta":"","astra-migrate-meta-layouts":"set","ast-page-background-enabled":"default","ast-page-background-meta":{"desktop":{"background-color":"var(--ast-global-color-4)","background-image":"","background-repeat":"repeat","background-position":"center center","background-size":"auto","background-attachment":"scroll","background-type":"","background-media":"","overlay-type":"","overlay-color":"","overlay-opacity":"","overlay-gradient":""},"tablet":{"background-color":"","background-image":"","background-repeat":"repeat","background-position":"center center","background-size":"auto","background-attachment":"scroll","background-type":"","background-media":"","overlay-type":"","overlay-color":"","overlay-opacity":"","overlay-gradient":""},"mobile":{"background-color":"","background-image":"","background-repeat":"repeat","background-position":"center center","background-size":"auto","background-attachment":"scroll","background-type":"","background-media":"","overlay-type":"","overlay-color":"","overlay-opacity":"","overlay-gradient":""}},"ast-content-background-meta":{"desktop":{"background-color":"var(--ast-global-color-5)","background-image":"","background-repeat":"repeat","background-position":"center center","background-size":"auto","background-attachment":"scroll","background-type":"","background-media":"","overlay-type":"","overlay-color":"","overlay-opacity":"","overlay-gradient":""},"tablet":{"background-color":"var(--ast-global-color-5)","background-image":"","background-repeat":"repeat","background-position":"center center","background-size":"auto","background-attachment":"scroll","background-type":"","background-media":"","overlay-type":"","overlay-color":"","overlay-opacity":"","overlay-gradient":""},"mobile":{"background-color":"var(--ast-global-color-5)","background-image":"","background-repeat":"repeat","background-position":"center center","background-size":"auto","background-attachment":"scroll","background-type":"","background-media":"","overlay-type":"","overlay-color":"","overlay-opacity":"","overlay-gradient":""}},"footnotes":""},"class_list":["post-6940","page","type-page","status-publish","hentry"],"yoast_head":"<!-- This site is optimized with the Yoast SEO plugin v27.3 - https:\/\/yoast.com\/product\/yoast-seo-wordpress\/ -->\n<title>School Uniform - Marymount Academy International<\/title>\n<meta name=\"robots\" content=\"index, follow, max-snippet:-1, max-image-preview:large, max-video-preview:-1\" \/>\n<link rel=\"canonical\" href=\"https:\/\/marymount.emsb.qc.ca\/fr\/uniform\/\" \/>\n<meta property=\"og:locale\" content=\"fr_FR\" \/>\n<meta property=\"og:type\" content=\"article\" \/>\n<meta property=\"og:title\" content=\"School Uniform - Marymount Academy International\" \/>\n<meta property=\"og:description\" content=\"Marymount Uniform Supplier Informational Letter Lorem ipsum dolor sit amet, consectetur adipiscing elit. Ut elit tellus, luctus nec ullamcorper mattis, pulvinar dapibus leo. Students at Marymount Academy wear a uniform to school every day. The school uniform consists of the following items: Marymount Polo &#8211; short or long sleeve Marymount Button up blouse &#8211; with [&hellip;]\" \/>\n<meta property=\"og:url\" content=\"https:\/\/marymount.emsb.qc.ca\/fr\/uniform\/\" \/>\n<meta property=\"og:site_name\" content=\"Marymount Academy International\" \/>\n<meta property=\"article:modified_time\" content=\"2025-02-11T19:02:43+00:00\" \/>\n<meta property=\"og:image\" content=\"https:\/\/marymount.emsb.qc.ca\/wp-content\/uploads\/sites\/5\/2024\/05\/MARYMOUNT-s.png\" \/>\n\t<meta property=\"og:image:width\" content=\"340\" \/>\n\t<meta property=\"og:image:height\" content=\"499\" \/>\n\t<meta property=\"og:image:type\" content=\"image\/png\" \/>\n<meta name=\"twitter:card\" content=\"summary_large_image\" \/>\n<meta name=\"twitter:label1\" content=\"Dur\u00e9e de lecture estim\u00e9e\" \/>\n\t<meta name=\"twitter:data1\" content=\"3 minutes\" \/>\n<script type=\"application\/ld+json\" class=\"yoast-schema-graph\">{\"@context\":\"https:\\\/\\\/schema.org\",\"@graph\":[{\"@type\":\"WebPage\",\"@id\":\"https:\\\/\\\/marymount.emsb.qc.ca\\\/uniform\\\/\",\"url\":\"https:\\\/\\\/marymount.emsb.qc.ca\\\/uniform\\\/\",\"name\":\"School Uniform - Marymount Academy International\",\"isPartOf\":{\"@id\":\"https:\\\/\\\/marymount.emsb.qc.ca\\\/#website\"},\"primaryImageOfPage\":{\"@id\":\"https:\\\/\\\/marymount.emsb.qc.ca\\\/uniform\\\/#primaryimage\"},\"image\":{\"@id\":\"https:\\\/\\\/marymount.emsb.qc.ca\\\/uniform\\\/#primaryimage\"},\"thumbnailUrl\":\"https:\\\/\\\/marymount.emsb.qc.ca\\\/wp-content\\\/uploads\\\/sites\\\/5\\\/2024\\\/05\\\/MARYMOUNT-s-204x300.png\",\"datePublished\":\"2023-10-11T19:21:28+00:00\",\"dateModified\":\"2025-02-11T19:02:43+00:00\",\"breadcrumb\":{\"@id\":\"https:\\\/\\\/marymount.emsb.qc.ca\\\/uniform\\\/#breadcrumb\"},\"inLanguage\":\"fr-FR\",\"potentialAction\":[{\"@type\":\"ReadAction\",\"target\":[\"https:\\\/\\\/marymount.emsb.qc.ca\\\/uniform\\\/\"]}]},{\"@type\":\"ImageObject\",\"inLanguage\":\"fr-FR\",\"@id\":\"https:\\\/\\\/marymount.emsb.qc.ca\\\/uniform\\\/#primaryimage\",\"url\":\"https:\\\/\\\/marymount.emsb.qc.ca\\\/wp-content\\\/uploads\\\/sites\\\/5\\\/2024\\\/05\\\/MARYMOUNT-s-204x300.png\",\"contentUrl\":\"https:\\\/\\\/marymount.emsb.qc.ca\\\/wp-content\\\/uploads\\\/sites\\\/5\\\/2024\\\/05\\\/MARYMOUNT-s-204x300.png\"},{\"@type\":\"BreadcrumbList\",\"@id\":\"https:\\\/\\\/marymount.emsb.qc.ca\\\/uniform\\\/#breadcrumb\",\"itemListElement\":[{\"@type\":\"ListItem\",\"position\":1,\"name\":\"Home\",\"item\":\"https:\\\/\\\/marymount.emsb.qc.ca\\\/\"},{\"@type\":\"ListItem\",\"position\":2,\"name\":\"School Uniform\"}]},{\"@type\":\"WebSite\",\"@id\":\"https:\\\/\\\/marymount.emsb.qc.ca\\\/#website\",\"url\":\"https:\\\/\\\/marymount.emsb.qc.ca\\\/\",\"name\":\"Marymount Academy International\",\"description\":\"Marymount Academy International\",\"publisher\":{\"@id\":\"https:\\\/\\\/marymount.emsb.qc.ca\\\/#organization\"},\"potentialAction\":[{\"@type\":\"SearchAction\",\"target\":{\"@type\":\"EntryPoint\",\"urlTemplate\":\"https:\\\/\\\/marymount.emsb.qc.ca\\\/?s={search_term_string}\"},\"query-input\":{\"@type\":\"PropertyValueSpecification\",\"valueRequired\":true,\"valueName\":\"search_term_string\"}}],\"inLanguage\":\"fr-FR\"},{\"@type\":\"Organization\",\"@id\":\"https:\\\/\\\/marymount.emsb.qc.ca\\\/#organization\",\"name\":\"Marymount Academy International\",\"url\":\"https:\\\/\\\/marymount.emsb.qc.ca\\\/\",\"logo\":{\"@type\":\"ImageObject\",\"inLanguage\":\"fr-FR\",\"@id\":\"https:\\\/\\\/marymount.emsb.qc.ca\\\/#\\\/schema\\\/logo\\\/image\\\/\",\"url\":\"https:\\\/\\\/marymount.emsb.qc.ca\\\/wp-content\\\/uploads\\\/sites\\\/5\\\/2022\\\/01\\\/marymount-logo.jpg\",\"contentUrl\":\"https:\\\/\\\/marymount.emsb.qc.ca\\\/wp-content\\\/uploads\\\/sites\\\/5\\\/2022\\\/01\\\/marymount-logo.jpg\",\"width\":110,\"height\":149,\"caption\":\"Marymount Academy International\"},\"image\":{\"@id\":\"https:\\\/\\\/marymount.emsb.qc.ca\\\/#\\\/schema\\\/logo\\\/image\\\/\"}}]}<\/script>\n<!-- \/ Yoast SEO plugin. -->","yoast_head_json":{"title":"Uniforme scolaire - Marymount Academy International","robots":{"index":"index","follow":"follow","max-snippet":"max-snippet:-1","max-image-preview":"max-image-preview:large","max-video-preview":"max-video-preview:-1"},"canonical":"https:\/\/marymount.emsb.qc.ca\/fr\/uniform\/","og_locale":"fr_FR","og_type":"article","og_title":"School Uniform - Marymount Academy International","og_description":"Marymount Uniform Supplier Informational Letter Lorem ipsum dolor sit amet, consectetur adipiscing elit. Ut elit tellus, luctus nec ullamcorper mattis, pulvinar dapibus leo. Students at Marymount Academy wear a uniform to school every day. The school uniform consists of the following items: Marymount Polo &#8211; short or long sleeve Marymount Button up blouse &#8211; with [&hellip;]","og_url":"https:\/\/marymount.emsb.qc.ca\/fr\/uniform\/","og_site_name":"Marymount Academy International","article_modified_time":"2025-02-11T19:02:43+00:00","og_image":[{"width":340,"height":499,"url":"https:\/\/marymount.emsb.qc.ca\/wp-content\/uploads\/sites\/5\/2024\/05\/MARYMOUNT-s.png","type":"image\/png"}],"twitter_card":"summary_large_image","twitter_misc":{"Dur\u00e9e de lecture estim\u00e9e":"3 minutes"},"schema":{"@context":"https:\/\/schema.org","@graph":[{"@type":"WebPage","@id":"https:\/\/marymount.emsb.qc.ca\/uniform\/","url":"https:\/\/marymount.emsb.qc.ca\/uniform\/","name":"Uniforme scolaire - Marymount Academy International","isPartOf":{"@id":"https:\/\/marymount.emsb.qc.ca\/#website"},"primaryImageOfPage":{"@id":"https:\/\/marymount.emsb.qc.ca\/uniform\/#primaryimage"},"image":{"@id":"https:\/\/marymount.emsb.qc.ca\/uniform\/#primaryimage"},"thumbnailUrl":"https:\/\/marymount.emsb.qc.ca\/wp-content\/uploads\/sites\/5\/2024\/05\/MARYMOUNT-s-204x300.png","datePublished":"2023-10-11T19:21:28+00:00","dateModified":"2025-02-11T19:02:43+00:00","breadcrumb":{"@id":"https:\/\/marymount.emsb.qc.ca\/uniform\/#breadcrumb"},"inLanguage":"fr-FR","potentialAction":[{"@type":"ReadAction","target":["https:\/\/marymount.emsb.qc.ca\/uniform\/"]}]},{"@type":"ImageObject","inLanguage":"fr-FR","@id":"https:\/\/marymount.emsb.qc.ca\/uniform\/#primaryimage","url":"https:\/\/marymount.emsb.qc.ca\/wp-content\/uploads\/sites\/5\/2024\/05\/MARYMOUNT-s-204x300.png","contentUrl":"https:\/\/marymount.emsb.qc.ca\/wp-content\/uploads\/sites\/5\/2024\/05\/MARYMOUNT-s-204x300.png"},{"@type":"BreadcrumbList","@id":"https:\/\/marymount.emsb.qc.ca\/uniform\/#breadcrumb","itemListElement":[{"@type":"ListItem","position":1,"name":"Home","item":"https:\/\/marymount.emsb.qc.ca\/"},{"@type":"ListItem","position":2,"name":"School Uniform"}]},{"@type":"WebSite","@id":"https:\/\/marymount.emsb.qc.ca\/#website","url":"https:\/\/marymount.emsb.qc.ca\/","name":"Acad\u00e9mie internationale Marymount","description":"Acad\u00e9mie internationale Marymount","publisher":{"@id":"https:\/\/marymount.emsb.qc.ca\/#organization"},"potentialAction":[{"@type":"SearchAction","target":{"@type":"EntryPoint","urlTemplate":"https:\/\/marymount.emsb.qc.ca\/?s={search_term_string}"},"query-input":{"@type":"PropertyValueSpecification","valueRequired":true,"valueName":"search_term_string"}}],"inLanguage":"fr-FR"},{"@type":"Organization","@id":"https:\/\/marymount.emsb.qc.ca\/#organization","name":"Acad\u00e9mie internationale Marymount","url":"https:\/\/marymount.emsb.qc.ca\/","logo":{"@type":"ImageObject","inLanguage":"fr-FR","@id":"https:\/\/marymount.emsb.qc.ca\/#\/schema\/logo\/image\/","url":"https:\/\/marymount.emsb.qc.ca\/wp-content\/uploads\/sites\/5\/2022\/01\/marymount-logo.jpg","contentUrl":"https:\/\/marymount.emsb.qc.ca\/wp-content\/uploads\/sites\/5\/2022\/01\/marymount-logo.jpg","width":110,"height":149,"caption":"Marymount Academy International"},"image":{"@id":"https:\/\/marymount.emsb.qc.ca\/#\/schema\/logo\/image\/"}}]}},"_links":{"self":[{"href":"https:\/\/marymount.emsb.qc.ca\/fr\/wp-json\/wp\/v2\/pages\/6940","targetHints":{"allow":["GET"]}}],"collection":[{"href":"https:\/\/marymount.emsb.qc.ca\/fr\/wp-json\/wp\/v2\/pages"}],"about":[{"href":"https:\/\/marymount.emsb.qc.ca\/fr\/wp-json\/wp\/v2\/types\/page"}],"author":[{"embeddable":true,"href":"https:\/\/marymount.emsb.qc.ca\/fr\/wp-json\/wp\/v2\/users\/8"}],"replies":[{"embeddable":true,"href":"https:\/\/marymount.emsb.qc.ca\/fr\/wp-json\/wp\/v2\/comments?post=6940"}],"version-history":[{"count":37,"href":"https:\/\/marymount.emsb.qc.ca\/fr\/wp-json\/wp\/v2\/pages\/6940\/revisions"}],"predecessor-version":[{"id":12551,"href":"https:\/\/marymount.emsb.qc.ca\/fr\/wp-json\/wp\/v2\/pages\/6940\/revisions\/12551"}],"wp:attachment":[{"href":"https:\/\/marymount.emsb.qc.ca\/fr\/wp-json\/wp\/v2\/media?parent=6940"}],"curies":[{"name":"wp","href":"https:\/\/api.w.org\/{rel}","templated":true}]}}