
{"id":6767,"date":"2023-09-27T13:54:30","date_gmt":"2023-09-27T17:54:30","guid":{"rendered":"https:\/\/marymount.emsbdev.com\/?page_id=6767"},"modified":"2024-09-05T11:46:47","modified_gmt":"2024-09-05T15:46:47","slug":"code-of-conduct","status":"publish","type":"page","link":"https:\/\/marymount.emsb.qc.ca\/fr\/code-of-conduct\/","title":{"rendered":"Code de vie"},"content":{"rendered":"<div data-elementor-type=\"wp-page\" data-elementor-id=\"6767\" class=\"elementor elementor-6767\" data-elementor-post-type=\"page\">\n\t\t\t\t\t\t<section class=\"elementor-section elementor-top-section elementor-element elementor-element-67ec0874 elementor-section-boxed elementor-section-height-default elementor-section-height-default\" data-id=\"67ec0874\" data-element_type=\"section\" data-e-type=\"section\" data-settings=\"{&quot;jet_parallax_layout_list&quot;:[]}\">\n\t\t\t\t\t\t<div class=\"elementor-container elementor-column-gap-default\">\n\t\t\t\t\t<div class=\"elementor-column elementor-col-100 elementor-top-column elementor-element elementor-element-1ed95b6d\" data-id=\"1ed95b6d\" data-element_type=\"column\" data-e-type=\"column\">\n\t\t\t<div class=\"elementor-widget-wrap elementor-element-populated\">\n\t\t\t\t\t\t<div class=\"elementor-element elementor-element-54eb1636 elementor-widget__width-auto elementor-widget elementor-widget-heading\" data-id=\"54eb1636\" data-element_type=\"widget\" data-e-type=\"widget\" data-widget_type=\"heading.default\">\n\t\t\t\t<div class=\"elementor-widget-container\">\n\t\t\t\t\t<h2 class=\"elementor-heading-title elementor-size-default\">MARYMOUNT<\/h2>\t\t\t\t<\/div>\n\t\t\t\t<\/div>\n\t\t\t\t\t<\/div>\n\t\t<\/div>\n\t\t\t\t\t<\/div>\n\t\t<\/section>\n\t\t\t\t<section class=\"elementor-section elementor-top-section elementor-element elementor-element-49a44084 elementor-section-boxed elementor-section-height-default elementor-section-height-default\" data-id=\"49a44084\" data-element_type=\"section\" data-e-type=\"section\" data-settings=\"{&quot;jet_parallax_layout_list&quot;:[]}\">\n\t\t\t\t\t\t<div class=\"elementor-container elementor-column-gap-default\">\n\t\t\t\t\t<div class=\"elementor-column elementor-col-100 elementor-top-column elementor-element elementor-element-1fa7d5d0\" data-id=\"1fa7d5d0\" data-element_type=\"column\" data-e-type=\"column\">\n\t\t\t<div class=\"elementor-widget-wrap elementor-element-populated\">\n\t\t\t\t\t\t<div class=\"elementor-element elementor-element-6504f9d elementor-widget elementor-widget-text-editor\" data-id=\"6504f9d\" data-element_type=\"widget\" data-e-type=\"widget\" data-widget_type=\"text-editor.default\">\n\t\t\t\t<div class=\"elementor-widget-container\">\n\t\t\t\t\t\t\t\t\t<p>Les \u00e9l\u00e8ves sont tenus d'adh\u00e9rer au Code de vie de la CSEM. Le Code de vie de Marymount vient renforcer ce dernier et contribue au d\u00e9veloppement de la communaut\u00e9 de Marymount. En outre, un Code d'apprentissage a \u00e9t\u00e9 \u00e9tabli pour aider les \u00e9l\u00e8ves et le personnel \u00e0 promouvoir un environnement scolaire qui enrichit l'exp\u00e9rience d'apprentissage de tous les participants. Vous trouverez plus de d\u00e9tails sur ces deux codes dans les pages suivantes.<\/p>\t\t\t\t\t\t\t\t<\/div>\n\t\t\t\t<\/div>\n\t\t\t\t<div class=\"elementor-element elementor-element-81c107e elementor-widget elementor-widget-heading\" data-id=\"81c107e\" data-element_type=\"widget\" data-e-type=\"widget\" data-widget_type=\"heading.default\">\n\t\t\t\t<div class=\"elementor-widget-container\">\n\t\t\t\t\t<h2 class=\"elementor-heading-title elementor-size-default\">Code de vie de l'Acad\u00e9mie internationale Marymount<\/h2>\t\t\t\t<\/div>\n\t\t\t\t<\/div>\n\t\t\t\t<div class=\"elementor-element elementor-element-3fa1d7e elementor-widget elementor-widget-text-editor\" data-id=\"3fa1d7e\" data-element_type=\"widget\" data-e-type=\"widget\" data-widget_type=\"text-editor.default\">\n\t\t\t\t<div class=\"elementor-widget-container\">\n\t\t\t\t\t\t\t\t\t<p><strong>Je me conduirai avec la plus grande int\u00e9grit\u00e9 tout au long de mon parcours au sein de l'Acad\u00e9mie internationale Marymount. Plus pr\u00e9cis\u00e9ment, je m'engage \u00e0 :<\/strong><\/p><ul><li>Ne soumettre que des travaux originaux, en citant les auteurs le cas \u00e9ch\u00e9ant;<\/li><li>Ne pas donner ou recevoir d'aide non autoris\u00e9e lors des examens ou des travaux;<\/li><li>Me comporter de mani\u00e8re honn\u00eate vis-\u00e0-vis des membres de la communaut\u00e9 de Marymount.<\/li><li>Repr\u00e9senter convenablement Marymount dans le monde ext\u00e9rieur.<\/li><\/ul><p><strong>Je traiterai tous les membres de la communaut\u00e9 de l'Acad\u00e9mie internationale Marymount avec respect et civilit\u00e9. Plus pr\u00e9cis\u00e9ment, je m'engage \u00e0<\/strong><\/p><ul><li>Respecter les droits et les biens d'autrui;<\/li><li>Travailler activement \u00e0 am\u00e9liorer l'exp\u00e9rience d'apprentissage des autres ainsi que la mienne;<\/li><li>Ne se livrera jamais \u00e0 des attaques personnelles contre d'autres \u00e9l\u00e8ves, enseignants ou membres du personnel; et<\/li><li>Ne publiera ni ne distribuera jamais de mat\u00e9riel ou de messages offensants sur Internet ou dans tout autre format.<\/li><\/ul>\t\t\t\t\t\t\t\t<\/div>\n\t\t\t\t<\/div>\n\t\t\t\t<div class=\"elementor-element elementor-element-23dc2ba elementor-widget elementor-widget-heading\" data-id=\"23dc2ba\" data-element_type=\"widget\" data-e-type=\"widget\" data-widget_type=\"heading.default\">\n\t\t\t\t<div class=\"elementor-widget-container\">\n\t\t\t\t\t<h2 class=\"elementor-heading-title elementor-size-default\">Le code d'apprentissage de l'Acad\u00e9mie internationale Marymount<\/h2>\t\t\t\t<\/div>\n\t\t\t\t<\/div>\n\t\t\t\t<div class=\"elementor-element elementor-element-f83fc7e elementor-widget elementor-widget-text-editor\" data-id=\"f83fc7e\" data-element_type=\"widget\" data-e-type=\"widget\" data-widget_type=\"text-editor.default\">\n\t\t\t\t<div class=\"elementor-widget-container\">\n\t\t\t\t\t\t\t\t\t<p><strong>Je m'investirai pleinement dans le programme d'\u00e9tudes de l'Acad\u00e9mie internationale Marymount en adoptant une attitude studieuse. Je m'engage \u00e0 : <\/strong><\/p><ul><li>Arriver en classe avec le mat\u00e9riel et les livres ad\u00e9quats<\/li><li>Se pr\u00e9parer minutieusement \u00e0 la classe en faisant tous les devoirs requis.<\/li><li>Arriver \u00e0 l'heure en classe et y rester pendant toute la dur\u00e9e du cours.<\/li><li>Participer activement aux discussions en classe<\/li><li>Reconna\u00eetre que la classe est sous la responsabilit\u00e9 de l'enseignant, qui peut d\u00e9finir des attentes sp\u00e9cifiques \u00e0 l'\u00e9gard des \u00e9l\u00e8ves.<\/li><li>Pr\u00e9venir l'\u00e9cole en cas d'absence, d'arriv\u00e9e tardive ou de d\u00e9part h\u00e2tif.<\/li><li>Assistez non seulement aux cours en classe, mais aussi aux \u00e9v\u00e9nements organis\u00e9s en dehors de la classe, tels que les tutorats, les activit\u00e9s parascolaires et les sorties scolaires.<\/li><\/ul>\t\t\t\t\t\t\t\t<\/div>\n\t\t\t\t<\/div>\n\t\t\t\t<div class=\"elementor-element elementor-element-f7b0a39 elementor-align-justify elementor-widget__width-inherit elementor-widget elementor-widget-button\" data-id=\"f7b0a39\" data-element_type=\"widget\" data-e-type=\"widget\" data-widget_type=\"button.default\">\n\t\t\t\t<div class=\"elementor-widget-container\">\n\t\t\t\t\t\t\t\t\t<div class=\"elementor-button-wrapper\">\n\t\t\t\t\t<a class=\"elementor-button elementor-button-link elementor-size-sm\" href=\"https:\/\/marymount.emsb.qc.ca\/wp-content\/uploads\/sites\/5\/2024\/07\/Welcome-to-Marymount-2024-2025.pdf\" target=\"_blank\">\n\t\t\t\t\t\t<span class=\"elementor-button-content-wrapper\">\n\t\t\t\t\t\t\t\t\t<span class=\"elementor-button-text\">Plus d'informations - Agenda de l'\u00e9l\u00e8ve de Marymount<\/span>\n\t\t\t\t\t<\/span>\n\t\t\t\t\t<\/a>\n\t\t\t\t<\/div>\n\t\t\t\t\t\t\t\t<\/div>\n\t\t\t\t<\/div>\n\t\t\t\t\t<\/div>\n\t\t<\/div>\n\t\t\t\t\t<\/div>\n\t\t<\/section>\n\t\t\t\t<\/div>","protected":false},"excerpt":{"rendered":"<p>Students are expected to adhere to the EMSB\u2019s Code of Conduct. The Marymount Code of Conduct is intended to supplement it and help the development of the Marymount community. In addition, the Code of Learning has been established to assist students and staff alike to foster appreciation for a classroom environment that enhances the learning [&hellip;]<\/p>\n","protected":false},"author":8,"featured_media":0,"parent":0,"menu_order":0,"comment_status":"closed","ping_status":"closed","template":"","meta":{"site-sidebar-layout":"no-sidebar","site-content-layout":"page-builder","ast-site-content-layout":"default","site-content-style":"default","site-sidebar-style":"default","ast-global-header-display":"","ast-banner-title-visibility":"","ast-main-header-display":"","ast-hfb-above-header-display":"","ast-hfb-below-header-display":"","ast-hfb-mobile-header-display":"","site-post-title":"disabled","ast-breadcrumbs-content":"","ast-featured-img":"disabled","footer-sml-layout":"","ast-disable-related-posts":"","theme-transparent-header-meta":"default","adv-header-id-meta":"","stick-header-meta":"","header-above-stick-meta":"","header-main-stick-meta":"","header-below-stick-meta":"","astra-migrate-meta-layouts":"set","ast-page-background-enabled":"default","ast-page-background-meta":{"desktop":{"background-color":"var(--ast-global-color-4)","background-image":"","background-repeat":"repeat","background-position":"center center","background-size":"auto","background-attachment":"scroll","background-type":"","background-media":"","overlay-type":"","overlay-color":"","overlay-opacity":"","overlay-gradient":""},"tablet":{"background-color":"","background-image":"","background-repeat":"repeat","background-position":"center center","background-size":"auto","background-attachment":"scroll","background-type":"","background-media":"","overlay-type":"","overlay-color":"","overlay-opacity":"","overlay-gradient":""},"mobile":{"background-color":"","background-image":"","background-repeat":"repeat","background-position":"center center","background-size":"auto","background-attachment":"scroll","background-type":"","background-media":"","overlay-type":"","overlay-color":"","overlay-opacity":"","overlay-gradient":""}},"ast-content-background-meta":{"desktop":{"background-color":"var(--ast-global-color-5)","background-image":"","background-repeat":"repeat","background-position":"center center","background-size":"auto","background-attachment":"scroll","background-type":"","background-media":"","overlay-type":"","overlay-color":"","overlay-opacity":"","overlay-gradient":""},"tablet":{"background-color":"var(--ast-global-color-5)","background-image":"","background-repeat":"repeat","background-position":"center center","background-size":"auto","background-attachment":"scroll","background-type":"","background-media":"","overlay-type":"","overlay-color":"","overlay-opacity":"","overlay-gradient":""},"mobile":{"background-color":"var(--ast-global-color-5)","background-image":"","background-repeat":"repeat","background-position":"center center","background-size":"auto","background-attachment":"scroll","background-type":"","background-media":"","overlay-type":"","overlay-color":"","overlay-opacity":"","overlay-gradient":""}},"footnotes":""},"class_list":["post-6767","page","type-page","status-publish","hentry"],"yoast_head":"<!-- This site is optimized with the Yoast SEO plugin v27.4 - https:\/\/yoast.com\/product\/yoast-seo-wordpress\/ -->\n<title>Code of Conduct - Marymount Academy International<\/title>\n<meta name=\"robots\" content=\"index, follow, max-snippet:-1, max-image-preview:large, max-video-preview:-1\" \/>\n<link rel=\"canonical\" href=\"https:\/\/marymount.emsb.qc.ca\/fr\/code-of-conduct\/\" \/>\n<meta property=\"og:locale\" content=\"fr_FR\" \/>\n<meta property=\"og:type\" content=\"article\" \/>\n<meta property=\"og:title\" content=\"Code of Conduct - Marymount Academy International\" \/>\n<meta property=\"og:description\" content=\"Students are expected to adhere to the EMSB\u2019s Code of Conduct. The Marymount Code of Conduct is intended to supplement it and help the development of the Marymount community. In addition, the Code of Learning has been established to assist students and staff alike to foster appreciation for a classroom environment that enhances the learning [&hellip;]\" \/>\n<meta property=\"og:url\" content=\"https:\/\/marymount.emsb.qc.ca\/fr\/code-of-conduct\/\" \/>\n<meta property=\"og:site_name\" content=\"Marymount Academy International\" \/>\n<meta property=\"article:modified_time\" content=\"2024-09-05T15:46:47+00:00\" \/>\n<meta name=\"twitter:card\" content=\"summary_large_image\" \/>\n<meta name=\"twitter:label1\" content=\"Dur\u00e9e de lecture estim\u00e9e\" \/>\n\t<meta name=\"twitter:data1\" content=\"2 minutes\" \/>\n<script type=\"application\/ld+json\" class=\"yoast-schema-graph\">{\"@context\":\"https:\\\/\\\/schema.org\",\"@graph\":[{\"@type\":\"WebPage\",\"@id\":\"https:\\\/\\\/marymount.emsb.qc.ca\\\/fr\\\/code-of-conduct\\\/\",\"url\":\"https:\\\/\\\/marymount.emsb.qc.ca\\\/fr\\\/code-of-conduct\\\/\",\"name\":\"Code of Conduct - Marymount Academy International\",\"isPartOf\":{\"@id\":\"https:\\\/\\\/marymount.emsb.qc.ca\\\/#website\"},\"datePublished\":\"2023-09-27T17:54:30+00:00\",\"dateModified\":\"2024-09-05T15:46:47+00:00\",\"breadcrumb\":{\"@id\":\"https:\\\/\\\/marymount.emsb.qc.ca\\\/fr\\\/code-of-conduct\\\/#breadcrumb\"},\"inLanguage\":\"fr-FR\",\"potentialAction\":[{\"@type\":\"ReadAction\",\"target\":[\"https:\\\/\\\/marymount.emsb.qc.ca\\\/fr\\\/code-of-conduct\\\/\"]}]},{\"@type\":\"BreadcrumbList\",\"@id\":\"https:\\\/\\\/marymount.emsb.qc.ca\\\/fr\\\/code-of-conduct\\\/#breadcrumb\",\"itemListElement\":[{\"@type\":\"ListItem\",\"position\":1,\"name\":\"Home\",\"item\":\"https:\\\/\\\/marymount.emsb.qc.ca\\\/\"},{\"@type\":\"ListItem\",\"position\":2,\"name\":\"Code of Conduct\"}]},{\"@type\":\"WebSite\",\"@id\":\"https:\\\/\\\/marymount.emsb.qc.ca\\\/#website\",\"url\":\"https:\\\/\\\/marymount.emsb.qc.ca\\\/\",\"name\":\"Marymount Academy International\",\"description\":\"Marymount Academy International\",\"publisher\":{\"@id\":\"https:\\\/\\\/marymount.emsb.qc.ca\\\/#organization\"},\"potentialAction\":[{\"@type\":\"SearchAction\",\"target\":{\"@type\":\"EntryPoint\",\"urlTemplate\":\"https:\\\/\\\/marymount.emsb.qc.ca\\\/?s={search_term_string}\"},\"query-input\":{\"@type\":\"PropertyValueSpecification\",\"valueRequired\":true,\"valueName\":\"search_term_string\"}}],\"inLanguage\":\"fr-FR\"},{\"@type\":\"Organization\",\"@id\":\"https:\\\/\\\/marymount.emsb.qc.ca\\\/#organization\",\"name\":\"Marymount Academy International\",\"url\":\"https:\\\/\\\/marymount.emsb.qc.ca\\\/\",\"logo\":{\"@type\":\"ImageObject\",\"inLanguage\":\"fr-FR\",\"@id\":\"https:\\\/\\\/marymount.emsb.qc.ca\\\/#\\\/schema\\\/logo\\\/image\\\/\",\"url\":\"https:\\\/\\\/marymount.emsb.qc.ca\\\/wp-content\\\/uploads\\\/sites\\\/5\\\/2022\\\/01\\\/marymount-logo.jpg\",\"contentUrl\":\"https:\\\/\\\/marymount.emsb.qc.ca\\\/wp-content\\\/uploads\\\/sites\\\/5\\\/2022\\\/01\\\/marymount-logo.jpg\",\"width\":110,\"height\":149,\"caption\":\"Marymount Academy International\"},\"image\":{\"@id\":\"https:\\\/\\\/marymount.emsb.qc.ca\\\/#\\\/schema\\\/logo\\\/image\\\/\"}}]}<\/script>\n<!-- \/ Yoast SEO plugin. -->","yoast_head_json":{"title":"Code de conduite - Marymount Academy International","robots":{"index":"index","follow":"follow","max-snippet":"max-snippet:-1","max-image-preview":"max-image-preview:large","max-video-preview":"max-video-preview:-1"},"canonical":"https:\/\/marymount.emsb.qc.ca\/fr\/code-of-conduct\/","og_locale":"fr_FR","og_type":"article","og_title":"Code of Conduct - Marymount Academy International","og_description":"Students are expected to adhere to the EMSB\u2019s Code of Conduct. The Marymount Code of Conduct is intended to supplement it and help the development of the Marymount community. In addition, the Code of Learning has been established to assist students and staff alike to foster appreciation for a classroom environment that enhances the learning [&hellip;]","og_url":"https:\/\/marymount.emsb.qc.ca\/fr\/code-of-conduct\/","og_site_name":"Marymount Academy International","article_modified_time":"2024-09-05T15:46:47+00:00","twitter_card":"summary_large_image","twitter_misc":{"Dur\u00e9e de lecture estim\u00e9e":"2 minutes"},"schema":{"@context":"https:\/\/schema.org","@graph":[{"@type":"WebPage","@id":"https:\/\/marymount.emsb.qc.ca\/fr\/code-of-conduct\/","url":"https:\/\/marymount.emsb.qc.ca\/fr\/code-of-conduct\/","name":"Code de conduite - Marymount Academy International","isPartOf":{"@id":"https:\/\/marymount.emsb.qc.ca\/#website"},"datePublished":"2023-09-27T17:54:30+00:00","dateModified":"2024-09-05T15:46:47+00:00","breadcrumb":{"@id":"https:\/\/marymount.emsb.qc.ca\/fr\/code-of-conduct\/#breadcrumb"},"inLanguage":"fr-FR","potentialAction":[{"@type":"ReadAction","target":["https:\/\/marymount.emsb.qc.ca\/fr\/code-of-conduct\/"]}]},{"@type":"BreadcrumbList","@id":"https:\/\/marymount.emsb.qc.ca\/fr\/code-of-conduct\/#breadcrumb","itemListElement":[{"@type":"ListItem","position":1,"name":"Home","item":"https:\/\/marymount.emsb.qc.ca\/"},{"@type":"ListItem","position":2,"name":"Code of Conduct"}]},{"@type":"WebSite","@id":"https:\/\/marymount.emsb.qc.ca\/#website","url":"https:\/\/marymount.emsb.qc.ca\/","name":"Acad\u00e9mie internationale Marymount","description":"Acad\u00e9mie internationale Marymount","publisher":{"@id":"https:\/\/marymount.emsb.qc.ca\/#organization"},"potentialAction":[{"@type":"SearchAction","target":{"@type":"EntryPoint","urlTemplate":"https:\/\/marymount.emsb.qc.ca\/?s={search_term_string}"},"query-input":{"@type":"PropertyValueSpecification","valueRequired":true,"valueName":"search_term_string"}}],"inLanguage":"fr-FR"},{"@type":"Organization","@id":"https:\/\/marymount.emsb.qc.ca\/#organization","name":"Acad\u00e9mie internationale Marymount","url":"https:\/\/marymount.emsb.qc.ca\/","logo":{"@type":"ImageObject","inLanguage":"fr-FR","@id":"https:\/\/marymount.emsb.qc.ca\/#\/schema\/logo\/image\/","url":"https:\/\/marymount.emsb.qc.ca\/wp-content\/uploads\/sites\/5\/2022\/01\/marymount-logo.jpg","contentUrl":"https:\/\/marymount.emsb.qc.ca\/wp-content\/uploads\/sites\/5\/2022\/01\/marymount-logo.jpg","width":110,"height":149,"caption":"Marymount Academy International"},"image":{"@id":"https:\/\/marymount.emsb.qc.ca\/#\/schema\/logo\/image\/"}}]}},"_links":{"self":[{"href":"https:\/\/marymount.emsb.qc.ca\/fr\/wp-json\/wp\/v2\/pages\/6767","targetHints":{"allow":["GET"]}}],"collection":[{"href":"https:\/\/marymount.emsb.qc.ca\/fr\/wp-json\/wp\/v2\/pages"}],"about":[{"href":"https:\/\/marymount.emsb.qc.ca\/fr\/wp-json\/wp\/v2\/types\/page"}],"author":[{"embeddable":true,"href":"https:\/\/marymount.emsb.qc.ca\/fr\/wp-json\/wp\/v2\/users\/8"}],"replies":[{"embeddable":true,"href":"https:\/\/marymount.emsb.qc.ca\/fr\/wp-json\/wp\/v2\/comments?post=6767"}],"version-history":[{"count":49,"href":"https:\/\/marymount.emsb.qc.ca\/fr\/wp-json\/wp\/v2\/pages\/6767\/revisions"}],"predecessor-version":[{"id":12008,"href":"https:\/\/marymount.emsb.qc.ca\/fr\/wp-json\/wp\/v2\/pages\/6767\/revisions\/12008"}],"wp:attachment":[{"href":"https:\/\/marymount.emsb.qc.ca\/fr\/wp-json\/wp\/v2\/media?parent=6767"}],"curies":[{"name":"wp","href":"https:\/\/api.w.org\/{rel}","templated":true}]}}