
{"id":6750,"date":"2023-09-27T13:47:38","date_gmt":"2023-09-27T17:47:38","guid":{"rendered":"https:\/\/marymount.emsbdev.com\/?page_id=6750"},"modified":"2026-03-17T10:16:09","modified_gmt":"2026-03-17T14:16:09","slug":"anti-bullying-anti-violance-action-plan","status":"publish","type":"page","link":"https:\/\/marymount.emsb.qc.ca\/fr\/anti-bullying-anti-violance-action-plan\/","title":{"rendered":"Plan de lutte contre l'intimidation et la violence"},"content":{"rendered":"<div data-elementor-type=\"wp-page\" data-elementor-id=\"6750\" class=\"elementor elementor-6750\" data-elementor-post-type=\"page\">\n\t\t\t\t\t\t<section class=\"elementor-section elementor-top-section elementor-element elementor-element-7bdcb2bc elementor-section-full_width elementor-section-height-default elementor-section-height-default\" data-id=\"7bdcb2bc\" data-element_type=\"section\" data-e-type=\"section\" data-settings=\"{&quot;jet_parallax_layout_list&quot;:[]}\">\n\t\t\t\t\t\t<div class=\"elementor-container elementor-column-gap-default\">\n\t\t\t\t\t<div class=\"elementor-column elementor-col-100 elementor-top-column elementor-element elementor-element-3b72388f\" data-id=\"3b72388f\" data-element_type=\"column\" data-e-type=\"column\">\n\t\t\t<div class=\"elementor-widget-wrap elementor-element-populated\">\n\t\t\t\t\t\t<div class=\"elementor-element elementor-element-4ec5d5e6 elementor-widget elementor-widget-image\" data-id=\"4ec5d5e6\" data-element_type=\"widget\" data-e-type=\"widget\" data-widget_type=\"image.default\">\n\t\t\t\t<div class=\"elementor-widget-container\">\n\t\t\t\t\t\t\t\t\t\t\t\t\t\t\t<img fetchpriority=\"high\" decoding=\"async\" width=\"768\" height=\"134\" src=\"https:\/\/marymount.emsb.qc.ca\/wp-content\/uploads\/sites\/5\/2024\/05\/banner-marymount17-1-1024x178-1-768x134.png\" class=\"attachment-medium_large size-medium_large wp-image-10450\" alt=\"\" srcset=\"https:\/\/marymount.emsb.qc.ca\/wp-content\/uploads\/sites\/5\/2024\/05\/banner-marymount17-1-1024x178-1-768x134.png 768w, https:\/\/marymount.emsb.qc.ca\/wp-content\/uploads\/sites\/5\/2024\/05\/banner-marymount17-1-1024x178-1-300x52.png 300w, https:\/\/marymount.emsb.qc.ca\/wp-content\/uploads\/sites\/5\/2024\/05\/banner-marymount17-1-1024x178-1-18x3.png 18w, https:\/\/marymount.emsb.qc.ca\/wp-content\/uploads\/sites\/5\/2024\/05\/banner-marymount17-1-1024x178-1.png 1024w\" sizes=\"(max-width: 768px) 100vw, 768px\" \/>\t\t\t\t\t\t\t\t\t\t\t\t\t\t\t<\/div>\n\t\t\t\t<\/div>\n\t\t\t\t\t<\/div>\n\t\t<\/div>\n\t\t\t\t\t<\/div>\n\t\t<\/section>\n\t\t\t\t<section class=\"elementor-section elementor-top-section elementor-element elementor-element-5693b65f elementor-section-boxed elementor-section-height-default elementor-section-height-default\" data-id=\"5693b65f\" data-element_type=\"section\" data-e-type=\"section\" data-settings=\"{&quot;jet_parallax_layout_list&quot;:[]}\">\n\t\t\t\t\t\t<div class=\"elementor-container elementor-column-gap-default\">\n\t\t\t\t\t<div class=\"elementor-column elementor-col-100 elementor-top-column elementor-element elementor-element-59de07e4\" data-id=\"59de07e4\" data-element_type=\"column\" data-e-type=\"column\">\n\t\t\t<div class=\"elementor-widget-wrap elementor-element-populated\">\n\t\t\t\t\t\t<div class=\"elementor-element elementor-element-2aba60ae elementor-widget__width-auto elementor-widget elementor-widget-heading\" data-id=\"2aba60ae\" data-element_type=\"widget\" data-e-type=\"widget\" data-widget_type=\"heading.default\">\n\t\t\t\t<div class=\"elementor-widget-container\">\n\t\t\t\t\t<h2 class=\"elementor-heading-title elementor-size-default\">MARYMOUNT<\/h2>\t\t\t\t<\/div>\n\t\t\t\t<\/div>\n\t\t\t\t\t<\/div>\n\t\t<\/div>\n\t\t\t\t\t<\/div>\n\t\t<\/section>\n\t\t\t\t<section class=\"elementor-section elementor-top-section elementor-element elementor-element-63aff113 elementor-section-boxed elementor-section-height-default elementor-section-height-default\" data-id=\"63aff113\" data-element_type=\"section\" data-e-type=\"section\" data-settings=\"{&quot;jet_parallax_layout_list&quot;:[]}\">\n\t\t\t\t\t\t<div class=\"elementor-container elementor-column-gap-default\">\n\t\t\t\t\t<div class=\"elementor-column elementor-col-100 elementor-top-column elementor-element elementor-element-6351474a\" data-id=\"6351474a\" data-element_type=\"column\" data-e-type=\"column\">\n\t\t\t<div class=\"elementor-widget-wrap elementor-element-populated\">\n\t\t\t\t\t\t<div class=\"elementor-element elementor-element-7de30214 elementor-widget elementor-widget-text-editor\" data-id=\"7de30214\" data-element_type=\"widget\" data-e-type=\"widget\" data-widget_type=\"text-editor.default\">\n\t\t\t\t<div class=\"elementor-widget-container\">\n\t\t\t\t\t\t\t\t\t<p>Le plan de lutte contre l'intimidation et la violence de notre \u00e9cole d\u00e9crit les mesures de pr\u00e9vention et de traitement des actes d'intimidation et de violence dans notre \u00e9cole conform\u00e9ment \u00e0 la politique de la CSEM relative \u00e0 un milieu scolaire sain et s\u00e9curitaire \"S\u00e9curit\u00e9 de l'environnement physique et cybern\u00e9tique\" et de <a href=\"https:\/\/www.legisquebec.gouv.qc.ca\/fr\/document\/lc\/I-13.3\" target=\"_blank\" rel=\"noopener\">Loi sur l'instruction publique du Qu\u00e9bec.<\/a>.<\/p>\t\t\t\t\t\t\t\t<\/div>\n\t\t\t\t<\/div>\n\t\t\t\t<div class=\"elementor-element elementor-element-3fccb0f elementor-align-justify elementor-widget__width-inherit elementor-widget elementor-widget-button\" data-id=\"3fccb0f\" data-element_type=\"widget\" data-e-type=\"widget\" data-widget_type=\"button.default\">\n\t\t\t\t<div class=\"elementor-widget-container\">\n\t\t\t\t\t\t\t\t\t<div class=\"elementor-button-wrapper\">\n\t\t\t\t\t<a class=\"elementor-button elementor-button-link elementor-size-sm\" href=\"https:\/\/marymount.emsb.qc.ca\/wp-content\/uploads\/sites\/5\/2026\/03\/ABAV-Summary-Marymount-Academy.pdf\" target=\"_blank\">\n\t\t\t\t\t\t<span class=\"elementor-button-content-wrapper\">\n\t\t\t\t\t\t\t\t\t<span class=\"elementor-button-text\">T\u00e9l\u00e9charger le plan de lutte contre l'intimidation et la violence de Marymount<\/span>\n\t\t\t\t\t<\/span>\n\t\t\t\t\t<\/a>\n\t\t\t\t<\/div>\n\t\t\t\t\t\t\t\t<\/div>\n\t\t\t\t<\/div>\n\t\t\t\t<div class=\"elementor-element elementor-element-e9abe26 elementor-align-center elementor-widget__width-inherit elementor-widget elementor-widget-button\" data-id=\"e9abe26\" data-element_type=\"widget\" data-e-type=\"widget\" data-widget_type=\"button.default\">\n\t\t\t\t<div class=\"elementor-widget-container\">\n\t\t\t\t\t\t\t\t\t<div class=\"elementor-button-wrapper\">\n\t\t\t\t\t<a class=\"elementor-button elementor-button-link elementor-size-sm\" href=\"https:\/\/marymount.emsb.qc.ca\/fr\/contact\/\">\n\t\t\t\t\t\t<span class=\"elementor-button-content-wrapper\">\n\t\t\t\t\t\t\t\t\t<span class=\"elementor-button-text\">Contactez-nous pour signaler un cas d'intimidation<\/span>\n\t\t\t\t\t<\/span>\n\t\t\t\t\t<\/a>\n\t\t\t\t<\/div>\n\t\t\t\t\t\t\t\t<\/div>\n\t\t\t\t<\/div>\n\t\t\t\t\t<\/div>\n\t\t<\/div>\n\t\t\t\t\t<\/div>\n\t\t<\/section>\n\t\t\t\t<\/div>","protected":false},"excerpt":{"rendered":"<p>Le plan d'action contre l'intimidation et la violence de notre \u00e9cole d\u00e9crit les mesures de pr\u00e9vention et de r\u00e9ponse aux actes d'intimidation et de violence dans notre \u00e9cole, conform\u00e9ment \u00e0 la politique de s\u00e9curit\u00e9 physique et cybern\u00e9tique de l'EMSB et \u00e0 la Loi sur l'\u00e9ducation du Qu\u00e9bec. T\u00e9l\u00e9charger le Plan d'action Marymount contre les brimades et la violence Nous contacter pour signaler des brimades<\/p>","protected":false},"author":22,"featured_media":0,"parent":0,"menu_order":0,"comment_status":"closed","ping_status":"closed","template":"","meta":{"site-sidebar-layout":"no-sidebar","site-content-layout":"page-builder","ast-site-content-layout":"default","site-content-style":"default","site-sidebar-style":"default","ast-global-header-display":"","ast-banner-title-visibility":"","ast-main-header-display":"","ast-hfb-above-header-display":"","ast-hfb-below-header-display":"","ast-hfb-mobile-header-display":"","site-post-title":"disabled","ast-breadcrumbs-content":"","ast-featured-img":"disabled","footer-sml-layout":"","ast-disable-related-posts":"","theme-transparent-header-meta":"default","adv-header-id-meta":"","stick-header-meta":"","header-above-stick-meta":"","header-main-stick-meta":"","header-below-stick-meta":"","astra-migrate-meta-layouts":"set","ast-page-background-enabled":"default","ast-page-background-meta":{"desktop":{"background-color":"var(--ast-global-color-4)","background-image":"","background-repeat":"repeat","background-position":"center center","background-size":"auto","background-attachment":"scroll","background-type":"","background-media":"","overlay-type":"","overlay-color":"","overlay-opacity":"","overlay-gradient":""},"tablet":{"background-color":"","background-image":"","background-repeat":"repeat","background-position":"center center","background-size":"auto","background-attachment":"scroll","background-type":"","background-media":"","overlay-type":"","overlay-color":"","overlay-opacity":"","overlay-gradient":""},"mobile":{"background-color":"","background-image":"","background-repeat":"repeat","background-position":"center center","background-size":"auto","background-attachment":"scroll","background-type":"","background-media":"","overlay-type":"","overlay-color":"","overlay-opacity":"","overlay-gradient":""}},"ast-content-background-meta":{"desktop":{"background-color":"var(--ast-global-color-5)","background-image":"","background-repeat":"repeat","background-position":"center center","background-size":"auto","background-attachment":"scroll","background-type":"","background-media":"","overlay-type":"","overlay-color":"","overlay-opacity":"","overlay-gradient":""},"tablet":{"background-color":"var(--ast-global-color-5)","background-image":"","background-repeat":"repeat","background-position":"center center","background-size":"auto","background-attachment":"scroll","background-type":"","background-media":"","overlay-type":"","overlay-color":"","overlay-opacity":"","overlay-gradient":""},"mobile":{"background-color":"var(--ast-global-color-5)","background-image":"","background-repeat":"repeat","background-position":"center center","background-size":"auto","background-attachment":"scroll","background-type":"","background-media":"","overlay-type":"","overlay-color":"","overlay-opacity":"","overlay-gradient":""}},"footnotes":""},"class_list":["post-6750","page","type-page","status-publish","hentry"],"yoast_head":"<!-- This site is optimized with the Yoast SEO plugin v27.3 - https:\/\/yoast.com\/product\/yoast-seo-wordpress\/ -->\n<title>Anti-Bullying Anti-Violence Action Plan - Marymount Academy International<\/title>\n<meta name=\"robots\" content=\"index, follow, max-snippet:-1, max-image-preview:large, max-video-preview:-1\" \/>\n<link rel=\"canonical\" href=\"https:\/\/marymount.emsb.qc.ca\/fr\/anti-bullying-anti-violance-action-plan\/\" \/>\n<meta property=\"og:locale\" content=\"fr_FR\" \/>\n<meta property=\"og:type\" content=\"article\" \/>\n<meta property=\"og:title\" content=\"Anti-Bullying Anti-Violence Action Plan - Marymount Academy International\" \/>\n<meta property=\"og:description\" content=\"Our school&#8217;s Anti-Bullying Anti-Violence Action Plan outlines the measures for preventing and responding to acts of bullying and violence in our school under the EMSB Safe Physical and Cyber Environment Policy and the Quebec Education Act. Download Marymount Anti-Bullying Anti-Violence Action Plan Contact us for Bullying Reporting\" \/>\n<meta property=\"og:url\" content=\"https:\/\/marymount.emsb.qc.ca\/fr\/anti-bullying-anti-violance-action-plan\/\" \/>\n<meta property=\"og:site_name\" content=\"Marymount Academy International\" \/>\n<meta property=\"article:modified_time\" content=\"2026-03-17T14:16:09+00:00\" \/>\n<meta property=\"og:image\" content=\"https:\/\/marymount.emsb.qc.ca\/wp-content\/uploads\/sites\/5\/2024\/05\/banner-marymount17-1-1024x178-1.png\" \/>\n\t<meta property=\"og:image:width\" content=\"1024\" \/>\n\t<meta property=\"og:image:height\" content=\"178\" \/>\n\t<meta property=\"og:image:type\" content=\"image\/png\" \/>\n<meta name=\"twitter:card\" content=\"summary_large_image\" \/>\n<meta name=\"twitter:label1\" content=\"Dur\u00e9e de lecture estim\u00e9e\" \/>\n\t<meta name=\"twitter:data1\" content=\"1 minute\" \/>\n<script type=\"application\/ld+json\" class=\"yoast-schema-graph\">{\"@context\":\"https:\\\/\\\/schema.org\",\"@graph\":[{\"@type\":\"WebPage\",\"@id\":\"https:\\\/\\\/marymount.emsb.qc.ca\\\/anti-bullying-anti-violance-action-plan\\\/\",\"url\":\"https:\\\/\\\/marymount.emsb.qc.ca\\\/anti-bullying-anti-violance-action-plan\\\/\",\"name\":\"Anti-Bullying Anti-Violence Action Plan - Marymount Academy International\",\"isPartOf\":{\"@id\":\"https:\\\/\\\/marymount.emsb.qc.ca\\\/#website\"},\"primaryImageOfPage\":{\"@id\":\"https:\\\/\\\/marymount.emsb.qc.ca\\\/anti-bullying-anti-violance-action-plan\\\/#primaryimage\"},\"image\":{\"@id\":\"https:\\\/\\\/marymount.emsb.qc.ca\\\/anti-bullying-anti-violance-action-plan\\\/#primaryimage\"},\"thumbnailUrl\":\"https:\\\/\\\/marymount.emsb.qc.ca\\\/wp-content\\\/uploads\\\/sites\\\/5\\\/2024\\\/05\\\/banner-marymount17-1-1024x178-1-768x134.png\",\"datePublished\":\"2023-09-27T17:47:38+00:00\",\"dateModified\":\"2026-03-17T14:16:09+00:00\",\"breadcrumb\":{\"@id\":\"https:\\\/\\\/marymount.emsb.qc.ca\\\/anti-bullying-anti-violance-action-plan\\\/#breadcrumb\"},\"inLanguage\":\"fr-FR\",\"potentialAction\":[{\"@type\":\"ReadAction\",\"target\":[\"https:\\\/\\\/marymount.emsb.qc.ca\\\/anti-bullying-anti-violance-action-plan\\\/\"]}]},{\"@type\":\"ImageObject\",\"inLanguage\":\"fr-FR\",\"@id\":\"https:\\\/\\\/marymount.emsb.qc.ca\\\/anti-bullying-anti-violance-action-plan\\\/#primaryimage\",\"url\":\"https:\\\/\\\/marymount.emsb.qc.ca\\\/wp-content\\\/uploads\\\/sites\\\/5\\\/2024\\\/05\\\/banner-marymount17-1-1024x178-1-768x134.png\",\"contentUrl\":\"https:\\\/\\\/marymount.emsb.qc.ca\\\/wp-content\\\/uploads\\\/sites\\\/5\\\/2024\\\/05\\\/banner-marymount17-1-1024x178-1-768x134.png\"},{\"@type\":\"BreadcrumbList\",\"@id\":\"https:\\\/\\\/marymount.emsb.qc.ca\\\/anti-bullying-anti-violance-action-plan\\\/#breadcrumb\",\"itemListElement\":[{\"@type\":\"ListItem\",\"position\":1,\"name\":\"Home\",\"item\":\"https:\\\/\\\/marymount.emsb.qc.ca\\\/\"},{\"@type\":\"ListItem\",\"position\":2,\"name\":\"Anti-Bullying Anti-Violence Action Plan\"}]},{\"@type\":\"WebSite\",\"@id\":\"https:\\\/\\\/marymount.emsb.qc.ca\\\/#website\",\"url\":\"https:\\\/\\\/marymount.emsb.qc.ca\\\/\",\"name\":\"Marymount Academy International\",\"description\":\"Marymount Academy International\",\"publisher\":{\"@id\":\"https:\\\/\\\/marymount.emsb.qc.ca\\\/#organization\"},\"potentialAction\":[{\"@type\":\"SearchAction\",\"target\":{\"@type\":\"EntryPoint\",\"urlTemplate\":\"https:\\\/\\\/marymount.emsb.qc.ca\\\/?s={search_term_string}\"},\"query-input\":{\"@type\":\"PropertyValueSpecification\",\"valueRequired\":true,\"valueName\":\"search_term_string\"}}],\"inLanguage\":\"fr-FR\"},{\"@type\":\"Organization\",\"@id\":\"https:\\\/\\\/marymount.emsb.qc.ca\\\/#organization\",\"name\":\"Marymount Academy International\",\"url\":\"https:\\\/\\\/marymount.emsb.qc.ca\\\/\",\"logo\":{\"@type\":\"ImageObject\",\"inLanguage\":\"fr-FR\",\"@id\":\"https:\\\/\\\/marymount.emsb.qc.ca\\\/#\\\/schema\\\/logo\\\/image\\\/\",\"url\":\"https:\\\/\\\/marymount.emsb.qc.ca\\\/wp-content\\\/uploads\\\/sites\\\/5\\\/2022\\\/01\\\/marymount-logo.jpg\",\"contentUrl\":\"https:\\\/\\\/marymount.emsb.qc.ca\\\/wp-content\\\/uploads\\\/sites\\\/5\\\/2022\\\/01\\\/marymount-logo.jpg\",\"width\":110,\"height\":149,\"caption\":\"Marymount Academy International\"},\"image\":{\"@id\":\"https:\\\/\\\/marymount.emsb.qc.ca\\\/#\\\/schema\\\/logo\\\/image\\\/\"}}]}<\/script>\n<!-- \/ Yoast SEO plugin. -->","yoast_head_json":{"title":"Plan d'action contre le harc\u00e8lement et la violence - Marymount Academy International","robots":{"index":"index","follow":"follow","max-snippet":"max-snippet:-1","max-image-preview":"max-image-preview:large","max-video-preview":"max-video-preview:-1"},"canonical":"https:\/\/marymount.emsb.qc.ca\/fr\/anti-bullying-anti-violance-action-plan\/","og_locale":"fr_FR","og_type":"article","og_title":"Anti-Bullying Anti-Violence Action Plan - Marymount Academy International","og_description":"Our school&#8217;s Anti-Bullying Anti-Violence Action Plan outlines the measures for preventing and responding to acts of bullying and violence in our school under the EMSB Safe Physical and Cyber Environment Policy and the Quebec Education Act. Download Marymount Anti-Bullying Anti-Violence Action Plan Contact us for Bullying Reporting","og_url":"https:\/\/marymount.emsb.qc.ca\/fr\/anti-bullying-anti-violance-action-plan\/","og_site_name":"Marymount Academy International","article_modified_time":"2026-03-17T14:16:09+00:00","og_image":[{"width":1024,"height":178,"url":"https:\/\/marymount.emsb.qc.ca\/wp-content\/uploads\/sites\/5\/2024\/05\/banner-marymount17-1-1024x178-1.png","type":"image\/png"}],"twitter_card":"summary_large_image","twitter_misc":{"Dur\u00e9e de lecture estim\u00e9e":"1 minute"},"schema":{"@context":"https:\/\/schema.org","@graph":[{"@type":"WebPage","@id":"https:\/\/marymount.emsb.qc.ca\/anti-bullying-anti-violance-action-plan\/","url":"https:\/\/marymount.emsb.qc.ca\/anti-bullying-anti-violance-action-plan\/","name":"Plan d'action contre le harc\u00e8lement et la violence - Marymount Academy International","isPartOf":{"@id":"https:\/\/marymount.emsb.qc.ca\/#website"},"primaryImageOfPage":{"@id":"https:\/\/marymount.emsb.qc.ca\/anti-bullying-anti-violance-action-plan\/#primaryimage"},"image":{"@id":"https:\/\/marymount.emsb.qc.ca\/anti-bullying-anti-violance-action-plan\/#primaryimage"},"thumbnailUrl":"https:\/\/marymount.emsb.qc.ca\/wp-content\/uploads\/sites\/5\/2024\/05\/banner-marymount17-1-1024x178-1-768x134.png","datePublished":"2023-09-27T17:47:38+00:00","dateModified":"2026-03-17T14:16:09+00:00","breadcrumb":{"@id":"https:\/\/marymount.emsb.qc.ca\/anti-bullying-anti-violance-action-plan\/#breadcrumb"},"inLanguage":"fr-FR","potentialAction":[{"@type":"ReadAction","target":["https:\/\/marymount.emsb.qc.ca\/anti-bullying-anti-violance-action-plan\/"]}]},{"@type":"ImageObject","inLanguage":"fr-FR","@id":"https:\/\/marymount.emsb.qc.ca\/anti-bullying-anti-violance-action-plan\/#primaryimage","url":"https:\/\/marymount.emsb.qc.ca\/wp-content\/uploads\/sites\/5\/2024\/05\/banner-marymount17-1-1024x178-1-768x134.png","contentUrl":"https:\/\/marymount.emsb.qc.ca\/wp-content\/uploads\/sites\/5\/2024\/05\/banner-marymount17-1-1024x178-1-768x134.png"},{"@type":"BreadcrumbList","@id":"https:\/\/marymount.emsb.qc.ca\/anti-bullying-anti-violance-action-plan\/#breadcrumb","itemListElement":[{"@type":"ListItem","position":1,"name":"Home","item":"https:\/\/marymount.emsb.qc.ca\/"},{"@type":"ListItem","position":2,"name":"Anti-Bullying Anti-Violence Action Plan"}]},{"@type":"WebSite","@id":"https:\/\/marymount.emsb.qc.ca\/#website","url":"https:\/\/marymount.emsb.qc.ca\/","name":"Acad\u00e9mie internationale Marymount","description":"Acad\u00e9mie internationale Marymount","publisher":{"@id":"https:\/\/marymount.emsb.qc.ca\/#organization"},"potentialAction":[{"@type":"SearchAction","target":{"@type":"EntryPoint","urlTemplate":"https:\/\/marymount.emsb.qc.ca\/?s={search_term_string}"},"query-input":{"@type":"PropertyValueSpecification","valueRequired":true,"valueName":"search_term_string"}}],"inLanguage":"fr-FR"},{"@type":"Organization","@id":"https:\/\/marymount.emsb.qc.ca\/#organization","name":"Acad\u00e9mie internationale Marymount","url":"https:\/\/marymount.emsb.qc.ca\/","logo":{"@type":"ImageObject","inLanguage":"fr-FR","@id":"https:\/\/marymount.emsb.qc.ca\/#\/schema\/logo\/image\/","url":"https:\/\/marymount.emsb.qc.ca\/wp-content\/uploads\/sites\/5\/2022\/01\/marymount-logo.jpg","contentUrl":"https:\/\/marymount.emsb.qc.ca\/wp-content\/uploads\/sites\/5\/2022\/01\/marymount-logo.jpg","width":110,"height":149,"caption":"Marymount Academy International"},"image":{"@id":"https:\/\/marymount.emsb.qc.ca\/#\/schema\/logo\/image\/"}}]}},"_links":{"self":[{"href":"https:\/\/marymount.emsb.qc.ca\/fr\/wp-json\/wp\/v2\/pages\/6750","targetHints":{"allow":["GET"]}}],"collection":[{"href":"https:\/\/marymount.emsb.qc.ca\/fr\/wp-json\/wp\/v2\/pages"}],"about":[{"href":"https:\/\/marymount.emsb.qc.ca\/fr\/wp-json\/wp\/v2\/types\/page"}],"author":[{"embeddable":true,"href":"https:\/\/marymount.emsb.qc.ca\/fr\/wp-json\/wp\/v2\/users\/22"}],"replies":[{"embeddable":true,"href":"https:\/\/marymount.emsb.qc.ca\/fr\/wp-json\/wp\/v2\/comments?post=6750"}],"version-history":[{"count":47,"href":"https:\/\/marymount.emsb.qc.ca\/fr\/wp-json\/wp\/v2\/pages\/6750\/revisions"}],"predecessor-version":[{"id":12939,"href":"https:\/\/marymount.emsb.qc.ca\/fr\/wp-json\/wp\/v2\/pages\/6750\/revisions\/12939"}],"wp:attachment":[{"href":"https:\/\/marymount.emsb.qc.ca\/fr\/wp-json\/wp\/v2\/media?parent=6750"}],"curies":[{"name":"wp","href":"https:\/\/api.w.org\/{rel}","templated":true}]}}