
{"id":6739,"date":"2023-09-27T13:41:44","date_gmt":"2023-09-27T17:41:44","guid":{"rendered":"https:\/\/marymount.emsbdev.com\/?page_id=6739"},"modified":"2024-09-05T11:47:17","modified_gmt":"2024-09-05T15:47:17","slug":"educational-project","status":"publish","type":"page","link":"https:\/\/marymount.emsb.qc.ca\/fr\/educational-project\/","title":{"rendered":"Projet \u00e9ducatif"},"content":{"rendered":"<div data-elementor-type=\"wp-page\" data-elementor-id=\"6739\" class=\"elementor elementor-6739\" data-elementor-post-type=\"page\">\n\t\t\t\t\t\t<section class=\"elementor-section elementor-top-section elementor-element elementor-element-6b59b847 elementor-section-boxed elementor-section-height-default elementor-section-height-default\" data-id=\"6b59b847\" data-element_type=\"section\" data-e-type=\"section\" data-settings=\"{&quot;jet_parallax_layout_list&quot;:[]}\">\n\t\t\t\t\t\t<div class=\"elementor-container elementor-column-gap-default\">\n\t\t\t\t\t<div class=\"elementor-column elementor-col-100 elementor-top-column elementor-element elementor-element-43f0b38d\" data-id=\"43f0b38d\" data-element_type=\"column\" data-e-type=\"column\">\n\t\t\t<div class=\"elementor-widget-wrap elementor-element-populated\">\n\t\t\t\t\t\t<div class=\"elementor-element elementor-element-163b132e elementor-widget__width-auto elementor-widget elementor-widget-heading\" data-id=\"163b132e\" data-element_type=\"widget\" data-e-type=\"widget\" data-widget_type=\"heading.default\">\n\t\t\t\t<div class=\"elementor-widget-container\">\n\t\t\t\t\t<h2 class=\"elementor-heading-title elementor-size-default\">MARYMOUNT<\/h2>\t\t\t\t<\/div>\n\t\t\t\t<\/div>\n\t\t\t\t\t<\/div>\n\t\t<\/div>\n\t\t\t\t\t<\/div>\n\t\t<\/section>\n\t\t\t\t<section class=\"elementor-section elementor-top-section elementor-element elementor-element-7179fa93 elementor-section-boxed elementor-section-height-default elementor-section-height-default\" data-id=\"7179fa93\" data-element_type=\"section\" data-e-type=\"section\" data-settings=\"{&quot;jet_parallax_layout_list&quot;:[]}\">\n\t\t\t\t\t\t<div class=\"elementor-container elementor-column-gap-default\">\n\t\t\t\t\t<div class=\"elementor-column elementor-col-100 elementor-top-column elementor-element elementor-element-2cb17467\" data-id=\"2cb17467\" data-element_type=\"column\" data-e-type=\"column\">\n\t\t\t<div class=\"elementor-widget-wrap elementor-element-populated\">\n\t\t\t\t\t\t<div class=\"elementor-element elementor-element-2c57ecb5 elementor-widget elementor-widget-text-editor\" data-id=\"2c57ecb5\" data-element_type=\"widget\" data-e-type=\"widget\" data-widget_type=\"text-editor.default\">\n\t\t\t\t<div class=\"elementor-widget-container\">\n\t\t\t\t\t\t\t\t\t<p>Le projet \u00e9ducatif est un outil strat\u00e9gique pour d\u00e9finir et faire conna\u00eetre \u00e0 la communaut\u00e9 \u00e9ducative d'une \u00e9cole les orientations, les priorit\u00e9s d'action et les r\u00e9sultats attendus pour assurer la r\u00e9ussite \u00e9ducative de tous les \u00e9l\u00e8ves. Il est \u00e9labor\u00e9 en fonction des caract\u00e9ristiques et des besoins des \u00e9l\u00e8ves fr\u00e9quentant l'\u00e9cole et des attentes \u00e9ducatives de la communaut\u00e9.<\/p>\n<p>La finalit\u00e9 du projet \u00e9ducatif d'une \u00e9cole permet de partager, avec tous ses acteurs \u00e9ducatifs (\u00e9l\u00e8ves, parents, enseignants, autres membres du personnel de l'\u00e9cole et repr\u00e9sentants de la communaut\u00e9 et de la Commission scolaire), une vision commune des constats et des enjeux afin de cr\u00e9er une mobilisation autour de buts et d'objectifs centr\u00e9s sur l'\u00e9l\u00e8ve. Le Projet \u00e9ducatif d\u00e9crit ce que l'\u00e9cole entend faire pour assurer la r\u00e9ussite scolaire et le bien-\u00eatre de tous ses \u00e9l\u00e8ves et les efforts qui seront n\u00e9cessaires pour y parvenir.<\/p>\t\t\t\t\t\t\t\t<\/div>\n\t\t\t\t<\/div>\n\t\t\t\t<div class=\"elementor-element elementor-element-33f84da elementor-align-justify elementor-widget__width-inherit elementor-widget elementor-widget-button\" data-id=\"33f84da\" data-element_type=\"widget\" data-e-type=\"widget\" data-widget_type=\"button.default\">\n\t\t\t\t<div class=\"elementor-widget-container\">\n\t\t\t\t\t\t\t\t\t<div class=\"elementor-button-wrapper\">\n\t\t\t\t\t<a class=\"elementor-button elementor-button-link elementor-size-sm\" href=\"https:\/\/marymount.emsb.qc.ca\/wp-content\/uploads\/sites\/5\/2024\/09\/EP-Marymount-Academy-Final.pdf\" target=\"_blank\">\n\t\t\t\t\t\t<span class=\"elementor-button-content-wrapper\">\n\t\t\t\t\t\t\t\t\t<span class=\"elementor-button-text\">Projet \u00e9ducatif Marymount 2023-2027<\/span>\n\t\t\t\t\t<\/span>\n\t\t\t\t\t<\/a>\n\t\t\t\t<\/div>\n\t\t\t\t\t\t\t\t<\/div>\n\t\t\t\t<\/div>\n\t\t\t\t\t<\/div>\n\t\t<\/div>\n\t\t\t\t\t<\/div>\n\t\t<\/section>\n\t\t\t\t<\/div>","protected":false},"excerpt":{"rendered":"<p>The educational project is a strategic tool for defining and making known to the educational community of a school the orientations, priorities for action and expected results to ensure the educational success of all students. It is developed in response to the characteristics and needs of the students attending the school and the community&#8217;s educational [&hellip;]<\/p>\n","protected":false},"author":8,"featured_media":0,"parent":0,"menu_order":0,"comment_status":"closed","ping_status":"closed","template":"","meta":{"site-sidebar-layout":"no-sidebar","site-content-layout":"page-builder","ast-site-content-layout":"default","site-content-style":"default","site-sidebar-style":"default","ast-global-header-display":"","ast-banner-title-visibility":"","ast-main-header-display":"","ast-hfb-above-header-display":"","ast-hfb-below-header-display":"","ast-hfb-mobile-header-display":"","site-post-title":"disabled","ast-breadcrumbs-content":"","ast-featured-img":"disabled","footer-sml-layout":"","ast-disable-related-posts":"","theme-transparent-header-meta":"default","adv-header-id-meta":"","stick-header-meta":"","header-above-stick-meta":"","header-main-stick-meta":"","header-below-stick-meta":"","astra-migrate-meta-layouts":"set","ast-page-background-enabled":"default","ast-page-background-meta":{"desktop":{"background-color":"var(--ast-global-color-4)","background-image":"","background-repeat":"repeat","background-position":"center center","background-size":"auto","background-attachment":"scroll","background-type":"","background-media":"","overlay-type":"","overlay-color":"","overlay-opacity":"","overlay-gradient":""},"tablet":{"background-color":"","background-image":"","background-repeat":"repeat","background-position":"center center","background-size":"auto","background-attachment":"scroll","background-type":"","background-media":"","overlay-type":"","overlay-color":"","overlay-opacity":"","overlay-gradient":""},"mobile":{"background-color":"","background-image":"","background-repeat":"repeat","background-position":"center center","background-size":"auto","background-attachment":"scroll","background-type":"","background-media":"","overlay-type":"","overlay-color":"","overlay-opacity":"","overlay-gradient":""}},"ast-content-background-meta":{"desktop":{"background-color":"var(--ast-global-color-5)","background-image":"","background-repeat":"repeat","background-position":"center center","background-size":"auto","background-attachment":"scroll","background-type":"","background-media":"","overlay-type":"","overlay-color":"","overlay-opacity":"","overlay-gradient":""},"tablet":{"background-color":"var(--ast-global-color-5)","background-image":"","background-repeat":"repeat","background-position":"center center","background-size":"auto","background-attachment":"scroll","background-type":"","background-media":"","overlay-type":"","overlay-color":"","overlay-opacity":"","overlay-gradient":""},"mobile":{"background-color":"var(--ast-global-color-5)","background-image":"","background-repeat":"repeat","background-position":"center center","background-size":"auto","background-attachment":"scroll","background-type":"","background-media":"","overlay-type":"","overlay-color":"","overlay-opacity":"","overlay-gradient":""}},"footnotes":""},"class_list":["post-6739","page","type-page","status-publish","hentry"],"yoast_head":"<!-- This site is optimized with the Yoast SEO plugin v27.3 - https:\/\/yoast.com\/product\/yoast-seo-wordpress\/ -->\n<title>Educational Project - Marymount Academy International<\/title>\n<meta name=\"robots\" content=\"index, follow, max-snippet:-1, max-image-preview:large, max-video-preview:-1\" \/>\n<link rel=\"canonical\" href=\"https:\/\/marymount.emsb.qc.ca\/fr\/educational-project\/\" \/>\n<meta property=\"og:locale\" content=\"fr_FR\" \/>\n<meta property=\"og:type\" content=\"article\" \/>\n<meta property=\"og:title\" content=\"Educational Project - Marymount Academy International\" \/>\n<meta property=\"og:description\" content=\"The educational project is a strategic tool for defining and making known to the educational community of a school the orientations, priorities for action and expected results to ensure the educational success of all students. It is developed in response to the characteristics and needs of the students attending the school and the community&#8217;s educational [&hellip;]\" \/>\n<meta property=\"og:url\" content=\"https:\/\/marymount.emsb.qc.ca\/fr\/educational-project\/\" \/>\n<meta property=\"og:site_name\" content=\"Marymount Academy International\" \/>\n<meta property=\"article:modified_time\" content=\"2024-09-05T15:47:17+00:00\" \/>\n<meta name=\"twitter:card\" content=\"summary_large_image\" \/>\n<meta name=\"twitter:label1\" content=\"Dur\u00e9e de lecture estim\u00e9e\" \/>\n\t<meta name=\"twitter:data1\" content=\"1 minute\" \/>\n<script type=\"application\/ld+json\" class=\"yoast-schema-graph\">{\"@context\":\"https:\\\/\\\/schema.org\",\"@graph\":[{\"@type\":\"WebPage\",\"@id\":\"https:\\\/\\\/marymount.emsb.qc.ca\\\/fr\\\/educational-project\\\/\",\"url\":\"https:\\\/\\\/marymount.emsb.qc.ca\\\/fr\\\/educational-project\\\/\",\"name\":\"Educational Project - Marymount Academy International\",\"isPartOf\":{\"@id\":\"https:\\\/\\\/marymount.emsb.qc.ca\\\/#website\"},\"datePublished\":\"2023-09-27T17:41:44+00:00\",\"dateModified\":\"2024-09-05T15:47:17+00:00\",\"breadcrumb\":{\"@id\":\"https:\\\/\\\/marymount.emsb.qc.ca\\\/fr\\\/educational-project\\\/#breadcrumb\"},\"inLanguage\":\"fr-FR\",\"potentialAction\":[{\"@type\":\"ReadAction\",\"target\":[\"https:\\\/\\\/marymount.emsb.qc.ca\\\/fr\\\/educational-project\\\/\"]}]},{\"@type\":\"BreadcrumbList\",\"@id\":\"https:\\\/\\\/marymount.emsb.qc.ca\\\/fr\\\/educational-project\\\/#breadcrumb\",\"itemListElement\":[{\"@type\":\"ListItem\",\"position\":1,\"name\":\"Home\",\"item\":\"https:\\\/\\\/marymount.emsb.qc.ca\\\/\"},{\"@type\":\"ListItem\",\"position\":2,\"name\":\"Educational Project\"}]},{\"@type\":\"WebSite\",\"@id\":\"https:\\\/\\\/marymount.emsb.qc.ca\\\/#website\",\"url\":\"https:\\\/\\\/marymount.emsb.qc.ca\\\/\",\"name\":\"Marymount Academy International\",\"description\":\"Marymount Academy International\",\"publisher\":{\"@id\":\"https:\\\/\\\/marymount.emsb.qc.ca\\\/#organization\"},\"potentialAction\":[{\"@type\":\"SearchAction\",\"target\":{\"@type\":\"EntryPoint\",\"urlTemplate\":\"https:\\\/\\\/marymount.emsb.qc.ca\\\/?s={search_term_string}\"},\"query-input\":{\"@type\":\"PropertyValueSpecification\",\"valueRequired\":true,\"valueName\":\"search_term_string\"}}],\"inLanguage\":\"fr-FR\"},{\"@type\":\"Organization\",\"@id\":\"https:\\\/\\\/marymount.emsb.qc.ca\\\/#organization\",\"name\":\"Marymount Academy International\",\"url\":\"https:\\\/\\\/marymount.emsb.qc.ca\\\/\",\"logo\":{\"@type\":\"ImageObject\",\"inLanguage\":\"fr-FR\",\"@id\":\"https:\\\/\\\/marymount.emsb.qc.ca\\\/#\\\/schema\\\/logo\\\/image\\\/\",\"url\":\"https:\\\/\\\/marymount.emsb.qc.ca\\\/wp-content\\\/uploads\\\/sites\\\/5\\\/2022\\\/01\\\/marymount-logo.jpg\",\"contentUrl\":\"https:\\\/\\\/marymount.emsb.qc.ca\\\/wp-content\\\/uploads\\\/sites\\\/5\\\/2022\\\/01\\\/marymount-logo.jpg\",\"width\":110,\"height\":149,\"caption\":\"Marymount Academy International\"},\"image\":{\"@id\":\"https:\\\/\\\/marymount.emsb.qc.ca\\\/#\\\/schema\\\/logo\\\/image\\\/\"}}]}<\/script>\n<!-- \/ Yoast SEO plugin. -->","yoast_head_json":{"title":"Projet \u00e9ducatif - Marymount Academy International","robots":{"index":"index","follow":"follow","max-snippet":"max-snippet:-1","max-image-preview":"max-image-preview:large","max-video-preview":"max-video-preview:-1"},"canonical":"https:\/\/marymount.emsb.qc.ca\/fr\/educational-project\/","og_locale":"fr_FR","og_type":"article","og_title":"Educational Project - Marymount Academy International","og_description":"The educational project is a strategic tool for defining and making known to the educational community of a school the orientations, priorities for action and expected results to ensure the educational success of all students. It is developed in response to the characteristics and needs of the students attending the school and the community&#8217;s educational [&hellip;]","og_url":"https:\/\/marymount.emsb.qc.ca\/fr\/educational-project\/","og_site_name":"Marymount Academy International","article_modified_time":"2024-09-05T15:47:17+00:00","twitter_card":"summary_large_image","twitter_misc":{"Dur\u00e9e de lecture estim\u00e9e":"1 minute"},"schema":{"@context":"https:\/\/schema.org","@graph":[{"@type":"WebPage","@id":"https:\/\/marymount.emsb.qc.ca\/fr\/educational-project\/","url":"https:\/\/marymount.emsb.qc.ca\/fr\/educational-project\/","name":"Projet \u00e9ducatif - Marymount Academy International","isPartOf":{"@id":"https:\/\/marymount.emsb.qc.ca\/#website"},"datePublished":"2023-09-27T17:41:44+00:00","dateModified":"2024-09-05T15:47:17+00:00","breadcrumb":{"@id":"https:\/\/marymount.emsb.qc.ca\/fr\/educational-project\/#breadcrumb"},"inLanguage":"fr-FR","potentialAction":[{"@type":"ReadAction","target":["https:\/\/marymount.emsb.qc.ca\/fr\/educational-project\/"]}]},{"@type":"BreadcrumbList","@id":"https:\/\/marymount.emsb.qc.ca\/fr\/educational-project\/#breadcrumb","itemListElement":[{"@type":"ListItem","position":1,"name":"Home","item":"https:\/\/marymount.emsb.qc.ca\/"},{"@type":"ListItem","position":2,"name":"Educational Project"}]},{"@type":"WebSite","@id":"https:\/\/marymount.emsb.qc.ca\/#website","url":"https:\/\/marymount.emsb.qc.ca\/","name":"Acad\u00e9mie internationale Marymount","description":"Acad\u00e9mie internationale Marymount","publisher":{"@id":"https:\/\/marymount.emsb.qc.ca\/#organization"},"potentialAction":[{"@type":"SearchAction","target":{"@type":"EntryPoint","urlTemplate":"https:\/\/marymount.emsb.qc.ca\/?s={search_term_string}"},"query-input":{"@type":"PropertyValueSpecification","valueRequired":true,"valueName":"search_term_string"}}],"inLanguage":"fr-FR"},{"@type":"Organization","@id":"https:\/\/marymount.emsb.qc.ca\/#organization","name":"Acad\u00e9mie internationale Marymount","url":"https:\/\/marymount.emsb.qc.ca\/","logo":{"@type":"ImageObject","inLanguage":"fr-FR","@id":"https:\/\/marymount.emsb.qc.ca\/#\/schema\/logo\/image\/","url":"https:\/\/marymount.emsb.qc.ca\/wp-content\/uploads\/sites\/5\/2022\/01\/marymount-logo.jpg","contentUrl":"https:\/\/marymount.emsb.qc.ca\/wp-content\/uploads\/sites\/5\/2022\/01\/marymount-logo.jpg","width":110,"height":149,"caption":"Marymount Academy International"},"image":{"@id":"https:\/\/marymount.emsb.qc.ca\/#\/schema\/logo\/image\/"}}]}},"_links":{"self":[{"href":"https:\/\/marymount.emsb.qc.ca\/fr\/wp-json\/wp\/v2\/pages\/6739","targetHints":{"allow":["GET"]}}],"collection":[{"href":"https:\/\/marymount.emsb.qc.ca\/fr\/wp-json\/wp\/v2\/pages"}],"about":[{"href":"https:\/\/marymount.emsb.qc.ca\/fr\/wp-json\/wp\/v2\/types\/page"}],"author":[{"embeddable":true,"href":"https:\/\/marymount.emsb.qc.ca\/fr\/wp-json\/wp\/v2\/users\/8"}],"replies":[{"embeddable":true,"href":"https:\/\/marymount.emsb.qc.ca\/fr\/wp-json\/wp\/v2\/comments?post=6739"}],"version-history":[{"count":37,"href":"https:\/\/marymount.emsb.qc.ca\/fr\/wp-json\/wp\/v2\/pages\/6739\/revisions"}],"predecessor-version":[{"id":12014,"href":"https:\/\/marymount.emsb.qc.ca\/fr\/wp-json\/wp\/v2\/pages\/6739\/revisions\/12014"}],"wp:attachment":[{"href":"https:\/\/marymount.emsb.qc.ca\/fr\/wp-json\/wp\/v2\/media?parent=6739"}],"curies":[{"name":"wp","href":"https:\/\/api.w.org\/{rel}","templated":true}]}}