
{"id":6720,"date":"2023-09-27T13:23:54","date_gmt":"2023-09-27T17:23:54","guid":{"rendered":"https:\/\/marymount.emsbdev.com\/?page_id=6720"},"modified":"2024-09-05T11:47:32","modified_gmt":"2024-09-05T15:47:32","slug":"school-hours","status":"publish","type":"page","link":"https:\/\/marymount.emsb.qc.ca\/fr\/school-hours\/","title":{"rendered":"Horaires scolaires - Tableau journalier"},"content":{"rendered":"<div data-elementor-type=\"wp-page\" data-elementor-id=\"6720\" class=\"elementor elementor-6720\" data-elementor-post-type=\"page\">\n\t\t\t\t\t\t<section class=\"elementor-section elementor-top-section elementor-element elementor-element-12043a2b elementor-section-boxed elementor-section-height-default elementor-section-height-default\" data-id=\"12043a2b\" data-element_type=\"section\" data-e-type=\"section\" data-settings=\"{&quot;jet_parallax_layout_list&quot;:[]}\">\n\t\t\t\t\t\t<div class=\"elementor-container elementor-column-gap-default\">\n\t\t\t\t\t<div class=\"elementor-column elementor-col-100 elementor-top-column elementor-element elementor-element-3cbb17a2\" data-id=\"3cbb17a2\" data-element_type=\"column\" data-e-type=\"column\">\n\t\t\t<div class=\"elementor-widget-wrap elementor-element-populated\">\n\t\t\t\t\t\t<div class=\"elementor-element elementor-element-2a819b13 elementor-widget__width-auto elementor-widget elementor-widget-heading\" data-id=\"2a819b13\" data-element_type=\"widget\" data-e-type=\"widget\" data-widget_type=\"heading.default\">\n\t\t\t\t<div class=\"elementor-widget-container\">\n\t\t\t\t\t<h2 class=\"elementor-heading-title elementor-size-default\">MARYMOUNT<\/h2>\t\t\t\t<\/div>\n\t\t\t\t<\/div>\n\t\t\t\t\t<\/div>\n\t\t<\/div>\n\t\t\t\t\t<\/div>\n\t\t<\/section>\n\t\t\t\t<section class=\"elementor-section elementor-top-section elementor-element elementor-element-621d156a elementor-section-boxed elementor-section-height-default elementor-section-height-default\" data-id=\"621d156a\" data-element_type=\"section\" data-e-type=\"section\" data-settings=\"{&quot;jet_parallax_layout_list&quot;:[]}\">\n\t\t\t\t\t\t<div class=\"elementor-container elementor-column-gap-default\">\n\t\t\t\t\t<div class=\"elementor-column elementor-col-100 elementor-top-column elementor-element elementor-element-457b50e9\" data-id=\"457b50e9\" data-element_type=\"column\" data-e-type=\"column\">\n\t\t\t<div class=\"elementor-widget-wrap elementor-element-populated\">\n\t\t\t\t\t\t<section class=\"elementor-section elementor-inner-section elementor-element elementor-element-228bb67 elementor-section-boxed elementor-section-height-default elementor-section-height-default\" data-id=\"228bb67\" data-element_type=\"section\" data-e-type=\"section\" data-settings=\"{&quot;jet_parallax_layout_list&quot;:[]}\">\n\t\t\t\t\t\t<div class=\"elementor-container elementor-column-gap-default\">\n\t\t\t\t\t<div class=\"elementor-column elementor-col-50 elementor-inner-column elementor-element elementor-element-9355eb9\" data-id=\"9355eb9\" data-element_type=\"column\" data-e-type=\"column\">\n\t\t\t<div class=\"elementor-widget-wrap elementor-element-populated\">\n\t\t\t\t\t\t<div class=\"elementor-element elementor-element-c8f6fb7 elementor-widget elementor-widget-text-editor\" data-id=\"c8f6fb7\" data-element_type=\"widget\" data-e-type=\"widget\" data-widget_type=\"text-editor.default\">\n\t\t\t\t<div class=\"elementor-widget-container\">\n\t\t\t\t\t\t\t\t\t<h3>Lundi, mardi, jeudi, vendredi<\/h3>\t\t\t\t\t\t\t\t<\/div>\n\t\t\t\t<\/div>\n\t\t\t\t<div class=\"elementor-element elementor-element-baaf3c1 elementor-widget elementor-widget-text-editor\" data-id=\"baaf3c1\" data-element_type=\"widget\" data-e-type=\"widget\" data-widget_type=\"text-editor.default\">\n\t\t\t\t<div class=\"elementor-widget-container\">\n\t\t\t\t\t\t\t\t\t<table width=\"872\"><tbody><tr><th>P\u00e9riode 1<\/th><td>9 h 00 \u00e0 10 h 20<\/td><\/tr><tr><th>P\u00e9riode 2<\/th><td>10 h 25 \u00e0 11 h 45<\/td><\/tr><tr><th>D\u00eener<\/th><td>11 h 45 \u00e0 12 h 45<\/td><\/tr><tr><th>P\u00e9riode 3<\/th><td>12 h 50 \u00e0 14 h 10<\/td><\/tr><tr><th>P\u00e9riode 4<\/th><td>14 h 15 \u00e0 15 h 35<\/td><\/tr><\/tbody><\/table>\t\t\t\t\t\t\t\t<\/div>\n\t\t\t\t<\/div>\n\t\t\t\t\t<\/div>\n\t\t<\/div>\n\t\t\t\t<div class=\"elementor-column elementor-col-50 elementor-inner-column elementor-element elementor-element-4e6170c\" data-id=\"4e6170c\" data-element_type=\"column\" data-e-type=\"column\">\n\t\t\t<div class=\"elementor-widget-wrap elementor-element-populated\">\n\t\t\t\t\t\t<div class=\"elementor-element elementor-element-e7e4296 elementor-widget elementor-widget-text-editor\" data-id=\"e7e4296\" data-element_type=\"widget\" data-e-type=\"widget\" data-widget_type=\"text-editor.default\">\n\t\t\t\t<div class=\"elementor-widget-container\">\n\t\t\t\t\t\t\t\t\t<h2>Mercredi - Mini journ\u00e9e<\/h2>\t\t\t\t\t\t\t\t<\/div>\n\t\t\t\t<\/div>\n\t\t\t\t<div class=\"elementor-element elementor-element-56e0b94 elementor-widget elementor-widget-text-editor\" data-id=\"56e0b94\" data-element_type=\"widget\" data-e-type=\"widget\" data-widget_type=\"text-editor.default\">\n\t\t\t\t<div class=\"elementor-widget-container\">\n\t\t\t\t\t\t\t\t\t<table width=\"872\">\n<tbody>\n<tr>\n<th>P\u00e9riode 1<\/th>\n<td>9 h 00 \u00e0 9 h 55<\/td>\n<\/tr>\n<tr>\n<th>P\u00e9riode 2<\/th>\n<td>10 h 00 \u00e0 10 h 55<\/td>\n<\/tr>\n<tr>\n<th>P\u00e9riode 3<\/th>\n<td>11 h 00 \u00e0 11 h 55<\/td>\n<\/tr>\n<tr>\n<th>P\u00e9riode 4<\/th>\n<td>12 h 00 \u00e0 12 h 55<\/td>\n<\/tr>\n<\/tbody>\n<\/table>\t\t\t\t\t\t\t\t<\/div>\n\t\t\t\t<\/div>\n\t\t\t\t\t<\/div>\n\t\t<\/div>\n\t\t\t\t\t<\/div>\n\t\t<\/section>\n\t\t\t\t<div class=\"elementor-element elementor-element-9a6bd90 elementor-widget elementor-widget-text-editor\" data-id=\"9a6bd90\" data-element_type=\"widget\" data-e-type=\"widget\" data-widget_type=\"text-editor.default\">\n\t\t\t\t<div class=\"elementor-widget-container\">\n\t\t\t\t\t\t\t\t\t<ul><li>Les \u00e9l\u00e8ves peuvent entrer dans l'\u00e9cole \u00e0 partir de 8 h 30 pour se rendre \u00e0 la caf\u00e9t\u00e9ria, o\u00f9 un service de d\u00e9jeuner est offert \u00e0 tous.<\/li><li>Les \u00e9l\u00e8ves ne sont pas autoris\u00e9s \u00e0 se rendre dans d'autres parties du b\u00e2timent avant la sonnerie de 8 h 50 (avant la premi\u00e8re p\u00e9riode), sauf sous la surveillance directe d'un membre du personnel.<\/li><li>Les \u00e9l\u00e8ves de secondaire 1 et 2 doivent rester dans l'enceinte de l'\u00e9cole pendant l'heure du d\u00eener. Les \u00e9l\u00e8ves de 3e, 4e et 5e secondaire sont autoris\u00e9s \u00e0 quitter l'enceinte de l'\u00e9cole \u00e0 l'heure du d\u00eener.<\/li><li>Les \u00e9l\u00e8ves doivent utiliser <span style=\"text-decoration: underline\">uniquement les entr\u00e9es et sorties pr\u00e9vues \u00e0 cet effet.<\/span>. Les \u00e9l\u00e8ves en retard doivent entrer par l'entr\u00e9e principale et se pr\u00e9senter au bureau de la direction. C'est la seule fois o\u00f9 ils doivent utiliser l'entr\u00e9e principale.<\/li><li>Il n'y a pas de service de caf\u00e9t\u00e9ria le mercredi, car tous les \u00e9l\u00e8ves quittent l'\u00e9cole \u00e0 12 h 55.<\/li><li>Les \u00e9l\u00e8ves ne sont PAS autoris\u00e9s \u00e0 se faire livrer de la nourriture \u00e0 l'\u00e9cole \u00e0 l'heure du d\u00eener, ni \u00e0 aucun autre moment.<\/li><\/ul>\t\t\t\t\t\t\t\t<\/div>\n\t\t\t\t<\/div>\n\t\t\t\t\t<\/div>\n\t\t<\/div>\n\t\t\t\t\t<\/div>\n\t\t<\/section>\n\t\t\t\t<\/div>","protected":false},"excerpt":{"rendered":"<p>Monday, Tuesday, Thursday, Friday Period 1 9:00 a.m. to 10:20 a.m. Period 2 10:25 a.m. to 11:45 a.m. Lunch 11:45 a.m. to 12:45 p.m. Period 3 12:50 p.m. to 2:10 p.m. Period 4 2:15 p.m. to 3:35 p.m. Wednesday &#8211; Mini Day Period 1 9:00 a.m. to 9:55 a.m. Period 2 10:00 a.m. to 10:55 [&hellip;]<\/p>\n","protected":false},"author":8,"featured_media":0,"parent":0,"menu_order":0,"comment_status":"closed","ping_status":"closed","template":"","meta":{"site-sidebar-layout":"no-sidebar","site-content-layout":"page-builder","ast-site-content-layout":"default","site-content-style":"default","site-sidebar-style":"default","ast-global-header-display":"","ast-banner-title-visibility":"","ast-main-header-display":"","ast-hfb-above-header-display":"","ast-hfb-below-header-display":"","ast-hfb-mobile-header-display":"","site-post-title":"disabled","ast-breadcrumbs-content":"","ast-featured-img":"disabled","footer-sml-layout":"","ast-disable-related-posts":"","theme-transparent-header-meta":"default","adv-header-id-meta":"","stick-header-meta":"","header-above-stick-meta":"","header-main-stick-meta":"","header-below-stick-meta":"","astra-migrate-meta-layouts":"set","ast-page-background-enabled":"default","ast-page-background-meta":{"desktop":{"background-color":"var(--ast-global-color-4)","background-image":"","background-repeat":"repeat","background-position":"center center","background-size":"auto","background-attachment":"scroll","background-type":"","background-media":"","overlay-type":"","overlay-color":"","overlay-opacity":"","overlay-gradient":""},"tablet":{"background-color":"","background-image":"","background-repeat":"repeat","background-position":"center center","background-size":"auto","background-attachment":"scroll","background-type":"","background-media":"","overlay-type":"","overlay-color":"","overlay-opacity":"","overlay-gradient":""},"mobile":{"background-color":"","background-image":"","background-repeat":"repeat","background-position":"center center","background-size":"auto","background-attachment":"scroll","background-type":"","background-media":"","overlay-type":"","overlay-color":"","overlay-opacity":"","overlay-gradient":""}},"ast-content-background-meta":{"desktop":{"background-color":"var(--ast-global-color-5)","background-image":"","background-repeat":"repeat","background-position":"center center","background-size":"auto","background-attachment":"scroll","background-type":"","background-media":"","overlay-type":"","overlay-color":"","overlay-opacity":"","overlay-gradient":""},"tablet":{"background-color":"var(--ast-global-color-5)","background-image":"","background-repeat":"repeat","background-position":"center center","background-size":"auto","background-attachment":"scroll","background-type":"","background-media":"","overlay-type":"","overlay-color":"","overlay-opacity":"","overlay-gradient":""},"mobile":{"background-color":"var(--ast-global-color-5)","background-image":"","background-repeat":"repeat","background-position":"center center","background-size":"auto","background-attachment":"scroll","background-type":"","background-media":"","overlay-type":"","overlay-color":"","overlay-opacity":"","overlay-gradient":""}},"footnotes":""},"class_list":["post-6720","page","type-page","status-publish","hentry"],"yoast_head":"<!-- This site is optimized with the Yoast SEO plugin v27.3 - https:\/\/yoast.com\/product\/yoast-seo-wordpress\/ -->\n<title>School hours - Daily Time Table - Marymount Academy International<\/title>\n<meta name=\"robots\" content=\"index, follow, max-snippet:-1, max-image-preview:large, max-video-preview:-1\" \/>\n<link rel=\"canonical\" href=\"https:\/\/marymount.emsb.qc.ca\/fr\/school-hours\/\" \/>\n<meta property=\"og:locale\" content=\"fr_FR\" \/>\n<meta property=\"og:type\" content=\"article\" \/>\n<meta property=\"og:title\" content=\"School hours - Daily Time Table - Marymount Academy International\" \/>\n<meta property=\"og:description\" content=\"Monday, Tuesday, Thursday, Friday Period 1 9:00 a.m. to 10:20 a.m. Period 2 10:25 a.m. to 11:45 a.m. Lunch 11:45 a.m. to 12:45 p.m. Period 3 12:50 p.m. to 2:10 p.m. Period 4 2:15 p.m. to 3:35 p.m. Wednesday &#8211; Mini Day Period 1 9:00 a.m. to 9:55 a.m. Period 2 10:00 a.m. to 10:55 [&hellip;]\" \/>\n<meta property=\"og:url\" content=\"https:\/\/marymount.emsb.qc.ca\/fr\/school-hours\/\" \/>\n<meta property=\"og:site_name\" content=\"Marymount Academy International\" \/>\n<meta property=\"article:modified_time\" content=\"2024-09-05T15:47:32+00:00\" \/>\n<meta name=\"twitter:card\" content=\"summary_large_image\" \/>\n<meta name=\"twitter:label1\" content=\"Dur\u00e9e de lecture estim\u00e9e\" \/>\n\t<meta name=\"twitter:data1\" content=\"1 minute\" \/>\n<script type=\"application\/ld+json\" class=\"yoast-schema-graph\">{\"@context\":\"https:\\\/\\\/schema.org\",\"@graph\":[{\"@type\":\"WebPage\",\"@id\":\"https:\\\/\\\/marymount.emsb.qc.ca\\\/school-hours\\\/\",\"url\":\"https:\\\/\\\/marymount.emsb.qc.ca\\\/school-hours\\\/\",\"name\":\"School hours - Daily Time Table - Marymount Academy International\",\"isPartOf\":{\"@id\":\"https:\\\/\\\/marymount.emsb.qc.ca\\\/#website\"},\"datePublished\":\"2023-09-27T17:23:54+00:00\",\"dateModified\":\"2024-09-05T15:47:32+00:00\",\"breadcrumb\":{\"@id\":\"https:\\\/\\\/marymount.emsb.qc.ca\\\/school-hours\\\/#breadcrumb\"},\"inLanguage\":\"fr-FR\",\"potentialAction\":[{\"@type\":\"ReadAction\",\"target\":[\"https:\\\/\\\/marymount.emsb.qc.ca\\\/school-hours\\\/\"]}]},{\"@type\":\"BreadcrumbList\",\"@id\":\"https:\\\/\\\/marymount.emsb.qc.ca\\\/school-hours\\\/#breadcrumb\",\"itemListElement\":[{\"@type\":\"ListItem\",\"position\":1,\"name\":\"Home\",\"item\":\"https:\\\/\\\/marymount.emsb.qc.ca\\\/\"},{\"@type\":\"ListItem\",\"position\":2,\"name\":\"School hours &#8211; Daily Time Table\"}]},{\"@type\":\"WebSite\",\"@id\":\"https:\\\/\\\/marymount.emsb.qc.ca\\\/#website\",\"url\":\"https:\\\/\\\/marymount.emsb.qc.ca\\\/\",\"name\":\"Marymount Academy International\",\"description\":\"Marymount Academy International\",\"publisher\":{\"@id\":\"https:\\\/\\\/marymount.emsb.qc.ca\\\/#organization\"},\"potentialAction\":[{\"@type\":\"SearchAction\",\"target\":{\"@type\":\"EntryPoint\",\"urlTemplate\":\"https:\\\/\\\/marymount.emsb.qc.ca\\\/?s={search_term_string}\"},\"query-input\":{\"@type\":\"PropertyValueSpecification\",\"valueRequired\":true,\"valueName\":\"search_term_string\"}}],\"inLanguage\":\"fr-FR\"},{\"@type\":\"Organization\",\"@id\":\"https:\\\/\\\/marymount.emsb.qc.ca\\\/#organization\",\"name\":\"Marymount Academy International\",\"url\":\"https:\\\/\\\/marymount.emsb.qc.ca\\\/\",\"logo\":{\"@type\":\"ImageObject\",\"inLanguage\":\"fr-FR\",\"@id\":\"https:\\\/\\\/marymount.emsb.qc.ca\\\/#\\\/schema\\\/logo\\\/image\\\/\",\"url\":\"https:\\\/\\\/marymount.emsb.qc.ca\\\/wp-content\\\/uploads\\\/sites\\\/5\\\/2022\\\/01\\\/marymount-logo.jpg\",\"contentUrl\":\"https:\\\/\\\/marymount.emsb.qc.ca\\\/wp-content\\\/uploads\\\/sites\\\/5\\\/2022\\\/01\\\/marymount-logo.jpg\",\"width\":110,\"height\":149,\"caption\":\"Marymount Academy International\"},\"image\":{\"@id\":\"https:\\\/\\\/marymount.emsb.qc.ca\\\/#\\\/schema\\\/logo\\\/image\\\/\"}}]}<\/script>\n<!-- \/ Yoast SEO plugin. -->","yoast_head_json":{"title":"Horaires de l'\u00e9cole - Horaire quotidien - Marymount Academy International","robots":{"index":"index","follow":"follow","max-snippet":"max-snippet:-1","max-image-preview":"max-image-preview:large","max-video-preview":"max-video-preview:-1"},"canonical":"https:\/\/marymount.emsb.qc.ca\/fr\/school-hours\/","og_locale":"fr_FR","og_type":"article","og_title":"School hours - Daily Time Table - Marymount Academy International","og_description":"Monday, Tuesday, Thursday, Friday Period 1 9:00 a.m. to 10:20 a.m. Period 2 10:25 a.m. to 11:45 a.m. Lunch 11:45 a.m. to 12:45 p.m. Period 3 12:50 p.m. to 2:10 p.m. Period 4 2:15 p.m. to 3:35 p.m. Wednesday &#8211; Mini Day Period 1 9:00 a.m. to 9:55 a.m. Period 2 10:00 a.m. to 10:55 [&hellip;]","og_url":"https:\/\/marymount.emsb.qc.ca\/fr\/school-hours\/","og_site_name":"Marymount Academy International","article_modified_time":"2024-09-05T15:47:32+00:00","twitter_card":"summary_large_image","twitter_misc":{"Dur\u00e9e de lecture estim\u00e9e":"1 minute"},"schema":{"@context":"https:\/\/schema.org","@graph":[{"@type":"WebPage","@id":"https:\/\/marymount.emsb.qc.ca\/school-hours\/","url":"https:\/\/marymount.emsb.qc.ca\/school-hours\/","name":"Horaires de l'\u00e9cole - Horaire quotidien - Marymount Academy International","isPartOf":{"@id":"https:\/\/marymount.emsb.qc.ca\/#website"},"datePublished":"2023-09-27T17:23:54+00:00","dateModified":"2024-09-05T15:47:32+00:00","breadcrumb":{"@id":"https:\/\/marymount.emsb.qc.ca\/school-hours\/#breadcrumb"},"inLanguage":"fr-FR","potentialAction":[{"@type":"ReadAction","target":["https:\/\/marymount.emsb.qc.ca\/school-hours\/"]}]},{"@type":"BreadcrumbList","@id":"https:\/\/marymount.emsb.qc.ca\/school-hours\/#breadcrumb","itemListElement":[{"@type":"ListItem","position":1,"name":"Home","item":"https:\/\/marymount.emsb.qc.ca\/"},{"@type":"ListItem","position":2,"name":"School hours &#8211; Daily Time Table"}]},{"@type":"WebSite","@id":"https:\/\/marymount.emsb.qc.ca\/#website","url":"https:\/\/marymount.emsb.qc.ca\/","name":"Acad\u00e9mie internationale Marymount","description":"Acad\u00e9mie internationale Marymount","publisher":{"@id":"https:\/\/marymount.emsb.qc.ca\/#organization"},"potentialAction":[{"@type":"SearchAction","target":{"@type":"EntryPoint","urlTemplate":"https:\/\/marymount.emsb.qc.ca\/?s={search_term_string}"},"query-input":{"@type":"PropertyValueSpecification","valueRequired":true,"valueName":"search_term_string"}}],"inLanguage":"fr-FR"},{"@type":"Organization","@id":"https:\/\/marymount.emsb.qc.ca\/#organization","name":"Acad\u00e9mie internationale Marymount","url":"https:\/\/marymount.emsb.qc.ca\/","logo":{"@type":"ImageObject","inLanguage":"fr-FR","@id":"https:\/\/marymount.emsb.qc.ca\/#\/schema\/logo\/image\/","url":"https:\/\/marymount.emsb.qc.ca\/wp-content\/uploads\/sites\/5\/2022\/01\/marymount-logo.jpg","contentUrl":"https:\/\/marymount.emsb.qc.ca\/wp-content\/uploads\/sites\/5\/2022\/01\/marymount-logo.jpg","width":110,"height":149,"caption":"Marymount Academy International"},"image":{"@id":"https:\/\/marymount.emsb.qc.ca\/#\/schema\/logo\/image\/"}}]}},"_links":{"self":[{"href":"https:\/\/marymount.emsb.qc.ca\/fr\/wp-json\/wp\/v2\/pages\/6720","targetHints":{"allow":["GET"]}}],"collection":[{"href":"https:\/\/marymount.emsb.qc.ca\/fr\/wp-json\/wp\/v2\/pages"}],"about":[{"href":"https:\/\/marymount.emsb.qc.ca\/fr\/wp-json\/wp\/v2\/types\/page"}],"author":[{"embeddable":true,"href":"https:\/\/marymount.emsb.qc.ca\/fr\/wp-json\/wp\/v2\/users\/8"}],"replies":[{"embeddable":true,"href":"https:\/\/marymount.emsb.qc.ca\/fr\/wp-json\/wp\/v2\/comments?post=6720"}],"version-history":[{"count":63,"href":"https:\/\/marymount.emsb.qc.ca\/fr\/wp-json\/wp\/v2\/pages\/6720\/revisions"}],"predecessor-version":[{"id":12017,"href":"https:\/\/marymount.emsb.qc.ca\/fr\/wp-json\/wp\/v2\/pages\/6720\/revisions\/12017"}],"wp:attachment":[{"href":"https:\/\/marymount.emsb.qc.ca\/fr\/wp-json\/wp\/v2\/media?parent=6720"}],"curies":[{"name":"wp","href":"https:\/\/api.w.org\/{rel}","templated":true}]}}