
{"id":6706,"date":"2023-09-25T09:55:23","date_gmt":"2023-09-25T13:55:23","guid":{"rendered":"https:\/\/marymount.emsbdev.com\/?page_id=6706"},"modified":"2024-09-05T11:47:48","modified_gmt":"2024-09-05T15:47:48","slug":"mission-vision","status":"publish","type":"page","link":"https:\/\/marymount.emsb.qc.ca\/fr\/mission-vision\/","title":{"rendered":"Notre mission et notre vision"},"content":{"rendered":"<div data-elementor-type=\"wp-page\" data-elementor-id=\"6706\" class=\"elementor elementor-6706\" data-elementor-post-type=\"page\">\n\t\t\t\t\t\t<section class=\"elementor-section elementor-top-section elementor-element elementor-element-6511aa elementor-section-full_width elementor-section-height-default elementor-section-height-default\" data-id=\"6511aa\" data-element_type=\"section\" data-e-type=\"section\" data-settings=\"{&quot;jet_parallax_layout_list&quot;:[]}\">\n\t\t\t\t\t\t<div class=\"elementor-container elementor-column-gap-default\">\n\t\t\t\t\t<div class=\"elementor-column elementor-col-100 elementor-top-column elementor-element elementor-element-6e4ef42b\" data-id=\"6e4ef42b\" data-element_type=\"column\" data-e-type=\"column\">\n\t\t\t<div class=\"elementor-widget-wrap elementor-element-populated\">\n\t\t\t\t\t\t<div class=\"elementor-element elementor-element-345e70f0 elementor-widget elementor-widget-image\" data-id=\"345e70f0\" data-element_type=\"widget\" data-e-type=\"widget\" data-widget_type=\"image.default\">\n\t\t\t\t<div class=\"elementor-widget-container\">\n\t\t\t\t\t\t\t\t\t\t\t\t\t\t\t<img fetchpriority=\"high\" decoding=\"async\" width=\"768\" height=\"140\" src=\"https:\/\/marymount.emsb.qc.ca\/wp-content\/uploads\/sites\/5\/2024\/07\/banner-marymount21-768x140.jpg\" class=\"attachment-medium_large size-medium_large wp-image-11198\" alt=\"\" srcset=\"https:\/\/marymount.emsb.qc.ca\/wp-content\/uploads\/sites\/5\/2024\/07\/banner-marymount21-768x140.jpg 768w, https:\/\/marymount.emsb.qc.ca\/wp-content\/uploads\/sites\/5\/2024\/07\/banner-marymount21-300x55.jpg 300w, https:\/\/marymount.emsb.qc.ca\/wp-content\/uploads\/sites\/5\/2024\/07\/banner-marymount21-1024x187.jpg 1024w, https:\/\/marymount.emsb.qc.ca\/wp-content\/uploads\/sites\/5\/2024\/07\/banner-marymount21-1536x280.jpg 1536w, https:\/\/marymount.emsb.qc.ca\/wp-content\/uploads\/sites\/5\/2024\/07\/banner-marymount21-18x3.jpg 18w, https:\/\/marymount.emsb.qc.ca\/wp-content\/uploads\/sites\/5\/2024\/07\/banner-marymount21.jpg 1920w\" sizes=\"(max-width: 768px) 100vw, 768px\" \/>\t\t\t\t\t\t\t\t\t\t\t\t\t\t\t<\/div>\n\t\t\t\t<\/div>\n\t\t\t\t\t<\/div>\n\t\t<\/div>\n\t\t\t\t\t<\/div>\n\t\t<\/section>\n\t\t\t\t<section class=\"elementor-section elementor-top-section elementor-element elementor-element-946a3f3 elementor-section-boxed elementor-section-height-default elementor-section-height-default\" data-id=\"946a3f3\" data-element_type=\"section\" data-e-type=\"section\" data-settings=\"{&quot;jet_parallax_layout_list&quot;:[]}\">\n\t\t\t\t\t\t<div class=\"elementor-container elementor-column-gap-no\">\n\t\t\t\t\t<div class=\"elementor-column elementor-col-100 elementor-top-column elementor-element elementor-element-d922fc6\" data-id=\"d922fc6\" data-element_type=\"column\" data-e-type=\"column\">\n\t\t\t<div class=\"elementor-widget-wrap elementor-element-populated\">\n\t\t\t\t\t\t<div class=\"elementor-element elementor-element-e13c975 elementor-widget__width-auto elementor-widget elementor-widget-heading\" data-id=\"e13c975\" data-element_type=\"widget\" data-e-type=\"widget\" data-widget_type=\"heading.default\">\n\t\t\t\t<div class=\"elementor-widget-container\">\n\t\t\t\t\t<h2 class=\"elementor-heading-title elementor-size-default\">-<\/h2>\t\t\t\t<\/div>\n\t\t\t\t<\/div>\n\t\t\t\t<div class=\"elementor-element elementor-element-1460345 elementor-widget__width-initial elementor-widget elementor-widget-heading\" data-id=\"1460345\" data-element_type=\"widget\" data-e-type=\"widget\" data-widget_type=\"heading.default\">\n\t\t\t\t<div class=\"elementor-widget-container\">\n\t\t\t\t\t<h2 class=\"elementor-heading-title elementor-size-default\">MISSION<\/h2>\t\t\t\t<\/div>\n\t\t\t\t<\/div>\n\t\t\t\t\t<\/div>\n\t\t<\/div>\n\t\t\t\t\t<\/div>\n\t\t<\/section>\n\t\t\t\t<section class=\"elementor-section elementor-top-section elementor-element elementor-element-4c92346 elementor-section-boxed elementor-section-height-default elementor-section-height-default\" data-id=\"4c92346\" data-element_type=\"section\" data-e-type=\"section\" data-settings=\"{&quot;jet_parallax_layout_list&quot;:[]}\">\n\t\t\t\t\t\t<div class=\"elementor-container elementor-column-gap-default\">\n\t\t\t\t\t<div class=\"elementor-column elementor-col-100 elementor-top-column elementor-element elementor-element-7e6ce2a\" data-id=\"7e6ce2a\" data-element_type=\"column\" data-e-type=\"column\">\n\t\t\t<div class=\"elementor-widget-wrap elementor-element-populated\">\n\t\t\t\t\t\t<div class=\"elementor-element elementor-element-abe360b elementor-widget elementor-widget-text-editor\" data-id=\"abe360b\" data-element_type=\"widget\" data-e-type=\"widget\" data-widget_type=\"text-editor.default\">\n\t\t\t\t<div class=\"elementor-widget-container\">\n\t\t\t\t\t\t\t\t\t<p>L'Acad\u00e9mie internationale Marymount croit en un environnement respectueux, bienveillant et inclusif o\u00f9 les \u00e9l\u00e8ves sont habilit\u00e9s \u00e0 relever les d\u00e9fis de demain.<\/p>\t\t\t\t\t\t\t\t<\/div>\n\t\t\t\t<\/div>\n\t\t\t\t\t<\/div>\n\t\t<\/div>\n\t\t\t\t\t<\/div>\n\t\t<\/section>\n\t\t\t\t<section class=\"elementor-section elementor-top-section elementor-element elementor-element-76d367d elementor-section-boxed elementor-section-height-default elementor-section-height-default\" data-id=\"76d367d\" data-element_type=\"section\" data-e-type=\"section\" data-settings=\"{&quot;jet_parallax_layout_list&quot;:[]}\">\n\t\t\t\t\t\t<div class=\"elementor-container elementor-column-gap-no\">\n\t\t\t\t\t<div class=\"elementor-column elementor-col-100 elementor-top-column elementor-element elementor-element-dc56c70\" data-id=\"dc56c70\" data-element_type=\"column\" data-e-type=\"column\">\n\t\t\t<div class=\"elementor-widget-wrap elementor-element-populated\">\n\t\t\t\t\t\t<div class=\"elementor-element elementor-element-2b431b0 elementor-widget__width-auto elementor-widget elementor-widget-heading\" data-id=\"2b431b0\" data-element_type=\"widget\" data-e-type=\"widget\" data-widget_type=\"heading.default\">\n\t\t\t\t<div class=\"elementor-widget-container\">\n\t\t\t\t\t<h2 class=\"elementor-heading-title elementor-size-default\">-<\/h2>\t\t\t\t<\/div>\n\t\t\t\t<\/div>\n\t\t\t\t<div class=\"elementor-element elementor-element-306a5d8 elementor-widget__width-initial elementor-widget elementor-widget-heading\" data-id=\"306a5d8\" data-element_type=\"widget\" data-e-type=\"widget\" data-widget_type=\"heading.default\">\n\t\t\t\t<div class=\"elementor-widget-container\">\n\t\t\t\t\t<h2 class=\"elementor-heading-title elementor-size-default\">VALEURS<\/h2>\t\t\t\t<\/div>\n\t\t\t\t<\/div>\n\t\t\t\t\t<\/div>\n\t\t<\/div>\n\t\t\t\t\t<\/div>\n\t\t<\/section>\n\t\t\t\t<section class=\"elementor-section elementor-top-section elementor-element elementor-element-b63d13f elementor-section-boxed elementor-section-height-default elementor-section-height-default\" data-id=\"b63d13f\" data-element_type=\"section\" data-e-type=\"section\" data-settings=\"{&quot;jet_parallax_layout_list&quot;:[]}\">\n\t\t\t\t\t\t<div class=\"elementor-container elementor-column-gap-default\">\n\t\t\t\t\t<div class=\"elementor-column elementor-col-100 elementor-top-column elementor-element elementor-element-2e86ad4\" data-id=\"2e86ad4\" data-element_type=\"column\" data-e-type=\"column\">\n\t\t\t<div class=\"elementor-widget-wrap elementor-element-populated\">\n\t\t\t\t\t\t<div class=\"elementor-element elementor-element-b5bac6d elementor-widget elementor-widget-text-editor\" data-id=\"b5bac6d\" data-element_type=\"widget\" data-e-type=\"widget\" data-widget_type=\"text-editor.default\">\n\t\t\t\t<div class=\"elementor-widget-container\">\n\t\t\t\t\t\t\t\t\t<p>L' Acad\u00e9mie internationale Marymount croit en :<br \/>Un environnement scolaire positif pour les \u00e9l\u00e8ves de toutes les cultures et de tous les milieux.<br \/>Un enseignement pertinent et la poursuite de l'apprentissage tout au long de la vie<br \/>Un sens de la communaut\u00e9 et du partenariat entre tous les \u00e9l\u00e8ves<br \/>La recherche de l'excellence<br \/>Un sens aigu du respect de soi, de la communaut\u00e9, de l'environnement et des autres.<br \/>L'\u00e9ducation comme tremplin vers une vie compl\u00e8te et \u00e9panouie<\/p>\t\t\t\t\t\t\t\t<\/div>\n\t\t\t\t<\/div>\n\t\t\t\t\t<\/div>\n\t\t<\/div>\n\t\t\t\t\t<\/div>\n\t\t<\/section>\n\t\t\t\t<section class=\"elementor-section elementor-top-section elementor-element elementor-element-dac1a15 elementor-section-boxed elementor-section-height-default elementor-section-height-default\" data-id=\"dac1a15\" data-element_type=\"section\" data-e-type=\"section\" data-settings=\"{&quot;jet_parallax_layout_list&quot;:[]}\">\n\t\t\t\t\t\t<div class=\"elementor-container elementor-column-gap-no\">\n\t\t\t\t\t<div class=\"elementor-column elementor-col-100 elementor-top-column elementor-element elementor-element-e24d6eb\" data-id=\"e24d6eb\" data-element_type=\"column\" data-e-type=\"column\">\n\t\t\t<div class=\"elementor-widget-wrap elementor-element-populated\">\n\t\t\t\t\t\t<div class=\"elementor-element elementor-element-02f67c7 elementor-widget__width-auto elementor-widget elementor-widget-heading\" data-id=\"02f67c7\" data-element_type=\"widget\" data-e-type=\"widget\" data-widget_type=\"heading.default\">\n\t\t\t\t<div class=\"elementor-widget-container\">\n\t\t\t\t\t<h2 class=\"elementor-heading-title elementor-size-default\">-<\/h2>\t\t\t\t<\/div>\n\t\t\t\t<\/div>\n\t\t\t\t<div class=\"elementor-element elementor-element-a869989 elementor-widget__width-initial elementor-widget elementor-widget-heading\" data-id=\"a869989\" data-element_type=\"widget\" data-e-type=\"widget\" data-widget_type=\"heading.default\">\n\t\t\t\t<div class=\"elementor-widget-container\">\n\t\t\t\t\t<h2 class=\"elementor-heading-title elementor-size-default\">VISION<\/h2>\t\t\t\t<\/div>\n\t\t\t\t<\/div>\n\t\t\t\t\t<\/div>\n\t\t<\/div>\n\t\t\t\t\t<\/div>\n\t\t<\/section>\n\t\t\t\t<section class=\"elementor-section elementor-top-section elementor-element elementor-element-b815f1e elementor-section-boxed elementor-section-height-default elementor-section-height-default\" data-id=\"b815f1e\" data-element_type=\"section\" data-e-type=\"section\" data-settings=\"{&quot;jet_parallax_layout_list&quot;:[]}\">\n\t\t\t\t\t\t<div class=\"elementor-container elementor-column-gap-default\">\n\t\t\t\t\t<div class=\"elementor-column elementor-col-100 elementor-top-column elementor-element elementor-element-026ed37\" data-id=\"026ed37\" data-element_type=\"column\" data-e-type=\"column\">\n\t\t\t<div class=\"elementor-widget-wrap elementor-element-populated\">\n\t\t\t\t\t\t<div class=\"elementor-element elementor-element-13b66f5 elementor-widget elementor-widget-text-editor\" data-id=\"13b66f5\" data-element_type=\"widget\" data-e-type=\"widget\" data-widget_type=\"text-editor.default\">\n\t\t\t\t<div class=\"elementor-widget-container\">\n\t\t\t\t\t\t\t\t\t<p class=\"p1\">Nous envisageons l'Acad\u00e9mie internationale Marymount comme une \u00e9cole qui met l'accent sur des normes p\u00e9dgogiques plus \u00e9lev\u00e9es tout en continuant \u00e0 reconna\u00eetre les besoins individuels de la population \u00e9tudiante. Nous encourageons une participation accrue aux activit\u00e9s parascolaires, ainsi qu'un plus grand sens du respect et de la communaut\u00e9. Les dipl\u00f4m\u00e9s de Marymount seront des citoyens impliqu\u00e9s et productifs dans une soci\u00e9t\u00e9 en constante \u00e9volution.<\/p>\t\t\t\t\t\t\t\t<\/div>\n\t\t\t\t<\/div>\n\t\t\t\t\t<\/div>\n\t\t<\/div>\n\t\t\t\t\t<\/div>\n\t\t<\/section>\n\t\t\t\t<\/div>","protected":false},"excerpt":{"rendered":"<p>Our MISSION Marymount Academy International believes in a respectful, caring, and inclusive environment where students are empowered to meet the upcoming challenges of tomorrow. Our VALUES Marymount Academy International believes in:A positive school environment for students from all cultures and backgroundsMeaningful instruction and the pursuit of lifelong learningA sense of community and partnership among all [&hellip;]<\/p>\n","protected":false},"author":8,"featured_media":0,"parent":0,"menu_order":0,"comment_status":"closed","ping_status":"closed","template":"","meta":{"site-sidebar-layout":"no-sidebar","site-content-layout":"page-builder","ast-site-content-layout":"full-width-container","site-content-style":"unboxed","site-sidebar-style":"unboxed","ast-global-header-display":"","ast-banner-title-visibility":"","ast-main-header-display":"","ast-hfb-above-header-display":"","ast-hfb-below-header-display":"","ast-hfb-mobile-header-display":"","site-post-title":"disabled","ast-breadcrumbs-content":"","ast-featured-img":"disabled","footer-sml-layout":"","ast-disable-related-posts":"","theme-transparent-header-meta":"default","adv-header-id-meta":"","stick-header-meta":"","header-above-stick-meta":"","header-main-stick-meta":"","header-below-stick-meta":"","astra-migrate-meta-layouts":"set","ast-page-background-enabled":"default","ast-page-background-meta":{"desktop":{"background-color":"var(--ast-global-color-4)","background-image":"","background-repeat":"repeat","background-position":"center center","background-size":"auto","background-attachment":"scroll","background-type":"","background-media":"","overlay-type":"","overlay-color":"","overlay-opacity":"","overlay-gradient":""},"tablet":{"background-color":"","background-image":"","background-repeat":"repeat","background-position":"center center","background-size":"auto","background-attachment":"scroll","background-type":"","background-media":"","overlay-type":"","overlay-color":"","overlay-opacity":"","overlay-gradient":""},"mobile":{"background-color":"","background-image":"","background-repeat":"repeat","background-position":"center center","background-size":"auto","background-attachment":"scroll","background-type":"","background-media":"","overlay-type":"","overlay-color":"","overlay-opacity":"","overlay-gradient":""}},"ast-content-background-meta":{"desktop":{"background-color":"var(--ast-global-color-5)","background-image":"","background-repeat":"repeat","background-position":"center center","background-size":"auto","background-attachment":"scroll","background-type":"","background-media":"","overlay-type":"","overlay-color":"","overlay-opacity":"","overlay-gradient":""},"tablet":{"background-color":"var(--ast-global-color-5)","background-image":"","background-repeat":"repeat","background-position":"center center","background-size":"auto","background-attachment":"scroll","background-type":"","background-media":"","overlay-type":"","overlay-color":"","overlay-opacity":"","overlay-gradient":""},"mobile":{"background-color":"var(--ast-global-color-5)","background-image":"","background-repeat":"repeat","background-position":"center center","background-size":"auto","background-attachment":"scroll","background-type":"","background-media":"","overlay-type":"","overlay-color":"","overlay-opacity":"","overlay-gradient":""}},"footnotes":""},"class_list":["post-6706","page","type-page","status-publish","hentry"],"yoast_head":"<!-- This site is optimized with the Yoast SEO plugin v27.3 - https:\/\/yoast.com\/product\/yoast-seo-wordpress\/ -->\n<title>Our Mission and Vision - Marymount Academy International<\/title>\n<meta name=\"robots\" content=\"index, follow, max-snippet:-1, max-image-preview:large, max-video-preview:-1\" \/>\n<link rel=\"canonical\" href=\"https:\/\/marymount.emsb.qc.ca\/fr\/mission-vision\/\" \/>\n<meta property=\"og:locale\" content=\"fr_FR\" \/>\n<meta property=\"og:type\" content=\"article\" \/>\n<meta property=\"og:title\" content=\"Our Mission and Vision - Marymount Academy International\" \/>\n<meta property=\"og:description\" content=\"Our MISSION Marymount Academy International believes in a respectful, caring, and inclusive environment where students are empowered to meet the upcoming challenges of tomorrow. Our VALUES Marymount Academy International believes in:A positive school environment for students from all cultures and backgroundsMeaningful instruction and the pursuit of lifelong learningA sense of community and partnership among all [&hellip;]\" \/>\n<meta property=\"og:url\" content=\"https:\/\/marymount.emsb.qc.ca\/fr\/mission-vision\/\" \/>\n<meta property=\"og:site_name\" content=\"Marymount Academy International\" \/>\n<meta property=\"article:modified_time\" content=\"2024-09-05T15:47:48+00:00\" \/>\n<meta property=\"og:image\" content=\"https:\/\/marymount.emsb.qc.ca\/wp-content\/uploads\/sites\/5\/2024\/07\/banner-marymount21-768x140.jpg\" \/>\n<meta name=\"twitter:card\" content=\"summary_large_image\" \/>\n<meta name=\"twitter:label1\" content=\"Dur\u00e9e de lecture estim\u00e9e\" \/>\n\t<meta name=\"twitter:data1\" content=\"1 minute\" \/>\n<script type=\"application\/ld+json\" class=\"yoast-schema-graph\">{\"@context\":\"https:\\\/\\\/schema.org\",\"@graph\":[{\"@type\":\"WebPage\",\"@id\":\"https:\\\/\\\/marymount.emsb.qc.ca\\\/fr\\\/mission-vision\\\/\",\"url\":\"https:\\\/\\\/marymount.emsb.qc.ca\\\/fr\\\/mission-vision\\\/\",\"name\":\"Our Mission and Vision - Marymount Academy International\",\"isPartOf\":{\"@id\":\"https:\\\/\\\/marymount.emsb.qc.ca\\\/#website\"},\"primaryImageOfPage\":{\"@id\":\"https:\\\/\\\/marymount.emsb.qc.ca\\\/fr\\\/mission-vision\\\/#primaryimage\"},\"image\":{\"@id\":\"https:\\\/\\\/marymount.emsb.qc.ca\\\/fr\\\/mission-vision\\\/#primaryimage\"},\"thumbnailUrl\":\"https:\\\/\\\/marymount.emsb.qc.ca\\\/wp-content\\\/uploads\\\/sites\\\/5\\\/2024\\\/07\\\/banner-marymount21-768x140.jpg\",\"datePublished\":\"2023-09-25T13:55:23+00:00\",\"dateModified\":\"2024-09-05T15:47:48+00:00\",\"breadcrumb\":{\"@id\":\"https:\\\/\\\/marymount.emsb.qc.ca\\\/fr\\\/mission-vision\\\/#breadcrumb\"},\"inLanguage\":\"fr-FR\",\"potentialAction\":[{\"@type\":\"ReadAction\",\"target\":[\"https:\\\/\\\/marymount.emsb.qc.ca\\\/fr\\\/mission-vision\\\/\"]}]},{\"@type\":\"ImageObject\",\"inLanguage\":\"fr-FR\",\"@id\":\"https:\\\/\\\/marymount.emsb.qc.ca\\\/fr\\\/mission-vision\\\/#primaryimage\",\"url\":\"https:\\\/\\\/marymount.emsb.qc.ca\\\/wp-content\\\/uploads\\\/sites\\\/5\\\/2024\\\/07\\\/banner-marymount21-768x140.jpg\",\"contentUrl\":\"https:\\\/\\\/marymount.emsb.qc.ca\\\/wp-content\\\/uploads\\\/sites\\\/5\\\/2024\\\/07\\\/banner-marymount21-768x140.jpg\"},{\"@type\":\"BreadcrumbList\",\"@id\":\"https:\\\/\\\/marymount.emsb.qc.ca\\\/fr\\\/mission-vision\\\/#breadcrumb\",\"itemListElement\":[{\"@type\":\"ListItem\",\"position\":1,\"name\":\"Home\",\"item\":\"https:\\\/\\\/marymount.emsb.qc.ca\\\/\"},{\"@type\":\"ListItem\",\"position\":2,\"name\":\"Our Mission and Vision\"}]},{\"@type\":\"WebSite\",\"@id\":\"https:\\\/\\\/marymount.emsb.qc.ca\\\/#website\",\"url\":\"https:\\\/\\\/marymount.emsb.qc.ca\\\/\",\"name\":\"Marymount Academy International\",\"description\":\"Marymount Academy International\",\"publisher\":{\"@id\":\"https:\\\/\\\/marymount.emsb.qc.ca\\\/#organization\"},\"potentialAction\":[{\"@type\":\"SearchAction\",\"target\":{\"@type\":\"EntryPoint\",\"urlTemplate\":\"https:\\\/\\\/marymount.emsb.qc.ca\\\/?s={search_term_string}\"},\"query-input\":{\"@type\":\"PropertyValueSpecification\",\"valueRequired\":true,\"valueName\":\"search_term_string\"}}],\"inLanguage\":\"fr-FR\"},{\"@type\":\"Organization\",\"@id\":\"https:\\\/\\\/marymount.emsb.qc.ca\\\/#organization\",\"name\":\"Marymount Academy International\",\"url\":\"https:\\\/\\\/marymount.emsb.qc.ca\\\/\",\"logo\":{\"@type\":\"ImageObject\",\"inLanguage\":\"fr-FR\",\"@id\":\"https:\\\/\\\/marymount.emsb.qc.ca\\\/#\\\/schema\\\/logo\\\/image\\\/\",\"url\":\"https:\\\/\\\/marymount.emsb.qc.ca\\\/wp-content\\\/uploads\\\/sites\\\/5\\\/2022\\\/01\\\/marymount-logo.jpg\",\"contentUrl\":\"https:\\\/\\\/marymount.emsb.qc.ca\\\/wp-content\\\/uploads\\\/sites\\\/5\\\/2022\\\/01\\\/marymount-logo.jpg\",\"width\":110,\"height\":149,\"caption\":\"Marymount Academy International\"},\"image\":{\"@id\":\"https:\\\/\\\/marymount.emsb.qc.ca\\\/#\\\/schema\\\/logo\\\/image\\\/\"}}]}<\/script>\n<!-- \/ Yoast SEO plugin. -->","yoast_head_json":{"title":"Notre mission et notre vision - Marymount Academy International","robots":{"index":"index","follow":"follow","max-snippet":"max-snippet:-1","max-image-preview":"max-image-preview:large","max-video-preview":"max-video-preview:-1"},"canonical":"https:\/\/marymount.emsb.qc.ca\/fr\/mission-vision\/","og_locale":"fr_FR","og_type":"article","og_title":"Our Mission and Vision - Marymount Academy International","og_description":"Our MISSION Marymount Academy International believes in a respectful, caring, and inclusive environment where students are empowered to meet the upcoming challenges of tomorrow. Our VALUES Marymount Academy International believes in:A positive school environment for students from all cultures and backgroundsMeaningful instruction and the pursuit of lifelong learningA sense of community and partnership among all [&hellip;]","og_url":"https:\/\/marymount.emsb.qc.ca\/fr\/mission-vision\/","og_site_name":"Marymount Academy International","article_modified_time":"2024-09-05T15:47:48+00:00","og_image":[{"url":"https:\/\/marymount.emsb.qc.ca\/wp-content\/uploads\/sites\/5\/2024\/07\/banner-marymount21-768x140.jpg","type":"","width":"","height":""}],"twitter_card":"summary_large_image","twitter_misc":{"Dur\u00e9e de lecture estim\u00e9e":"1 minute"},"schema":{"@context":"https:\/\/schema.org","@graph":[{"@type":"WebPage","@id":"https:\/\/marymount.emsb.qc.ca\/fr\/mission-vision\/","url":"https:\/\/marymount.emsb.qc.ca\/fr\/mission-vision\/","name":"Notre mission et notre vision - Marymount Academy International","isPartOf":{"@id":"https:\/\/marymount.emsb.qc.ca\/#website"},"primaryImageOfPage":{"@id":"https:\/\/marymount.emsb.qc.ca\/fr\/mission-vision\/#primaryimage"},"image":{"@id":"https:\/\/marymount.emsb.qc.ca\/fr\/mission-vision\/#primaryimage"},"thumbnailUrl":"https:\/\/marymount.emsb.qc.ca\/wp-content\/uploads\/sites\/5\/2024\/07\/banner-marymount21-768x140.jpg","datePublished":"2023-09-25T13:55:23+00:00","dateModified":"2024-09-05T15:47:48+00:00","breadcrumb":{"@id":"https:\/\/marymount.emsb.qc.ca\/fr\/mission-vision\/#breadcrumb"},"inLanguage":"fr-FR","potentialAction":[{"@type":"ReadAction","target":["https:\/\/marymount.emsb.qc.ca\/fr\/mission-vision\/"]}]},{"@type":"ImageObject","inLanguage":"fr-FR","@id":"https:\/\/marymount.emsb.qc.ca\/fr\/mission-vision\/#primaryimage","url":"https:\/\/marymount.emsb.qc.ca\/wp-content\/uploads\/sites\/5\/2024\/07\/banner-marymount21-768x140.jpg","contentUrl":"https:\/\/marymount.emsb.qc.ca\/wp-content\/uploads\/sites\/5\/2024\/07\/banner-marymount21-768x140.jpg"},{"@type":"BreadcrumbList","@id":"https:\/\/marymount.emsb.qc.ca\/fr\/mission-vision\/#breadcrumb","itemListElement":[{"@type":"ListItem","position":1,"name":"Home","item":"https:\/\/marymount.emsb.qc.ca\/"},{"@type":"ListItem","position":2,"name":"Our Mission and Vision"}]},{"@type":"WebSite","@id":"https:\/\/marymount.emsb.qc.ca\/#website","url":"https:\/\/marymount.emsb.qc.ca\/","name":"Acad\u00e9mie internationale Marymount","description":"Acad\u00e9mie internationale Marymount","publisher":{"@id":"https:\/\/marymount.emsb.qc.ca\/#organization"},"potentialAction":[{"@type":"SearchAction","target":{"@type":"EntryPoint","urlTemplate":"https:\/\/marymount.emsb.qc.ca\/?s={search_term_string}"},"query-input":{"@type":"PropertyValueSpecification","valueRequired":true,"valueName":"search_term_string"}}],"inLanguage":"fr-FR"},{"@type":"Organization","@id":"https:\/\/marymount.emsb.qc.ca\/#organization","name":"Acad\u00e9mie internationale Marymount","url":"https:\/\/marymount.emsb.qc.ca\/","logo":{"@type":"ImageObject","inLanguage":"fr-FR","@id":"https:\/\/marymount.emsb.qc.ca\/#\/schema\/logo\/image\/","url":"https:\/\/marymount.emsb.qc.ca\/wp-content\/uploads\/sites\/5\/2022\/01\/marymount-logo.jpg","contentUrl":"https:\/\/marymount.emsb.qc.ca\/wp-content\/uploads\/sites\/5\/2022\/01\/marymount-logo.jpg","width":110,"height":149,"caption":"Marymount Academy International"},"image":{"@id":"https:\/\/marymount.emsb.qc.ca\/#\/schema\/logo\/image\/"}}]}},"_links":{"self":[{"href":"https:\/\/marymount.emsb.qc.ca\/fr\/wp-json\/wp\/v2\/pages\/6706","targetHints":{"allow":["GET"]}}],"collection":[{"href":"https:\/\/marymount.emsb.qc.ca\/fr\/wp-json\/wp\/v2\/pages"}],"about":[{"href":"https:\/\/marymount.emsb.qc.ca\/fr\/wp-json\/wp\/v2\/types\/page"}],"author":[{"embeddable":true,"href":"https:\/\/marymount.emsb.qc.ca\/fr\/wp-json\/wp\/v2\/users\/8"}],"replies":[{"embeddable":true,"href":"https:\/\/marymount.emsb.qc.ca\/fr\/wp-json\/wp\/v2\/comments?post=6706"}],"version-history":[{"count":49,"href":"https:\/\/marymount.emsb.qc.ca\/fr\/wp-json\/wp\/v2\/pages\/6706\/revisions"}],"predecessor-version":[{"id":12020,"href":"https:\/\/marymount.emsb.qc.ca\/fr\/wp-json\/wp\/v2\/pages\/6706\/revisions\/12020"}],"wp:attachment":[{"href":"https:\/\/marymount.emsb.qc.ca\/fr\/wp-json\/wp\/v2\/media?parent=6706"}],"curies":[{"name":"wp","href":"https:\/\/api.w.org\/{rel}","templated":true}]}}