
{"id":6473,"date":"2023-02-21T11:14:44","date_gmt":"2023-02-21T16:14:44","guid":{"rendered":"https:\/\/marymount.emsbdev.com\/?page_id=6473"},"modified":"2024-09-05T11:48:04","modified_gmt":"2024-09-05T15:48:04","slug":"cultural-activities","status":"publish","type":"page","link":"https:\/\/marymount.emsb.qc.ca\/fr\/cultural-activities\/","title":{"rendered":"Activit\u00e9s culturelles"},"content":{"rendered":"<div data-elementor-type=\"wp-page\" data-elementor-id=\"6473\" class=\"elementor elementor-6473\" data-elementor-post-type=\"page\">\n\t\t\t\t\t\t<section class=\"elementor-section elementor-top-section elementor-element elementor-element-2505008 elementor-section-boxed elementor-section-height-default elementor-section-height-default\" data-id=\"2505008\" data-element_type=\"section\" data-e-type=\"section\" data-settings=\"{&quot;jet_parallax_layout_list&quot;:[]}\">\n\t\t\t\t\t\t<div class=\"elementor-container elementor-column-gap-default\">\n\t\t\t\t\t<div class=\"elementor-column elementor-col-100 elementor-top-column elementor-element elementor-element-d5857e1\" data-id=\"d5857e1\" data-element_type=\"column\" data-e-type=\"column\">\n\t\t\t<div class=\"elementor-widget-wrap elementor-element-populated\">\n\t\t\t\t\t\t<div class=\"elementor-element elementor-element-efa8130 elementor-widget elementor-widget-heading\" data-id=\"efa8130\" data-element_type=\"widget\" data-e-type=\"widget\" data-widget_type=\"heading.default\">\n\t\t\t\t<div class=\"elementor-widget-container\">\n\t\t\t\t\t<h2 class=\"elementor-heading-title elementor-size-default\">SERVICES DE SOUTIEN POUR LA R\u00c9USSITE SCOLAIRE<\/h2>\t\t\t\t<\/div>\n\t\t\t\t<\/div>\n\t\t\t\t<div class=\"elementor-element elementor-element-3710cd2 elementor-align-left elementor-widget__width-inherit elementor-widget elementor-widget-button\" data-id=\"3710cd2\" data-element_type=\"widget\" data-e-type=\"widget\" data-widget_type=\"button.default\">\n\t\t\t\t<div class=\"elementor-widget-container\">\n\t\t\t\t\t\t\t\t\t<div class=\"elementor-button-wrapper\">\n\t\t\t\t\t<a class=\"elementor-button elementor-button-link elementor-size-sm\" href=\"https:\/\/marymount.emsb.qc.ca\/wp-content\/uploads\/sites\/5\/2024\/07\/Master-Tutorial-Schedule-Marymount-Academy-2023.pdf\">\n\t\t\t\t\t\t<span class=\"elementor-button-content-wrapper\">\n\t\t\t\t\t\t<span class=\"elementor-button-icon\">\n\t\t\t\t<i aria-hidden=\"true\" class=\"fas fa-file-pdf\"><\/i>\t\t\t<\/span>\n\t\t\t\t\t\t\t\t\t<span class=\"elementor-button-text\">Programme de travaux dirig\u00e9s de l'Acad\u00e9mie Marymount 2023-2024<\/span>\n\t\t\t\t\t<\/span>\n\t\t\t\t\t<\/a>\n\t\t\t\t<\/div>\n\t\t\t\t\t\t\t\t<\/div>\n\t\t\t\t<\/div>\n\t\t\t\t<div class=\"elementor-element elementor-element-2dcc578 elementor-widget elementor-widget-text-editor\" data-id=\"2dcc578\" data-element_type=\"widget\" data-e-type=\"widget\" data-widget_type=\"text-editor.default\">\n\t\t\t\t<div class=\"elementor-widget-container\">\n\t\t\t\t\t\t\t\t\t<h4>&nbsp;<\/h4>\n<h4 class=\"p1\"><b>TUTORIELS<\/b><\/h4>\n<p class=\"p1\">Les \u00e9tudiants sont&nbsp;<b>sont encourag\u00e9s \u00e0 demander de l'aide suppl\u00e9mentaire \u00e0 leurs professeurs. Les travaux dirig\u00e9s ont lieu en dehors des heures de cours.&nbsp;<\/b>Les \u00e9l\u00e8ves peuvent se voir attribuer des cours de soutien \u00e0 leur demande ou \u00e0 celle de leurs parents, de leurs enseignants ou de l'administration. Un tutorat par les pairs peut \u00e9galement \u00eatre organis\u00e9.<\/p>\n<p class=\"p1\"><b style=\"color: var(--ast-global-color-2);font-size: 1.6rem;font-style: inherit;font-family: var( --e-global-typography-text-font-family ), Sans-serif;background-color: var(--ast-global-color-5)\">STEP<\/b><\/p>\n<p class=\"p1\">STEP est un centre de ressources con\u00e7u pour soutenir tous les membres de la communaut\u00e9 internationale de Marymount Academy. Il est ouvert tout au long de la journ\u00e9e scolaire. Les \u00e9l\u00e8ves qui ont besoin d'un soutien de rattrapage peuvent recevoir l'aide des enseignants et des tuteurs. Un laboratoire informatique complet permet aux \u00e9l\u00e8ves de tous niveaux de travailler sur des projets d'apprentissage. Le STEP offre \u00e9galement aux \u00e9l\u00e8ves un environnement supervis\u00e9 et favorable pour travailler et se rencontrer avant l'\u00e9cole et pendant le d\u00e9jeuner.&nbsp;<b>Le Study Hall est un programme qui offre aux \u00e9tudiants le temps suppl\u00e9mentaire et le soutien dont ils ont besoin pour r\u00e9ussir leurs \u00e9tudes.<\/b><\/p>\n<h4 class=\"p1\"><b>BIBLIOTH\u00c8QUE :<\/b><\/h4>\n<p class=\"p1\">La biblioth\u00e8que est destin\u00e9e \u00e0 l'\u00e9tude, \u00e0 la lecture et \u00e0 la recherche en toute tranquillit\u00e9. Les heures d'ouverture sont affich\u00e9es. Une carte d'identit\u00e9 de l'\u00e9cole est n\u00e9cessaire pour emprunter des livres ; des amendes seront per\u00e7ues pour les livres en retard. Les vestes et les cartables ne sont pas autoris\u00e9s.<\/p>\n<h4 class=\"p1\"><b>ACTIVIT\u00c9S<\/b><\/h4>\n<p class=\"p1\">Le conseil des \u00e9l\u00e8ves et le leadership organisent des soir\u00e9es dansantes, des collectes de fonds, des voyages de ski et des journ\u00e9es d'activit\u00e9s tout au long de l'ann\u00e9e. Marymount est actif dans les sports interscolaires tels que le basket-ball, le football, l'athl\u00e9tisme, le badminton, le cricket et le volley-ball par l'interm\u00e9diaire de la GMAA. Les activit\u00e9s intra-muros des ligues de maison ont lieu \u00e0 l'heure du d\u00e9jeuner. Les professeurs organisent \u00e9galement d'autres activit\u00e9s ou clubs tels que la danse, la musique, les \u00e9checs, etc. La liste des activit\u00e9s varie d'une ann\u00e9e \u00e0 l'autre et d\u00e9pend de l'int\u00e9r\u00eat des \u00e9l\u00e8ves et de la disponibilit\u00e9 des professeurs.&nbsp;<b>Les \u00e9l\u00e8ves sont fortement encourag\u00e9s \u00e0 participer \u00e0 un club, un sport ou une autre activit\u00e9. Il est prouv\u00e9 que ces activit\u00e9s renforcent l'engagement des \u00e9l\u00e8ves \u00e0 l'\u00e9cole, favorisent les relations positives entre le personnel et les \u00e9l\u00e8ves et, d'une mani\u00e8re g\u00e9n\u00e9rale, contribuent \u00e0 une exp\u00e9rience positive \u00e0 l'\u00e9cole.<\/b>.<\/p>\n<h4 class=\"p1\"><b>SERVICES D'ORIENTATION<\/b><\/h4>\n<p class=\"p1\">Le service d'orientation est \u00e9quip\u00e9 pour fournir une gamme compl\u00e8te de services d'orientation personnelle, scolaire et professionnelle, et pour aider les \u00e9l\u00e8ves \u00e0 apprendre \u00e0 faire des choix scolaires et professionnels en fonction de leurs aptitudes et de leurs int\u00e9r\u00eats. Le conseiller d'orientation pratique une politique de la porte ouverte qui permet aux \u00e9tudiants d'\u00eatre toujours les bienvenus. En outre, Marymount a la chance de pouvoir compter sur les services d'un conseiller d'orientation agr\u00e9\u00e9.&nbsp;<b>psychoth\u00e9rapeute&nbsp;<\/b>sur place. Ce membre du personnel rencontrera les \u00e9tudiants qui peuvent \u00eatre confront\u00e9s \u00e0 des difficult\u00e9s personnelles, ou m\u00e8nera des s\u00e9ances de th\u00e9rapie de groupe avec plusieurs \u00e9tudiants rencontrant des difficult\u00e9s similaires.<\/p>\n<h4 class=\"p1\"><b>CONSEIL SPIRITUEL<\/b><\/h4>\n<p class=\"p1\">Le conseiller spirituel et communautaire contribue \u00e0 promouvoir la compr\u00e9hension et l'acceptation de toutes les pratiques culturelles et \u00e0 d\u00e9velopper un esprit d'humanisme global au sein de l'\u00e9cole.<\/p>\n<h4 class=\"p1\"><b>SERVICES DE SANT\u00c9 ET DE BIEN-\u00caTRE<\/b><\/h4>\n<p class=\"p1\">L'infirmi\u00e8re et l'assistante sociale du CSSS local ne sont pas pr\u00e9sentes quotidiennement, mais constituent des ressources importantes auxquelles on peut faire appel. Il est tr\u00e8s important que l'\u00e9cole soit inform\u00e9e de tout probl\u00e8me m\u00e9dical.<\/p>\t\t\t\t\t\t\t\t<\/div>\n\t\t\t\t<\/div>\n\t\t\t\t\t<\/div>\n\t\t<\/div>\n\t\t\t\t\t<\/div>\n\t\t<\/section>\n\t\t\t\t<\/div>","protected":false},"excerpt":{"rendered":"<p>SUPPORT SERVICES FOR Academic Success Master Tutorial Schedule Marymount Academy 2023-2024 &nbsp; TUTORIALS Students are&nbsp;encouraged to seek extra help from their teachers. Tutorials take place outside of class time.&nbsp;Students may be assigned tutorials at their own request or that of their parents, their teachers or the administration. Peer tutoring may also be arranged. STEP STEP [&hellip;]<\/p>\n","protected":false},"author":3,"featured_media":0,"parent":0,"menu_order":0,"comment_status":"closed","ping_status":"closed","template":"","meta":{"site-sidebar-layout":"no-sidebar","site-content-layout":"page-builder","ast-site-content-layout":"default","site-content-style":"default","site-sidebar-style":"default","ast-global-header-display":"","ast-banner-title-visibility":"","ast-main-header-display":"","ast-hfb-above-header-display":"","ast-hfb-below-header-display":"","ast-hfb-mobile-header-display":"","site-post-title":"disabled","ast-breadcrumbs-content":"","ast-featured-img":"disabled","footer-sml-layout":"","ast-disable-related-posts":"","theme-transparent-header-meta":"","adv-header-id-meta":"","stick-header-meta":"","header-above-stick-meta":"","header-main-stick-meta":"","header-below-stick-meta":"","astra-migrate-meta-layouts":"default","ast-page-background-enabled":"default","ast-page-background-meta":{"desktop":{"background-color":"var(--ast-global-color-4)","background-image":"","background-repeat":"repeat","background-position":"center center","background-size":"auto","background-attachment":"scroll","background-type":"","background-media":"","overlay-type":"","overlay-color":"","overlay-opacity":"","overlay-gradient":""},"tablet":{"background-color":"","background-image":"","background-repeat":"repeat","background-position":"center center","background-size":"auto","background-attachment":"scroll","background-type":"","background-media":"","overlay-type":"","overlay-color":"","overlay-opacity":"","overlay-gradient":""},"mobile":{"background-color":"","background-image":"","background-repeat":"repeat","background-position":"center center","background-size":"auto","background-attachment":"scroll","background-type":"","background-media":"","overlay-type":"","overlay-color":"","overlay-opacity":"","overlay-gradient":""}},"ast-content-background-meta":{"desktop":{"background-color":"var(--ast-global-color-5)","background-image":"","background-repeat":"repeat","background-position":"center center","background-size":"auto","background-attachment":"scroll","background-type":"","background-media":"","overlay-type":"","overlay-color":"","overlay-opacity":"","overlay-gradient":""},"tablet":{"background-color":"var(--ast-global-color-5)","background-image":"","background-repeat":"repeat","background-position":"center center","background-size":"auto","background-attachment":"scroll","background-type":"","background-media":"","overlay-type":"","overlay-color":"","overlay-opacity":"","overlay-gradient":""},"mobile":{"background-color":"var(--ast-global-color-5)","background-image":"","background-repeat":"repeat","background-position":"center center","background-size":"auto","background-attachment":"scroll","background-type":"","background-media":"","overlay-type":"","overlay-color":"","overlay-opacity":"","overlay-gradient":""}},"footnotes":""},"class_list":["post-6473","page","type-page","status-publish","hentry"],"yoast_head":"<!-- This site is optimized with the Yoast SEO plugin v27.5 - https:\/\/yoast.com\/product\/yoast-seo-wordpress\/ -->\n<title>Cultural Activities - Marymount Academy International<\/title>\n<meta name=\"robots\" content=\"index, follow, max-snippet:-1, max-image-preview:large, max-video-preview:-1\" \/>\n<link rel=\"canonical\" href=\"https:\/\/marymount.emsb.qc.ca\/fr\/cultural-activities\/\" \/>\n<meta property=\"og:locale\" content=\"fr_FR\" \/>\n<meta property=\"og:type\" content=\"article\" \/>\n<meta property=\"og:title\" content=\"Cultural Activities - Marymount Academy International\" \/>\n<meta property=\"og:description\" content=\"SUPPORT SERVICES FOR Academic Success Master Tutorial Schedule Marymount Academy 2023-2024 &nbsp; TUTORIALS Students are&nbsp;encouraged to seek extra help from their teachers. Tutorials take place outside of class time.&nbsp;Students may be assigned tutorials at their own request or that of their parents, their teachers or the administration. Peer tutoring may also be arranged. STEP STEP [&hellip;]\" \/>\n<meta property=\"og:url\" content=\"https:\/\/marymount.emsb.qc.ca\/fr\/cultural-activities\/\" \/>\n<meta property=\"og:site_name\" content=\"Marymount Academy International\" \/>\n<meta property=\"article:modified_time\" content=\"2024-09-05T15:48:04+00:00\" \/>\n<meta name=\"twitter:card\" content=\"summary_large_image\" \/>\n<meta name=\"twitter:label1\" content=\"Dur\u00e9e de lecture estim\u00e9e\" \/>\n\t<meta name=\"twitter:data1\" content=\"2 minutes\" \/>\n<script type=\"application\/ld+json\" class=\"yoast-schema-graph\">{\"@context\":\"https:\\\/\\\/schema.org\",\"@graph\":[{\"@type\":\"WebPage\",\"@id\":\"https:\\\/\\\/marymount.emsb.qc.ca\\\/cultural-activities\\\/\",\"url\":\"https:\\\/\\\/marymount.emsb.qc.ca\\\/cultural-activities\\\/\",\"name\":\"Cultural Activities - Marymount Academy International\",\"isPartOf\":{\"@id\":\"https:\\\/\\\/marymount.emsb.qc.ca\\\/#website\"},\"datePublished\":\"2023-02-21T16:14:44+00:00\",\"dateModified\":\"2024-09-05T15:48:04+00:00\",\"breadcrumb\":{\"@id\":\"https:\\\/\\\/marymount.emsb.qc.ca\\\/cultural-activities\\\/#breadcrumb\"},\"inLanguage\":\"fr-FR\",\"potentialAction\":[{\"@type\":\"ReadAction\",\"target\":[\"https:\\\/\\\/marymount.emsb.qc.ca\\\/cultural-activities\\\/\"]}]},{\"@type\":\"BreadcrumbList\",\"@id\":\"https:\\\/\\\/marymount.emsb.qc.ca\\\/cultural-activities\\\/#breadcrumb\",\"itemListElement\":[{\"@type\":\"ListItem\",\"position\":1,\"name\":\"Home\",\"item\":\"https:\\\/\\\/marymount.emsb.qc.ca\\\/\"},{\"@type\":\"ListItem\",\"position\":2,\"name\":\"Cultural Activities\"}]},{\"@type\":\"WebSite\",\"@id\":\"https:\\\/\\\/marymount.emsb.qc.ca\\\/#website\",\"url\":\"https:\\\/\\\/marymount.emsb.qc.ca\\\/\",\"name\":\"Marymount Academy International\",\"description\":\"Marymount Academy International\",\"publisher\":{\"@id\":\"https:\\\/\\\/marymount.emsb.qc.ca\\\/#organization\"},\"potentialAction\":[{\"@type\":\"SearchAction\",\"target\":{\"@type\":\"EntryPoint\",\"urlTemplate\":\"https:\\\/\\\/marymount.emsb.qc.ca\\\/?s={search_term_string}\"},\"query-input\":{\"@type\":\"PropertyValueSpecification\",\"valueRequired\":true,\"valueName\":\"search_term_string\"}}],\"inLanguage\":\"fr-FR\"},{\"@type\":\"Organization\",\"@id\":\"https:\\\/\\\/marymount.emsb.qc.ca\\\/#organization\",\"name\":\"Marymount Academy International\",\"url\":\"https:\\\/\\\/marymount.emsb.qc.ca\\\/\",\"logo\":{\"@type\":\"ImageObject\",\"inLanguage\":\"fr-FR\",\"@id\":\"https:\\\/\\\/marymount.emsb.qc.ca\\\/#\\\/schema\\\/logo\\\/image\\\/\",\"url\":\"https:\\\/\\\/marymount.emsb.qc.ca\\\/wp-content\\\/uploads\\\/sites\\\/5\\\/2022\\\/01\\\/marymount-logo.jpg\",\"contentUrl\":\"https:\\\/\\\/marymount.emsb.qc.ca\\\/wp-content\\\/uploads\\\/sites\\\/5\\\/2022\\\/01\\\/marymount-logo.jpg\",\"width\":110,\"height\":149,\"caption\":\"Marymount Academy International\"},\"image\":{\"@id\":\"https:\\\/\\\/marymount.emsb.qc.ca\\\/#\\\/schema\\\/logo\\\/image\\\/\"}}]}<\/script>\n<!-- \/ Yoast SEO plugin. -->","yoast_head_json":{"title":"Cultural Activities - Marymount Academy International","robots":{"index":"index","follow":"follow","max-snippet":"max-snippet:-1","max-image-preview":"max-image-preview:large","max-video-preview":"max-video-preview:-1"},"canonical":"https:\/\/marymount.emsb.qc.ca\/fr\/cultural-activities\/","og_locale":"fr_FR","og_type":"article","og_title":"Cultural Activities - Marymount Academy International","og_description":"SUPPORT SERVICES FOR Academic Success Master Tutorial Schedule Marymount Academy 2023-2024 &nbsp; TUTORIALS Students are&nbsp;encouraged to seek extra help from their teachers. Tutorials take place outside of class time.&nbsp;Students may be assigned tutorials at their own request or that of their parents, their teachers or the administration. Peer tutoring may also be arranged. STEP STEP [&hellip;]","og_url":"https:\/\/marymount.emsb.qc.ca\/fr\/cultural-activities\/","og_site_name":"Marymount Academy International","article_modified_time":"2024-09-05T15:48:04+00:00","twitter_card":"summary_large_image","twitter_misc":{"Dur\u00e9e de lecture estim\u00e9e":"2 minutes"},"schema":{"@context":"https:\/\/schema.org","@graph":[{"@type":"WebPage","@id":"https:\/\/marymount.emsb.qc.ca\/cultural-activities\/","url":"https:\/\/marymount.emsb.qc.ca\/cultural-activities\/","name":"Cultural Activities - Marymount Academy International","isPartOf":{"@id":"https:\/\/marymount.emsb.qc.ca\/#website"},"datePublished":"2023-02-21T16:14:44+00:00","dateModified":"2024-09-05T15:48:04+00:00","breadcrumb":{"@id":"https:\/\/marymount.emsb.qc.ca\/cultural-activities\/#breadcrumb"},"inLanguage":"fr-FR","potentialAction":[{"@type":"ReadAction","target":["https:\/\/marymount.emsb.qc.ca\/cultural-activities\/"]}]},{"@type":"BreadcrumbList","@id":"https:\/\/marymount.emsb.qc.ca\/cultural-activities\/#breadcrumb","itemListElement":[{"@type":"ListItem","position":1,"name":"Home","item":"https:\/\/marymount.emsb.qc.ca\/"},{"@type":"ListItem","position":2,"name":"Cultural Activities"}]},{"@type":"WebSite","@id":"https:\/\/marymount.emsb.qc.ca\/#website","url":"https:\/\/marymount.emsb.qc.ca\/","name":"Acad\u00e9mie internationale Marymount","description":"Acad\u00e9mie internationale Marymount","publisher":{"@id":"https:\/\/marymount.emsb.qc.ca\/#organization"},"potentialAction":[{"@type":"SearchAction","target":{"@type":"EntryPoint","urlTemplate":"https:\/\/marymount.emsb.qc.ca\/?s={search_term_string}"},"query-input":{"@type":"PropertyValueSpecification","valueRequired":true,"valueName":"search_term_string"}}],"inLanguage":"fr-FR"},{"@type":"Organization","@id":"https:\/\/marymount.emsb.qc.ca\/#organization","name":"Acad\u00e9mie internationale Marymount","url":"https:\/\/marymount.emsb.qc.ca\/","logo":{"@type":"ImageObject","inLanguage":"fr-FR","@id":"https:\/\/marymount.emsb.qc.ca\/#\/schema\/logo\/image\/","url":"https:\/\/marymount.emsb.qc.ca\/wp-content\/uploads\/sites\/5\/2022\/01\/marymount-logo.jpg","contentUrl":"https:\/\/marymount.emsb.qc.ca\/wp-content\/uploads\/sites\/5\/2022\/01\/marymount-logo.jpg","width":110,"height":149,"caption":"Marymount Academy International"},"image":{"@id":"https:\/\/marymount.emsb.qc.ca\/#\/schema\/logo\/image\/"}}]}},"_links":{"self":[{"href":"https:\/\/marymount.emsb.qc.ca\/fr\/wp-json\/wp\/v2\/pages\/6473","targetHints":{"allow":["GET"]}}],"collection":[{"href":"https:\/\/marymount.emsb.qc.ca\/fr\/wp-json\/wp\/v2\/pages"}],"about":[{"href":"https:\/\/marymount.emsb.qc.ca\/fr\/wp-json\/wp\/v2\/types\/page"}],"author":[{"embeddable":true,"href":"https:\/\/marymount.emsb.qc.ca\/fr\/wp-json\/wp\/v2\/users\/3"}],"replies":[{"embeddable":true,"href":"https:\/\/marymount.emsb.qc.ca\/fr\/wp-json\/wp\/v2\/comments?post=6473"}],"version-history":[{"count":24,"href":"https:\/\/marymount.emsb.qc.ca\/fr\/wp-json\/wp\/v2\/pages\/6473\/revisions"}],"predecessor-version":[{"id":12023,"href":"https:\/\/marymount.emsb.qc.ca\/fr\/wp-json\/wp\/v2\/pages\/6473\/revisions\/12023"}],"wp:attachment":[{"href":"https:\/\/marymount.emsb.qc.ca\/fr\/wp-json\/wp\/v2\/media?parent=6473"}],"curies":[{"name":"wp","href":"https:\/\/api.w.org\/{rel}","templated":true}]}}