
{"id":6372,"date":"2023-02-13T11:45:31","date_gmt":"2023-02-13T16:45:31","guid":{"rendered":"https:\/\/marymount.emsbdev.com\/?page_id=6372"},"modified":"2024-09-05T13:43:55","modified_gmt":"2024-09-05T17:43:55","slug":"activities","status":"publish","type":"page","link":"https:\/\/marymount.emsb.qc.ca\/fr\/activities\/","title":{"rendered":"Activit\u00e9s parascolaires"},"content":{"rendered":"<div data-elementor-type=\"wp-page\" data-elementor-id=\"6372\" class=\"elementor elementor-6372\" data-elementor-post-type=\"page\">\n\t\t\t\t\t\t<section class=\"elementor-section elementor-top-section elementor-element elementor-element-224d1d23 elementor-section-boxed elementor-section-height-default elementor-section-height-default\" data-id=\"224d1d23\" data-element_type=\"section\" data-e-type=\"section\" data-settings=\"{&quot;jet_parallax_layout_list&quot;:[]}\">\n\t\t\t\t\t\t<div class=\"elementor-container elementor-column-gap-default\">\n\t\t\t\t\t<div class=\"elementor-column elementor-col-100 elementor-top-column elementor-element elementor-element-7212ac5f\" data-id=\"7212ac5f\" data-element_type=\"column\" data-e-type=\"column\">\n\t\t\t<div class=\"elementor-widget-wrap elementor-element-populated\">\n\t\t\t\t\t\t<div class=\"elementor-element elementor-element-3f21ba1e elementor-widget__width-auto elementor-widget elementor-widget-heading\" data-id=\"3f21ba1e\" data-element_type=\"widget\" data-e-type=\"widget\" data-widget_type=\"heading.default\">\n\t\t\t\t<div class=\"elementor-widget-container\">\n\t\t\t\t\t<h2 class=\"elementor-heading-title elementor-size-default\">MARYMOUNT<\/h2>\t\t\t\t<\/div>\n\t\t\t\t<\/div>\n\t\t\t\t\t<\/div>\n\t\t<\/div>\n\t\t\t\t\t<\/div>\n\t\t<\/section>\n\t\t\t\t<section class=\"elementor-section elementor-top-section elementor-element elementor-element-66db552 elementor-section-boxed elementor-section-height-default elementor-section-height-default\" data-id=\"66db552\" data-element_type=\"section\" data-e-type=\"section\" data-settings=\"{&quot;jet_parallax_layout_list&quot;:[]}\">\n\t\t\t\t\t\t<div class=\"elementor-container elementor-column-gap-default\">\n\t\t\t\t\t<div class=\"elementor-column elementor-col-100 elementor-top-column elementor-element elementor-element-a6de84b\" data-id=\"a6de84b\" data-element_type=\"column\" data-e-type=\"column\">\n\t\t\t<div class=\"elementor-widget-wrap elementor-element-populated\">\n\t\t\t\t\t\t<div class=\"elementor-element elementor-element-ef56390 elementor-widget elementor-widget-text-editor\" data-id=\"ef56390\" data-element_type=\"widget\" data-e-type=\"widget\" data-widget_type=\"text-editor.default\">\n\t\t\t\t<div class=\"elementor-widget-container\">\n\t\t\t\t\t\t\t\t\t<h3 class=\"headline\">Activit\u00e9s parascolaires&nbsp;<\/h3>\n<p>Fondamentales pour le d\u00e9veloppement du caract\u00e8re et des aptitudes de nos \u00e9l\u00e8ves, les activit\u00e9s parascolaires et culturelles font partie int\u00e9grante de l'exp\u00e9rience globale d'un \u00e9l\u00e8ve de l'Acad\u00e9mie internationale Marymount, et c'est pourquoi nous accordons une priorit\u00e9 particuli\u00e8re \u00e0 ces activit\u00e9s. Gr\u00e2ce \u00e0 ces activit\u00e9s, les \u00e9l\u00e8ves d\u00e9veloppent et construisent un sens de la collectivit\u00e9, de la confiance en leurs capacit\u00e9s et d\u00e9couvrent de nouveaux centres d'int\u00e9r\u00eat et de nouvelles comp\u00e9tences.<\/p>\t\t\t\t\t\t\t\t<\/div>\n\t\t\t\t<\/div>\n\t\t\t\t<div class=\"elementor-element elementor-element-8fc8c69 elementor-align-justify elementor-widget__width-inherit elementor-widget elementor-widget-button\" data-id=\"8fc8c69\" data-element_type=\"widget\" data-e-type=\"widget\" data-widget_type=\"button.default\">\n\t\t\t\t<div class=\"elementor-widget-container\">\n\t\t\t\t\t\t\t\t\t<div class=\"elementor-button-wrapper\">\n\t\t\t\t\t<a class=\"elementor-button elementor-button-link elementor-size-sm\" href=\"https:\/\/marymount.emsb.qc.ca\/wp-content\/uploads\/sites\/5\/2023\/12\/List-of-ECAs.pdf\">\n\t\t\t\t\t\t<span class=\"elementor-button-content-wrapper\">\n\t\t\t\t\t\t\t\t\t<span class=\"elementor-button-text\">T\u00e9l\u00e9charger le calendrier des activit\u00e9s de Marymount PDF<\/span>\n\t\t\t\t\t<\/span>\n\t\t\t\t\t<\/a>\n\t\t\t\t<\/div>\n\t\t\t\t\t\t\t\t<\/div>\n\t\t\t\t<\/div>\n\t\t\t\t<div class=\"elementor-element elementor-element-290d980 elementor-tabs-view-horizontal elementor-widget elementor-widget-tabs\" data-id=\"290d980\" data-element_type=\"widget\" data-e-type=\"widget\" data-widget_type=\"tabs.default\">\n\t\t\t\t<div class=\"elementor-widget-container\">\n\t\t\t\t\t\t\t<div class=\"elementor-tabs\">\n\t\t\t<div class=\"elementor-tabs-wrapper\" role=\"tablist\" >\n\t\t\t\t\t\t\t\t\t<div id=\"elementor-tab-title-4301\" class=\"elementor-tab-title elementor-tab-desktop-title\" aria-selected=\"true\" data-tab=\"1\" role=\"tab\" tabindex=\"0\" aria-controls=\"elementor-tab-content-4301\" aria-expanded=\"false\">LES ACTIVIT\u00c9S CULTURELLES<\/div>\n\t\t\t\t\t\t\t\t\t<div id=\"elementor-tab-title-4302\" class=\"elementor-tab-title elementor-tab-desktop-title\" aria-selected=\"false\" data-tab=\"2\" role=\"tab\" tabindex=\"-1\" aria-controls=\"elementor-tab-content-4302\" aria-expanded=\"false\">ACTIVIT\u00c9S SPORTIVES<\/div>\n\t\t\t\t\t\t\t\t\t<div id=\"elementor-tab-title-4303\" class=\"elementor-tab-title elementor-tab-desktop-title\" aria-selected=\"false\" data-tab=\"3\" role=\"tab\" tabindex=\"-1\" aria-controls=\"elementor-tab-content-4303\" aria-expanded=\"false\">ACTIVIT\u00c9S COMMUNAUTAIRES\/ENVIRONNEMENTALES<\/div>\n\t\t\t\t\t\t\t<\/div>\n\t\t\t<div class=\"elementor-tabs-content-wrapper\" role=\"tablist\" aria-orientation=\"vertical\">\n\t\t\t\t\t\t\t\t\t<div class=\"elementor-tab-title elementor-tab-mobile-title\" aria-selected=\"true\" data-tab=\"1\" role=\"tab\" tabindex=\"0\" aria-controls=\"elementor-tab-content-4301\" aria-expanded=\"false\">LES ACTIVIT\u00c9S CULTURELLES<\/div>\n\t\t\t\t\t<div id=\"elementor-tab-content-4301\" class=\"elementor-tab-content elementor-clearfix\" data-tab=\"1\" role=\"tabpanel\" aria-labelledby=\"elementor-tab-title-4301\" tabindex=\"0\" hidden=\"false\"><table class=\"enviro\"><tbody><tr><td><strong>Activit\u00e9s culturelles<\/strong><\/td><td><strong>P\u00e9riode de l'ann\u00e9e<\/strong><\/td><\/tr><tr><td>Art Vernissage (Exposition d'art)<\/td><td>Printemps<\/td><\/tr><tr><td>Club d'\u00e9checs<\/td><td>Toute l'ann\u00e9e<\/td><\/tr><tr><td>Spectacle culturel<\/td><td>Hiver \/ Printemps<\/td><\/tr><tr><td>Comit\u00e9 des dipl\u00f4m\u00e9s<\/td><td>Toute l'ann\u00e9e<\/td><\/tr><tr><td>Halloween, Snow Ball, danses de la Saint-Valentin<\/td><td>Automne \/ Hiver<\/td><\/tr><tr><td>Comit\u00e9 de l'IB<\/td><td>Toute l'ann\u00e9e<\/td><\/tr><tr><td>Comit\u00e9 junior de l'IB<\/td><td>Toute l'ann\u00e9e<\/td><\/tr><tr><td>\u00c9change d'\u00e9l\u00e8ves internationaux<\/td><td>Toute l'ann\u00e9e<\/td><\/tr><tr><td>Orchestre de jazz<\/td><td>Toute l'ann\u00e9e<\/td><\/tr><tr><td>Orchestre junior<\/td><td>Toute l'ann\u00e9e<\/td><\/tr><tr><td>Junior \/ Senior Public Speaking<\/td><td>Printemps<\/td><\/tr><tr><td>Comit\u00e9 de leadership<\/td><td>Toute l'ann\u00e9e<\/td><\/tr><tr><td><a href=\"http:\/\/stemcloud.net\/MMA\/index.html\" target=\"_blank\" rel=\"noopener\">Robotique<\/a><\/td><td>Toute l'ann\u00e9e<\/td><\/tr><tr><td>Expo-sciences<\/td><td>L'hiver<\/td><\/tr><tr><td>Orchestre senior<\/td><td>Toute l'ann\u00e9e<\/td><\/tr><tr><td>Concert de musique de printemps<\/td><td>Printemps<\/td><\/tr><tr><td>Salle de jeux pour \u00e9l\u00e8ves<\/td><td>Toute l'ann\u00e9e<\/td><\/tr><tr><td>Comit\u00e9 des \u00e9l\u00e8ves<\/td><td>Toute l'ann\u00e9e<\/td><\/tr><tr><td>Concert de musique d'hiver<\/td><td>L'hiver<\/td><\/tr><tr><td>Album de l'ann\u00e9e<\/td><td>Toute l'ann\u00e9e<\/td><\/tr><\/tbody><\/table><h2>\u00a0<\/h2><\/div>\n\t\t\t\t\t\t\t\t\t<div class=\"elementor-tab-title elementor-tab-mobile-title\" aria-selected=\"false\" data-tab=\"2\" role=\"tab\" tabindex=\"-1\" aria-controls=\"elementor-tab-content-4302\" aria-expanded=\"false\">ACTIVIT\u00c9S SPORTIVES<\/div>\n\t\t\t\t\t<div id=\"elementor-tab-content-4302\" class=\"elementor-tab-content elementor-clearfix\" data-tab=\"2\" role=\"tabpanel\" aria-labelledby=\"elementor-tab-title-4302\" tabindex=\"0\" hidden=\"hidden\"><div id=\"tab1\">\n\n<\/div>\n<div id=\"tab2\">\n<table class=\"enviro\">\n<tbody>\n<tr>\n<td><strong>Activit\u00e9s sportives \/ \u00c9quipes sportives<\/strong><\/td>\n<td><strong>P\u00e9riode de l'ann\u00e9e<\/strong><\/td>\n<\/tr>\n<tr>\n<td>Badminton (gar\u00e7ons)<\/td>\n<td>Printemps<\/td>\n<\/tr>\n<tr>\n<td>Badminton (filles)<\/td>\n<td>Toute l'ann\u00e9e<\/td>\n<\/tr>\n<tr>\n<td>Basket-ball (Gar\u00e7ons Bantam)<\/td>\n<td>Automne \/ Hiver<\/td>\n<\/tr>\n<tr>\n<td>Basket-ball (filles juv\u00e9niles)<\/td>\n<td>Toute l'ann\u00e9e<\/td>\n<\/tr>\n<tr>\n<td>Basket-ball (gar\u00e7ons midget)<\/td>\n<td>Toute l'ann\u00e9e<\/td>\n<\/tr>\n<tr>\n<td>Basket-ball (filles midget)<\/td>\n<td>Hiver \/ Printemps<\/td>\n<\/tr>\n<tr>\n<td>Course sur route Halo<\/td>\n<td>Printemps<\/td>\n<\/tr>\n<tr>\n<td>Athl\u00e9tisme int\u00e9rieur\/ext\u00e9rieur<\/td>\n<td>Hiver \/ Printemps<\/td>\n<\/tr>\n<tr>\n<td>Gymnase libre<\/td>\n<td>Toute l'ann\u00e9e<\/td>\n<\/tr>\n<tr>\n<td>Soccer (Gar\u00e7ons Bantam)<\/td>\n<td>Automne<\/td>\n<\/tr>\n<tr>\n<td>Soccer (gar\u00e7ons juv\u00e9niles)<\/td>\n<td>Automne<\/td>\n<\/tr>\n<tr>\n<td>Soccer (jeunes filles)<\/td>\n<td>Automne<\/td>\n<\/tr>\n<tr>\n<td>Soccer (Gar\u00e7ons Midget)<\/td>\n<td>Automne<\/td>\n<\/tr>\n<tr>\n<td>Soccer en salle (gar\u00e7ons juv\u00e9niles)<\/td>\n<td>Printemps<\/td>\n<\/tr>\n<tr>\n<td>Soccer en salle (filles juv\u00e9niles)<\/td>\n<td>Printemps<\/td>\n<\/tr>\n<tr>\n<td>Soccer en salle (gar\u00e7ons midget)<\/td>\n<td>Printemps<\/td>\n<\/tr>\n<tr>\n<td>Volley-ball (gar\u00e7ons juv\u00e9niles)<\/td>\n<td>Automne<\/td>\n<\/tr>\n<tr>\n<td>Volley-ball (filles juv\u00e9niles)<\/td>\n<td>Automne<\/td>\n<\/tr>\n<tr>\n<td>Course de fond<\/td>\n<td>Automne<\/td>\n<\/tr>\n<tr>\n<td>Ski de fond<\/td>\n<td>L'hiver<\/td>\n<\/tr>\n<tr>\n<td>V\u00e9lo<\/td>\n<td>Printemps<\/td>\n<\/tr>\n<\/tbody>\n<\/table>\n<h2><\/h2>\n<\/div><\/div>\n\t\t\t\t\t\t\t\t\t<div class=\"elementor-tab-title elementor-tab-mobile-title\" aria-selected=\"false\" data-tab=\"3\" role=\"tab\" tabindex=\"-1\" aria-controls=\"elementor-tab-content-4303\" aria-expanded=\"false\">ACTIVIT\u00c9S COMMUNAUTAIRES\/ENVIRONNEMENTALES<\/div>\n\t\t\t\t\t<div id=\"elementor-tab-content-4303\" class=\"elementor-tab-content elementor-clearfix\" data-tab=\"3\" role=\"tabpanel\" aria-labelledby=\"elementor-tab-title-4303\" tabindex=\"0\" hidden=\"hidden\"><div id=\"tab2\">\n\n<\/div>\n<div id=\"tab3\">\n<table class=\"enviro\">\n<tbody>\n<tr>\n<td><strong>Activit\u00e9s communautaires\/environnementales<\/strong><\/td>\n<td><strong>P\u00e9riode de l'ann\u00e9e<\/strong><\/td>\n<\/tr>\n<tr>\n<td>Art Vernissage (Exposition d'art)<\/td>\n<td>Printemps<\/td>\n<\/tr>\n<tr>\n<td>Exposition sur le Mois de l'histoire des Noirs<\/td>\n<td>L'hiver<\/td>\n<\/tr>\n<tr>\n<td>Spectacle culturel<\/td>\n<td>Hiver \/ Printemps<\/td>\n<\/tr>\n<tr>\n<td>Journ\u00e9e de la Terre (semaine)<\/td>\n<td>Printemps<\/td>\n<\/tr>\n<tr>\n<td>Comit\u00e9 de l'IB<\/td>\n<td>Toute l'ann\u00e9e<\/td>\n<\/tr>\n<tr>\n<td>Cuisine locale<\/td>\n<td>Hiver \/ Printemps<\/td>\n<\/tr>\n<tr>\n<td>Partager la chaleur<\/td>\n<td>Toute l'ann\u00e9e<\/td>\n<\/tr>\n<tr>\n<td>Concert de musique de printemps<\/td>\n<td>Printemps<\/td>\n<\/tr>\n<tr>\n<td>Op\u00e9ra<\/td>\n<td>Toute l'ann\u00e9e<\/td>\n<\/tr>\n<tr>\n<td>Comit\u00e9 des \u00e9l\u00e8ves<\/td>\n<td>Toute l'ann\u00e9e<\/td>\n<\/tr>\n<tr>\n<td>Marche\/course Terry Fox<\/td>\n<td>Automne<\/td>\n<\/tr>\n<tr>\n<td>Concert de musique d'hiver<\/td>\n<td>L'hiver<\/td>\n<\/tr>\n<tr>\n<td>Concert de musique de printemps<\/td>\n<td>Printemps<\/td>\n<\/tr>\n<tr>\n<td>Salle de jeux pour \u00e9l\u00e8ves<\/td>\n<td>Toute l'ann\u00e9e<\/td>\n<\/tr>\n<tr>\n<td>La collecte de jouets pour Jeunesse au Soleil<\/td>\n<td>L'hiver<\/td>\n<\/tr>\n<tr>\n<td>Concert de musique d'hiver<\/td>\n<td>L'hiver<\/td>\n<\/tr>\n<tr>\n<td>Ski de fond<\/td>\n<td>L'hiver<\/td>\n<\/tr>\n<tr>\n<td>V\u00e9lo<\/td>\n<td>Printemps<\/td>\n<\/tr>\n<tr>\n<td>Album de l'ann\u00e9e<\/td>\n<td>Toute l'ann\u00e9e<\/td>\n<\/tr>\n<\/tbody>\n<\/table>\n<h2><\/h2>\n<\/div><\/div>\n\t\t\t\t\t\t\t<\/div>\n\t\t<\/div>\n\t\t\t\t\t\t<\/div>\n\t\t\t\t<\/div>\n\t\t\t\t\t<\/div>\n\t\t<\/div>\n\t\t\t\t\t<\/div>\n\t\t<\/section>\n\t\t\t\t<\/div>","protected":false},"excerpt":{"rendered":"<p>Extracurricular Activities (ECAs)&nbsp; Fundamental to the development of our students\u2019 characters and capabilities, ECAs is integral to the wholeness of a Marymount Academy International&#8217;s experience and that is why we make these activities a special priority. Through these activities, students develop and build a sense of community, self-efficacy and discover new interests and skills. Download [&hellip;]<\/p>\n","protected":false},"author":3,"featured_media":0,"parent":0,"menu_order":0,"comment_status":"closed","ping_status":"closed","template":"","meta":{"site-sidebar-layout":"no-sidebar","site-content-layout":"page-builder","ast-site-content-layout":"full-width-container","site-content-style":"unboxed","site-sidebar-style":"unboxed","ast-global-header-display":"","ast-banner-title-visibility":"","ast-main-header-display":"","ast-hfb-above-header-display":"","ast-hfb-below-header-display":"","ast-hfb-mobile-header-display":"","site-post-title":"disabled","ast-breadcrumbs-content":"","ast-featured-img":"disabled","footer-sml-layout":"","ast-disable-related-posts":"","theme-transparent-header-meta":"default","adv-header-id-meta":"","stick-header-meta":"","header-above-stick-meta":"","header-main-stick-meta":"","header-below-stick-meta":"","astra-migrate-meta-layouts":"set","ast-page-background-enabled":"default","ast-page-background-meta":{"desktop":{"background-color":"var(--ast-global-color-4)","background-image":"","background-repeat":"repeat","background-position":"center center","background-size":"auto","background-attachment":"scroll","background-type":"","background-media":"","overlay-type":"","overlay-color":"","overlay-opacity":"","overlay-gradient":""},"tablet":{"background-color":"","background-image":"","background-repeat":"repeat","background-position":"center center","background-size":"auto","background-attachment":"scroll","background-type":"","background-media":"","overlay-type":"","overlay-color":"","overlay-opacity":"","overlay-gradient":""},"mobile":{"background-color":"","background-image":"","background-repeat":"repeat","background-position":"center center","background-size":"auto","background-attachment":"scroll","background-type":"","background-media":"","overlay-type":"","overlay-color":"","overlay-opacity":"","overlay-gradient":""}},"ast-content-background-meta":{"desktop":{"background-color":"var(--ast-global-color-5)","background-image":"","background-repeat":"repeat","background-position":"center center","background-size":"auto","background-attachment":"scroll","background-type":"","background-media":"","overlay-type":"","overlay-color":"","overlay-opacity":"","overlay-gradient":""},"tablet":{"background-color":"var(--ast-global-color-5)","background-image":"","background-repeat":"repeat","background-position":"center center","background-size":"auto","background-attachment":"scroll","background-type":"","background-media":"","overlay-type":"","overlay-color":"","overlay-opacity":"","overlay-gradient":""},"mobile":{"background-color":"var(--ast-global-color-5)","background-image":"","background-repeat":"repeat","background-position":"center center","background-size":"auto","background-attachment":"scroll","background-type":"","background-media":"","overlay-type":"","overlay-color":"","overlay-opacity":"","overlay-gradient":""}},"footnotes":""},"class_list":["post-6372","page","type-page","status-publish","hentry"],"yoast_head":"<!-- This site is optimized with the Yoast SEO plugin v27.3 - https:\/\/yoast.com\/product\/yoast-seo-wordpress\/ -->\n<title>Extracurricular Activities - Marymount Academy International<\/title>\n<meta name=\"robots\" content=\"index, follow, max-snippet:-1, max-image-preview:large, max-video-preview:-1\" \/>\n<link rel=\"canonical\" href=\"https:\/\/marymount.emsb.qc.ca\/fr\/activities\/\" \/>\n<meta property=\"og:locale\" content=\"fr_FR\" \/>\n<meta property=\"og:type\" content=\"article\" \/>\n<meta property=\"og:title\" content=\"Extracurricular Activities - Marymount Academy International\" \/>\n<meta property=\"og:description\" content=\"Extracurricular Activities (ECAs)&nbsp; Fundamental to the development of our students\u2019 characters and capabilities, ECAs is integral to the wholeness of a Marymount Academy International&#8217;s experience and that is why we make these activities a special priority. Through these activities, students develop and build a sense of community, self-efficacy and discover new interests and skills. Download [&hellip;]\" \/>\n<meta property=\"og:url\" content=\"https:\/\/marymount.emsb.qc.ca\/fr\/activities\/\" \/>\n<meta property=\"og:site_name\" content=\"Marymount Academy International\" \/>\n<meta property=\"article:modified_time\" content=\"2024-09-05T17:43:55+00:00\" \/>\n<meta name=\"twitter:card\" content=\"summary_large_image\" \/>\n<meta name=\"twitter:label1\" content=\"Dur\u00e9e de lecture estim\u00e9e\" \/>\n\t<meta name=\"twitter:data1\" content=\"2 minutes\" \/>\n<script type=\"application\/ld+json\" class=\"yoast-schema-graph\">{\"@context\":\"https:\\\/\\\/schema.org\",\"@graph\":[{\"@type\":\"WebPage\",\"@id\":\"https:\\\/\\\/marymount.emsb.qc.ca\\\/activities\\\/\",\"url\":\"https:\\\/\\\/marymount.emsb.qc.ca\\\/activities\\\/\",\"name\":\"Extracurricular Activities - Marymount Academy International\",\"isPartOf\":{\"@id\":\"https:\\\/\\\/marymount.emsb.qc.ca\\\/#website\"},\"datePublished\":\"2023-02-13T16:45:31+00:00\",\"dateModified\":\"2024-09-05T17:43:55+00:00\",\"breadcrumb\":{\"@id\":\"https:\\\/\\\/marymount.emsb.qc.ca\\\/activities\\\/#breadcrumb\"},\"inLanguage\":\"fr-FR\",\"potentialAction\":[{\"@type\":\"ReadAction\",\"target\":[\"https:\\\/\\\/marymount.emsb.qc.ca\\\/activities\\\/\"]}]},{\"@type\":\"BreadcrumbList\",\"@id\":\"https:\\\/\\\/marymount.emsb.qc.ca\\\/activities\\\/#breadcrumb\",\"itemListElement\":[{\"@type\":\"ListItem\",\"position\":1,\"name\":\"Home\",\"item\":\"https:\\\/\\\/marymount.emsb.qc.ca\\\/\"},{\"@type\":\"ListItem\",\"position\":2,\"name\":\"Extracurricular Activities\"}]},{\"@type\":\"WebSite\",\"@id\":\"https:\\\/\\\/marymount.emsb.qc.ca\\\/#website\",\"url\":\"https:\\\/\\\/marymount.emsb.qc.ca\\\/\",\"name\":\"Marymount Academy International\",\"description\":\"Marymount Academy International\",\"publisher\":{\"@id\":\"https:\\\/\\\/marymount.emsb.qc.ca\\\/#organization\"},\"potentialAction\":[{\"@type\":\"SearchAction\",\"target\":{\"@type\":\"EntryPoint\",\"urlTemplate\":\"https:\\\/\\\/marymount.emsb.qc.ca\\\/?s={search_term_string}\"},\"query-input\":{\"@type\":\"PropertyValueSpecification\",\"valueRequired\":true,\"valueName\":\"search_term_string\"}}],\"inLanguage\":\"fr-FR\"},{\"@type\":\"Organization\",\"@id\":\"https:\\\/\\\/marymount.emsb.qc.ca\\\/#organization\",\"name\":\"Marymount Academy International\",\"url\":\"https:\\\/\\\/marymount.emsb.qc.ca\\\/\",\"logo\":{\"@type\":\"ImageObject\",\"inLanguage\":\"fr-FR\",\"@id\":\"https:\\\/\\\/marymount.emsb.qc.ca\\\/#\\\/schema\\\/logo\\\/image\\\/\",\"url\":\"https:\\\/\\\/marymount.emsb.qc.ca\\\/wp-content\\\/uploads\\\/sites\\\/5\\\/2022\\\/01\\\/marymount-logo.jpg\",\"contentUrl\":\"https:\\\/\\\/marymount.emsb.qc.ca\\\/wp-content\\\/uploads\\\/sites\\\/5\\\/2022\\\/01\\\/marymount-logo.jpg\",\"width\":110,\"height\":149,\"caption\":\"Marymount Academy International\"},\"image\":{\"@id\":\"https:\\\/\\\/marymount.emsb.qc.ca\\\/#\\\/schema\\\/logo\\\/image\\\/\"}}]}<\/script>\n<!-- \/ Yoast SEO plugin. -->","yoast_head_json":{"title":"Activit\u00e9s extrascolaires - Marymount Academy International","robots":{"index":"index","follow":"follow","max-snippet":"max-snippet:-1","max-image-preview":"max-image-preview:large","max-video-preview":"max-video-preview:-1"},"canonical":"https:\/\/marymount.emsb.qc.ca\/fr\/activities\/","og_locale":"fr_FR","og_type":"article","og_title":"Extracurricular Activities - Marymount Academy International","og_description":"Extracurricular Activities (ECAs)&nbsp; Fundamental to the development of our students\u2019 characters and capabilities, ECAs is integral to the wholeness of a Marymount Academy International&#8217;s experience and that is why we make these activities a special priority. Through these activities, students develop and build a sense of community, self-efficacy and discover new interests and skills. Download [&hellip;]","og_url":"https:\/\/marymount.emsb.qc.ca\/fr\/activities\/","og_site_name":"Marymount Academy International","article_modified_time":"2024-09-05T17:43:55+00:00","twitter_card":"summary_large_image","twitter_misc":{"Dur\u00e9e de lecture estim\u00e9e":"2 minutes"},"schema":{"@context":"https:\/\/schema.org","@graph":[{"@type":"WebPage","@id":"https:\/\/marymount.emsb.qc.ca\/activities\/","url":"https:\/\/marymount.emsb.qc.ca\/activities\/","name":"Activit\u00e9s extrascolaires - Marymount Academy International","isPartOf":{"@id":"https:\/\/marymount.emsb.qc.ca\/#website"},"datePublished":"2023-02-13T16:45:31+00:00","dateModified":"2024-09-05T17:43:55+00:00","breadcrumb":{"@id":"https:\/\/marymount.emsb.qc.ca\/activities\/#breadcrumb"},"inLanguage":"fr-FR","potentialAction":[{"@type":"ReadAction","target":["https:\/\/marymount.emsb.qc.ca\/activities\/"]}]},{"@type":"BreadcrumbList","@id":"https:\/\/marymount.emsb.qc.ca\/activities\/#breadcrumb","itemListElement":[{"@type":"ListItem","position":1,"name":"Home","item":"https:\/\/marymount.emsb.qc.ca\/"},{"@type":"ListItem","position":2,"name":"Extracurricular Activities"}]},{"@type":"WebSite","@id":"https:\/\/marymount.emsb.qc.ca\/#website","url":"https:\/\/marymount.emsb.qc.ca\/","name":"Acad\u00e9mie internationale Marymount","description":"Acad\u00e9mie internationale Marymount","publisher":{"@id":"https:\/\/marymount.emsb.qc.ca\/#organization"},"potentialAction":[{"@type":"SearchAction","target":{"@type":"EntryPoint","urlTemplate":"https:\/\/marymount.emsb.qc.ca\/?s={search_term_string}"},"query-input":{"@type":"PropertyValueSpecification","valueRequired":true,"valueName":"search_term_string"}}],"inLanguage":"fr-FR"},{"@type":"Organization","@id":"https:\/\/marymount.emsb.qc.ca\/#organization","name":"Acad\u00e9mie internationale Marymount","url":"https:\/\/marymount.emsb.qc.ca\/","logo":{"@type":"ImageObject","inLanguage":"fr-FR","@id":"https:\/\/marymount.emsb.qc.ca\/#\/schema\/logo\/image\/","url":"https:\/\/marymount.emsb.qc.ca\/wp-content\/uploads\/sites\/5\/2022\/01\/marymount-logo.jpg","contentUrl":"https:\/\/marymount.emsb.qc.ca\/wp-content\/uploads\/sites\/5\/2022\/01\/marymount-logo.jpg","width":110,"height":149,"caption":"Marymount Academy International"},"image":{"@id":"https:\/\/marymount.emsb.qc.ca\/#\/schema\/logo\/image\/"}}]}},"_links":{"self":[{"href":"https:\/\/marymount.emsb.qc.ca\/fr\/wp-json\/wp\/v2\/pages\/6372","targetHints":{"allow":["GET"]}}],"collection":[{"href":"https:\/\/marymount.emsb.qc.ca\/fr\/wp-json\/wp\/v2\/pages"}],"about":[{"href":"https:\/\/marymount.emsb.qc.ca\/fr\/wp-json\/wp\/v2\/types\/page"}],"author":[{"embeddable":true,"href":"https:\/\/marymount.emsb.qc.ca\/fr\/wp-json\/wp\/v2\/users\/3"}],"replies":[{"embeddable":true,"href":"https:\/\/marymount.emsb.qc.ca\/fr\/wp-json\/wp\/v2\/comments?post=6372"}],"version-history":[{"count":46,"href":"https:\/\/marymount.emsb.qc.ca\/fr\/wp-json\/wp\/v2\/pages\/6372\/revisions"}],"predecessor-version":[{"id":12032,"href":"https:\/\/marymount.emsb.qc.ca\/fr\/wp-json\/wp\/v2\/pages\/6372\/revisions\/12032"}],"wp:attachment":[{"href":"https:\/\/marymount.emsb.qc.ca\/fr\/wp-json\/wp\/v2\/media?parent=6372"}],"curies":[{"name":"wp","href":"https:\/\/api.w.org\/{rel}","templated":true}]}}