
{"id":6357,"date":"2023-02-13T11:33:39","date_gmt":"2023-02-13T16:33:39","guid":{"rendered":"https:\/\/marymount.emsbdev.com\/?page_id=6357"},"modified":"2024-09-05T13:44:26","modified_gmt":"2024-09-05T17:44:26","slug":"admissions","status":"publish","type":"page","link":"https:\/\/marymount.emsb.qc.ca\/fr\/admissions\/","title":{"rendered":"Admissions"},"content":{"rendered":"<div data-elementor-type=\"wp-page\" data-elementor-id=\"6357\" class=\"elementor elementor-6357\" data-elementor-post-type=\"page\">\n\t\t\t\t\t\t<section class=\"elementor-section elementor-top-section elementor-element elementor-element-191aa122 elementor-section-boxed elementor-section-height-default elementor-section-height-default\" data-id=\"191aa122\" data-element_type=\"section\" data-e-type=\"section\" data-settings=\"{&quot;jet_parallax_layout_list&quot;:[]}\">\n\t\t\t\t\t\t<div class=\"elementor-container elementor-column-gap-default\">\n\t\t\t\t\t<div class=\"elementor-column elementor-col-100 elementor-top-column elementor-element elementor-element-3382bba2\" data-id=\"3382bba2\" data-element_type=\"column\" data-e-type=\"column\">\n\t\t\t<div class=\"elementor-widget-wrap elementor-element-populated\">\n\t\t\t\t\t\t<div class=\"elementor-element elementor-element-18744ff elementor-widget__width-auto elementor-widget elementor-widget-heading\" data-id=\"18744ff\" data-element_type=\"widget\" data-e-type=\"widget\" data-widget_type=\"heading.default\">\n\t\t\t\t<div class=\"elementor-widget-container\">\n\t\t\t\t\t<h2 class=\"elementor-heading-title elementor-size-default\">MARYMOUNT<\/h2>\t\t\t\t<\/div>\n\t\t\t\t<\/div>\n\t\t\t\t\t<\/div>\n\t\t<\/div>\n\t\t\t\t\t<\/div>\n\t\t<\/section>\n\t\t\t\t<section class=\"elementor-section elementor-top-section elementor-element elementor-element-3aa05fcf elementor-section-boxed elementor-section-height-default elementor-section-height-default\" data-id=\"3aa05fcf\" data-element_type=\"section\" data-e-type=\"section\" data-settings=\"{&quot;jet_parallax_layout_list&quot;:[]}\">\n\t\t\t\t\t\t<div class=\"elementor-container elementor-column-gap-default\">\n\t\t\t\t\t<div class=\"elementor-column elementor-col-100 elementor-top-column elementor-element elementor-element-ba5f95b\" data-id=\"ba5f95b\" data-element_type=\"column\" data-e-type=\"column\">\n\t\t\t<div class=\"elementor-widget-wrap elementor-element-populated\">\n\t\t\t\t\t\t<div class=\"elementor-element elementor-element-b1c444d elementor-widget elementor-widget-heading\" data-id=\"b1c444d\" data-element_type=\"widget\" data-e-type=\"widget\" data-widget_type=\"heading.default\">\n\t\t\t\t<div class=\"elementor-widget-container\">\n\t\t\t\t\t<h2 class=\"elementor-heading-title elementor-size-default\">Nous vous remercions de l'int\u00e9r\u00eat que vous portez \u00e0 l'Acad\u00e9mie internationale Marymount, la maison des Cougars!\n<\/h2>\t\t\t\t<\/div>\n\t\t\t\t<\/div>\n\t\t\t\t<section class=\"elementor-section elementor-inner-section elementor-element elementor-element-487f7a6 elementor-section-boxed elementor-section-height-default elementor-section-height-default\" data-id=\"487f7a6\" data-element_type=\"section\" data-e-type=\"section\" data-settings=\"{&quot;jet_parallax_layout_list&quot;:[]}\">\n\t\t\t\t\t\t<div class=\"elementor-container elementor-column-gap-default\">\n\t\t\t\t\t<div class=\"elementor-column elementor-col-50 elementor-inner-column elementor-element elementor-element-71c30d2\" data-id=\"71c30d2\" data-element_type=\"column\" data-e-type=\"column\">\n\t\t\t<div class=\"elementor-widget-wrap elementor-element-populated\">\n\t\t\t\t\t\t<div class=\"elementor-element elementor-element-fe95521 elementor-widget__width-initial elementor-widget elementor-widget-text-editor\" data-id=\"fe95521\" data-element_type=\"widget\" data-e-type=\"widget\" data-widget_type=\"text-editor.default\">\n\t\t\t\t<div class=\"elementor-widget-container\">\n\t\t\t\t\t\t\t\t\t<div class=\"top-info\">\n<p><strong><span style=\"font-size: 15px;font-style: inherit;color: var( --e-global-color-text );background-color: var(--ast-global-color-5)\">Nous acceptons pr\u00e9sentement les demandes d'inscription pour l'ann\u00e9e scolaire 2024-2025.<\/span><\/strong><\/p>\n<p>Notre plateforme pour les demandes d'inscription en ligne est en cours de reconstruction. Pour ce faire, nous vous invitons \u00e0 prendre contact directement avec notre secr\u00e9taire d'\u00e9cole afin de prendre rendez-vous avec elle pour d\u00e9poser votre dossier d'inscription, en personne. Nous sommes joignables au 514 488-8144.<\/p>\n<p>Veillez  t\u00e9l\u00e9charger TOUS les documents requis \u00e9num\u00e9r\u00e9s ci-dessous. Sans ces documents, nous ne pourrons pas compl\u00e9ter votre demande.<\/p>\n<ol>\n<li>Acte de naissance<\/li>\n<li>Documents d'immigration (ex. fiche de visiteur, permis d'\u00e9tudes, permis de travail, carte de r\u00e9sident permanent)<\/li>\n<li>D\u00e9claration d'admissibilit\u00e9 \u00e0 l'enseignement en anglais<\/li>\n<li>Dernier bulletin scolaire de l'\u00e9l\u00e8ve<\/li>\n<li>Bulletin scolaire final de juin de l'ann\u00e9e scolaire pr\u00e9c\u00e9dente<\/li>\n<li>Formulaire d'autorisation de divulguer des renseignements<\/li>\n<li>Formulaire de renseignements m\u00e9dicaux<\/li>\n<li>Formulaire de consentement pour les m\u00e9dias<\/li>\n<\/ol>\n<p>Pour plus d'informations pour les \u00e9l\u00e8ves internationaux, veuillez cliquer sur le lien ci-dessous :<a href=\"https:\/\/international.emsb.qc.ca\/international\" target=\"_blank\" rel=\"noopener\"><br><em><span style=\"text-decoration: underline\">Pour devenir un \u00e9l\u00e8ve international \u00e0 la Commission scolaire English-Montr\u00e9al<\/span><\/em><\/a><\/p>\n<\/div>\n<div>\n<p>Des \u00e9l\u00e8ves de 2e secondaire de Marymount ont cr\u00e9\u00e9 un&nbsp;<span style=\"text-decoration: underline\">Manuel de survie pour la 1re secondaire<\/span>&nbsp;pour vous donner une id\u00e9e de ce qui vous attend, et c'est un excellent outil pour vous aider \u00e0 vous pr\u00e9parer \u00e0 la vie \u00e0 l'\u00e9cole secondaire!<\/p>\n<\/div>\t\t\t\t\t\t\t\t<\/div>\n\t\t\t\t<\/div>\n\t\t\t\t\t<\/div>\n\t\t<\/div>\n\t\t\t\t<div class=\"elementor-column elementor-col-50 elementor-inner-column elementor-element elementor-element-12d83b9\" data-id=\"12d83b9\" data-element_type=\"column\" data-e-type=\"column\">\n\t\t\t<div class=\"elementor-widget-wrap elementor-element-populated\">\n\t\t\t\t\t\t<div class=\"elementor-element elementor-element-e96a269 elementor-widget elementor-widget-image\" data-id=\"e96a269\" data-element_type=\"widget\" data-e-type=\"widget\" data-widget_type=\"image.default\">\n\t\t\t\t<div class=\"elementor-widget-container\">\n\t\t\t\t\t\t\t\t\t\t\t\t\t\t\t<img fetchpriority=\"high\" decoding=\"async\" width=\"340\" height=\"499\" src=\"https:\/\/marymount.emsb.qc.ca\/wp-content\/uploads\/sites\/5\/2024\/05\/MARYMOUNT-s-1.png\" class=\"attachment-large size-large wp-image-10560\" alt=\"\" srcset=\"https:\/\/marymount.emsb.qc.ca\/wp-content\/uploads\/sites\/5\/2024\/05\/MARYMOUNT-s-1.png 340w, https:\/\/marymount.emsb.qc.ca\/wp-content\/uploads\/sites\/5\/2024\/05\/MARYMOUNT-s-1-204x300.png 204w, https:\/\/marymount.emsb.qc.ca\/wp-content\/uploads\/sites\/5\/2024\/05\/MARYMOUNT-s-1-8x12.png 8w\" sizes=\"(max-width: 340px) 100vw, 340px\" \/>\t\t\t\t\t\t\t\t\t\t\t\t\t\t\t<\/div>\n\t\t\t\t<\/div>\n\t\t\t\t<div class=\"elementor-element elementor-element-ab3cd25 elementor-align-center elementor-widget__width-inherit elementor-widget elementor-widget-button\" data-id=\"ab3cd25\" data-element_type=\"widget\" data-e-type=\"widget\" data-widget_type=\"button.default\">\n\t\t\t\t<div class=\"elementor-widget-container\">\n\t\t\t\t\t\t\t\t\t<div class=\"elementor-button-wrapper\">\n\t\t\t\t\t<a class=\"elementor-button elementor-button-link elementor-size-sm\" href=\"mailto:marymount@emsb.qc.ca\">\n\t\t\t\t\t\t<span class=\"elementor-button-content-wrapper\">\n\t\t\t\t\t\t\t\t\t<span class=\"elementor-button-text\">Contacter notre responsable des admissions<\/span>\n\t\t\t\t\t<\/span>\n\t\t\t\t\t<\/a>\n\t\t\t\t<\/div>\n\t\t\t\t\t\t\t\t<\/div>\n\t\t\t\t<\/div>\n\t\t\t\t<div class=\"elementor-element elementor-element-ab9971c elementor-align-center elementor-widget__width-inherit elementor-widget elementor-widget-button\" data-id=\"ab9971c\" data-element_type=\"widget\" data-e-type=\"widget\" data-widget_type=\"button.default\">\n\t\t\t\t<div class=\"elementor-widget-container\">\n\t\t\t\t\t\t\t\t\t<div class=\"elementor-button-wrapper\">\n\t\t\t\t\t<a class=\"elementor-button elementor-button-link elementor-size-sm\" href=\"https:\/\/marymount.emsb.qc.ca\/fr\/contact\/\">\n\t\t\t\t\t\t<span class=\"elementor-button-content-wrapper\">\n\t\t\t\t\t\t\t\t\t<span class=\"elementor-button-text\">Envoyer un message<\/span>\n\t\t\t\t\t<\/span>\n\t\t\t\t\t<\/a>\n\t\t\t\t<\/div>\n\t\t\t\t\t\t\t\t<\/div>\n\t\t\t\t<\/div>\n\t\t\t\t\t<\/div>\n\t\t<\/div>\n\t\t\t\t\t<\/div>\n\t\t<\/section>\n\t\t\t\t\t<\/div>\n\t\t<\/div>\n\t\t\t\t\t<\/div>\n\t\t<\/section>\n\t\t\t\t<\/div>","protected":false},"excerpt":{"rendered":"<p>Thank you for your interest in Marymount Academy International, home of the Cougars! We are currently accepting registrations for the 2024-2025 school year. Our online application platform is currently under reconstruction. In the meanwhile, please contact our school directly to set an appointment time with our secretary to submit an application, in person. We can [&hellip;]<\/p>\n","protected":false},"author":3,"featured_media":0,"parent":0,"menu_order":0,"comment_status":"closed","ping_status":"closed","template":"","meta":{"site-sidebar-layout":"no-sidebar","site-content-layout":"page-builder","ast-site-content-layout":"default","site-content-style":"default","site-sidebar-style":"default","ast-global-header-display":"","ast-banner-title-visibility":"","ast-main-header-display":"","ast-hfb-above-header-display":"","ast-hfb-below-header-display":"","ast-hfb-mobile-header-display":"","site-post-title":"disabled","ast-breadcrumbs-content":"","ast-featured-img":"disabled","footer-sml-layout":"","ast-disable-related-posts":"","theme-transparent-header-meta":"default","adv-header-id-meta":"","stick-header-meta":"","header-above-stick-meta":"","header-main-stick-meta":"","header-below-stick-meta":"","astra-migrate-meta-layouts":"default","ast-page-background-enabled":"default","ast-page-background-meta":{"desktop":{"background-color":"var(--ast-global-color-4)","background-image":"","background-repeat":"repeat","background-position":"center center","background-size":"auto","background-attachment":"scroll","background-type":"","background-media":"","overlay-type":"","overlay-color":"","overlay-opacity":"","overlay-gradient":""},"tablet":{"background-color":"","background-image":"","background-repeat":"repeat","background-position":"center center","background-size":"auto","background-attachment":"scroll","background-type":"","background-media":"","overlay-type":"","overlay-color":"","overlay-opacity":"","overlay-gradient":""},"mobile":{"background-color":"","background-image":"","background-repeat":"repeat","background-position":"center center","background-size":"auto","background-attachment":"scroll","background-type":"","background-media":"","overlay-type":"","overlay-color":"","overlay-opacity":"","overlay-gradient":""}},"ast-content-background-meta":{"desktop":{"background-color":"var(--ast-global-color-5)","background-image":"","background-repeat":"repeat","background-position":"center center","background-size":"auto","background-attachment":"scroll","background-type":"","background-media":"","overlay-type":"","overlay-color":"","overlay-opacity":"","overlay-gradient":""},"tablet":{"background-color":"var(--ast-global-color-5)","background-image":"","background-repeat":"repeat","background-position":"center center","background-size":"auto","background-attachment":"scroll","background-type":"","background-media":"","overlay-type":"","overlay-color":"","overlay-opacity":"","overlay-gradient":""},"mobile":{"background-color":"var(--ast-global-color-5)","background-image":"","background-repeat":"repeat","background-position":"center center","background-size":"auto","background-attachment":"scroll","background-type":"","background-media":"","overlay-type":"","overlay-color":"","overlay-opacity":"","overlay-gradient":""}},"footnotes":""},"class_list":["post-6357","page","type-page","status-publish","hentry"],"yoast_head":"<!-- This site is optimized with the Yoast SEO plugin v27.3 - https:\/\/yoast.com\/product\/yoast-seo-wordpress\/ -->\n<title>Admissions - Marymount Academy International<\/title>\n<meta name=\"robots\" content=\"index, follow, max-snippet:-1, max-image-preview:large, max-video-preview:-1\" \/>\n<link rel=\"canonical\" href=\"https:\/\/marymount.emsb.qc.ca\/fr\/admissions\/\" \/>\n<meta property=\"og:locale\" content=\"fr_FR\" \/>\n<meta property=\"og:type\" content=\"article\" \/>\n<meta property=\"og:title\" content=\"Admissions - Marymount Academy International\" \/>\n<meta property=\"og:description\" content=\"Thank you for your interest in Marymount Academy International, home of the Cougars! We are currently accepting registrations for the 2024-2025 school year. Our online application platform is currently under reconstruction. In the meanwhile, please contact our school directly to set an appointment time with our secretary to submit an application, in person. We can [&hellip;]\" \/>\n<meta property=\"og:url\" content=\"https:\/\/marymount.emsb.qc.ca\/fr\/admissions\/\" \/>\n<meta property=\"og:site_name\" content=\"Marymount Academy International\" \/>\n<meta property=\"article:modified_time\" content=\"2024-09-05T17:44:26+00:00\" \/>\n<meta property=\"og:image\" content=\"https:\/\/marymount.emsb.qc.ca\/wp-content\/uploads\/sites\/5\/2024\/05\/MARYMOUNT-s-1.png\" \/>\n<meta name=\"twitter:card\" content=\"summary_large_image\" \/>\n<meta name=\"twitter:label1\" content=\"Dur\u00e9e de lecture estim\u00e9e\" \/>\n\t<meta name=\"twitter:data1\" content=\"1 minute\" \/>\n<script type=\"application\/ld+json\" class=\"yoast-schema-graph\">{\"@context\":\"https:\\\/\\\/schema.org\",\"@graph\":[{\"@type\":\"WebPage\",\"@id\":\"https:\\\/\\\/marymount.emsb.qc.ca\\\/fr\\\/admissions\\\/\",\"url\":\"https:\\\/\\\/marymount.emsb.qc.ca\\\/fr\\\/admissions\\\/\",\"name\":\"Admissions - Marymount Academy International\",\"isPartOf\":{\"@id\":\"https:\\\/\\\/marymount.emsb.qc.ca\\\/#website\"},\"primaryImageOfPage\":{\"@id\":\"https:\\\/\\\/marymount.emsb.qc.ca\\\/fr\\\/admissions\\\/#primaryimage\"},\"image\":{\"@id\":\"https:\\\/\\\/marymount.emsb.qc.ca\\\/fr\\\/admissions\\\/#primaryimage\"},\"thumbnailUrl\":\"https:\\\/\\\/marymount.emsb.qc.ca\\\/wp-content\\\/uploads\\\/sites\\\/5\\\/2024\\\/05\\\/MARYMOUNT-s-1.png\",\"datePublished\":\"2023-02-13T16:33:39+00:00\",\"dateModified\":\"2024-09-05T17:44:26+00:00\",\"breadcrumb\":{\"@id\":\"https:\\\/\\\/marymount.emsb.qc.ca\\\/fr\\\/admissions\\\/#breadcrumb\"},\"inLanguage\":\"fr-FR\",\"potentialAction\":[{\"@type\":\"ReadAction\",\"target\":[\"https:\\\/\\\/marymount.emsb.qc.ca\\\/fr\\\/admissions\\\/\"]}]},{\"@type\":\"ImageObject\",\"inLanguage\":\"fr-FR\",\"@id\":\"https:\\\/\\\/marymount.emsb.qc.ca\\\/fr\\\/admissions\\\/#primaryimage\",\"url\":\"https:\\\/\\\/marymount.emsb.qc.ca\\\/wp-content\\\/uploads\\\/sites\\\/5\\\/2024\\\/05\\\/MARYMOUNT-s-1.png\",\"contentUrl\":\"https:\\\/\\\/marymount.emsb.qc.ca\\\/wp-content\\\/uploads\\\/sites\\\/5\\\/2024\\\/05\\\/MARYMOUNT-s-1.png\"},{\"@type\":\"BreadcrumbList\",\"@id\":\"https:\\\/\\\/marymount.emsb.qc.ca\\\/fr\\\/admissions\\\/#breadcrumb\",\"itemListElement\":[{\"@type\":\"ListItem\",\"position\":1,\"name\":\"Home\",\"item\":\"https:\\\/\\\/marymount.emsb.qc.ca\\\/\"},{\"@type\":\"ListItem\",\"position\":2,\"name\":\"Admissions\"}]},{\"@type\":\"WebSite\",\"@id\":\"https:\\\/\\\/marymount.emsb.qc.ca\\\/#website\",\"url\":\"https:\\\/\\\/marymount.emsb.qc.ca\\\/\",\"name\":\"Marymount Academy International\",\"description\":\"Marymount Academy International\",\"publisher\":{\"@id\":\"https:\\\/\\\/marymount.emsb.qc.ca\\\/#organization\"},\"potentialAction\":[{\"@type\":\"SearchAction\",\"target\":{\"@type\":\"EntryPoint\",\"urlTemplate\":\"https:\\\/\\\/marymount.emsb.qc.ca\\\/?s={search_term_string}\"},\"query-input\":{\"@type\":\"PropertyValueSpecification\",\"valueRequired\":true,\"valueName\":\"search_term_string\"}}],\"inLanguage\":\"fr-FR\"},{\"@type\":\"Organization\",\"@id\":\"https:\\\/\\\/marymount.emsb.qc.ca\\\/#organization\",\"name\":\"Marymount Academy International\",\"url\":\"https:\\\/\\\/marymount.emsb.qc.ca\\\/\",\"logo\":{\"@type\":\"ImageObject\",\"inLanguage\":\"fr-FR\",\"@id\":\"https:\\\/\\\/marymount.emsb.qc.ca\\\/#\\\/schema\\\/logo\\\/image\\\/\",\"url\":\"https:\\\/\\\/marymount.emsb.qc.ca\\\/wp-content\\\/uploads\\\/sites\\\/5\\\/2022\\\/01\\\/marymount-logo.jpg\",\"contentUrl\":\"https:\\\/\\\/marymount.emsb.qc.ca\\\/wp-content\\\/uploads\\\/sites\\\/5\\\/2022\\\/01\\\/marymount-logo.jpg\",\"width\":110,\"height\":149,\"caption\":\"Marymount Academy International\"},\"image\":{\"@id\":\"https:\\\/\\\/marymount.emsb.qc.ca\\\/#\\\/schema\\\/logo\\\/image\\\/\"}}]}<\/script>\n<!-- \/ Yoast SEO plugin. -->","yoast_head_json":{"title":"Admissions - Marymount Academy International","robots":{"index":"index","follow":"follow","max-snippet":"max-snippet:-1","max-image-preview":"max-image-preview:large","max-video-preview":"max-video-preview:-1"},"canonical":"https:\/\/marymount.emsb.qc.ca\/fr\/admissions\/","og_locale":"fr_FR","og_type":"article","og_title":"Admissions - Marymount Academy International","og_description":"Thank you for your interest in Marymount Academy International, home of the Cougars! We are currently accepting registrations for the 2024-2025 school year. Our online application platform is currently under reconstruction. In the meanwhile, please contact our school directly to set an appointment time with our secretary to submit an application, in person. We can [&hellip;]","og_url":"https:\/\/marymount.emsb.qc.ca\/fr\/admissions\/","og_site_name":"Marymount Academy International","article_modified_time":"2024-09-05T17:44:26+00:00","og_image":[{"url":"https:\/\/marymount.emsb.qc.ca\/wp-content\/uploads\/sites\/5\/2024\/05\/MARYMOUNT-s-1.png","type":"","width":"","height":""}],"twitter_card":"summary_large_image","twitter_misc":{"Dur\u00e9e de lecture estim\u00e9e":"1 minute"},"schema":{"@context":"https:\/\/schema.org","@graph":[{"@type":"WebPage","@id":"https:\/\/marymount.emsb.qc.ca\/fr\/admissions\/","url":"https:\/\/marymount.emsb.qc.ca\/fr\/admissions\/","name":"Admissions - Marymount Academy International","isPartOf":{"@id":"https:\/\/marymount.emsb.qc.ca\/#website"},"primaryImageOfPage":{"@id":"https:\/\/marymount.emsb.qc.ca\/fr\/admissions\/#primaryimage"},"image":{"@id":"https:\/\/marymount.emsb.qc.ca\/fr\/admissions\/#primaryimage"},"thumbnailUrl":"https:\/\/marymount.emsb.qc.ca\/wp-content\/uploads\/sites\/5\/2024\/05\/MARYMOUNT-s-1.png","datePublished":"2023-02-13T16:33:39+00:00","dateModified":"2024-09-05T17:44:26+00:00","breadcrumb":{"@id":"https:\/\/marymount.emsb.qc.ca\/fr\/admissions\/#breadcrumb"},"inLanguage":"fr-FR","potentialAction":[{"@type":"ReadAction","target":["https:\/\/marymount.emsb.qc.ca\/fr\/admissions\/"]}]},{"@type":"ImageObject","inLanguage":"fr-FR","@id":"https:\/\/marymount.emsb.qc.ca\/fr\/admissions\/#primaryimage","url":"https:\/\/marymount.emsb.qc.ca\/wp-content\/uploads\/sites\/5\/2024\/05\/MARYMOUNT-s-1.png","contentUrl":"https:\/\/marymount.emsb.qc.ca\/wp-content\/uploads\/sites\/5\/2024\/05\/MARYMOUNT-s-1.png"},{"@type":"BreadcrumbList","@id":"https:\/\/marymount.emsb.qc.ca\/fr\/admissions\/#breadcrumb","itemListElement":[{"@type":"ListItem","position":1,"name":"Home","item":"https:\/\/marymount.emsb.qc.ca\/"},{"@type":"ListItem","position":2,"name":"Admissions"}]},{"@type":"WebSite","@id":"https:\/\/marymount.emsb.qc.ca\/#website","url":"https:\/\/marymount.emsb.qc.ca\/","name":"Acad\u00e9mie internationale Marymount","description":"Acad\u00e9mie internationale Marymount","publisher":{"@id":"https:\/\/marymount.emsb.qc.ca\/#organization"},"potentialAction":[{"@type":"SearchAction","target":{"@type":"EntryPoint","urlTemplate":"https:\/\/marymount.emsb.qc.ca\/?s={search_term_string}"},"query-input":{"@type":"PropertyValueSpecification","valueRequired":true,"valueName":"search_term_string"}}],"inLanguage":"fr-FR"},{"@type":"Organization","@id":"https:\/\/marymount.emsb.qc.ca\/#organization","name":"Acad\u00e9mie internationale Marymount","url":"https:\/\/marymount.emsb.qc.ca\/","logo":{"@type":"ImageObject","inLanguage":"fr-FR","@id":"https:\/\/marymount.emsb.qc.ca\/#\/schema\/logo\/image\/","url":"https:\/\/marymount.emsb.qc.ca\/wp-content\/uploads\/sites\/5\/2022\/01\/marymount-logo.jpg","contentUrl":"https:\/\/marymount.emsb.qc.ca\/wp-content\/uploads\/sites\/5\/2022\/01\/marymount-logo.jpg","width":110,"height":149,"caption":"Marymount Academy International"},"image":{"@id":"https:\/\/marymount.emsb.qc.ca\/#\/schema\/logo\/image\/"}}]}},"_links":{"self":[{"href":"https:\/\/marymount.emsb.qc.ca\/fr\/wp-json\/wp\/v2\/pages\/6357","targetHints":{"allow":["GET"]}}],"collection":[{"href":"https:\/\/marymount.emsb.qc.ca\/fr\/wp-json\/wp\/v2\/pages"}],"about":[{"href":"https:\/\/marymount.emsb.qc.ca\/fr\/wp-json\/wp\/v2\/types\/page"}],"author":[{"embeddable":true,"href":"https:\/\/marymount.emsb.qc.ca\/fr\/wp-json\/wp\/v2\/users\/3"}],"replies":[{"embeddable":true,"href":"https:\/\/marymount.emsb.qc.ca\/fr\/wp-json\/wp\/v2\/comments?post=6357"}],"version-history":[{"count":56,"href":"https:\/\/marymount.emsb.qc.ca\/fr\/wp-json\/wp\/v2\/pages\/6357\/revisions"}],"predecessor-version":[{"id":12035,"href":"https:\/\/marymount.emsb.qc.ca\/fr\/wp-json\/wp\/v2\/pages\/6357\/revisions\/12035"}],"wp:attachment":[{"href":"https:\/\/marymount.emsb.qc.ca\/fr\/wp-json\/wp\/v2\/media?parent=6357"}],"curies":[{"name":"wp","href":"https:\/\/api.w.org\/{rel}","templated":true}]}}