
{"id":6351,"date":"2023-02-13T11:32:29","date_gmt":"2023-02-13T16:32:29","guid":{"rendered":"https:\/\/marymount.emsbdev.com\/?page_id=6351"},"modified":"2024-09-05T13:44:41","modified_gmt":"2024-09-05T17:44:41","slug":"step","status":"publish","type":"page","link":"https:\/\/marymount.emsb.qc.ca\/fr\/step\/","title":{"rendered":"Centre de ressources STEP"},"content":{"rendered":"<div data-elementor-type=\"wp-page\" data-elementor-id=\"6351\" class=\"elementor elementor-6351\" data-elementor-post-type=\"page\">\n\t\t\t\t\t\t<section class=\"elementor-section elementor-top-section elementor-element elementor-element-795fe4cb elementor-section-full_width elementor-section-height-default elementor-section-height-default\" data-id=\"795fe4cb\" data-element_type=\"section\" data-e-type=\"section\" data-settings=\"{&quot;jet_parallax_layout_list&quot;:[]}\">\n\t\t\t\t\t\t<div class=\"elementor-container elementor-column-gap-default\">\n\t\t\t\t\t<div class=\"elementor-column elementor-col-100 elementor-top-column elementor-element elementor-element-1551a546\" data-id=\"1551a546\" data-element_type=\"column\" data-e-type=\"column\">\n\t\t\t<div class=\"elementor-widget-wrap elementor-element-populated\">\n\t\t\t\t\t\t<div class=\"elementor-element elementor-element-4e6871d6 elementor-widget elementor-widget-image\" data-id=\"4e6871d6\" data-element_type=\"widget\" data-e-type=\"widget\" data-widget_type=\"image.default\">\n\t\t\t\t<div class=\"elementor-widget-container\">\n\t\t\t\t\t\t\t\t\t\t\t\t\t\t\t<img fetchpriority=\"high\" decoding=\"async\" width=\"768\" height=\"133\" src=\"https:\/\/marymount.emsb.qc.ca\/wp-content\/uploads\/sites\/5\/2024\/05\/banner-marymount16-768x133.png\" class=\"attachment-medium_large size-medium_large wp-image-10546\" alt=\"\" srcset=\"https:\/\/marymount.emsb.qc.ca\/wp-content\/uploads\/sites\/5\/2024\/05\/banner-marymount16-768x133.png 768w, https:\/\/marymount.emsb.qc.ca\/wp-content\/uploads\/sites\/5\/2024\/05\/banner-marymount16-300x52.png 300w, https:\/\/marymount.emsb.qc.ca\/wp-content\/uploads\/sites\/5\/2024\/05\/banner-marymount16-1024x178.png 1024w, https:\/\/marymount.emsb.qc.ca\/wp-content\/uploads\/sites\/5\/2024\/05\/banner-marymount16-18x3.png 18w, https:\/\/marymount.emsb.qc.ca\/wp-content\/uploads\/sites\/5\/2024\/05\/banner-marymount16.png 1440w\" sizes=\"(max-width: 768px) 100vw, 768px\" \/>\t\t\t\t\t\t\t\t\t\t\t\t\t\t\t<\/div>\n\t\t\t\t<\/div>\n\t\t\t\t\t<\/div>\n\t\t<\/div>\n\t\t\t\t\t<\/div>\n\t\t<\/section>\n\t\t\t\t<section class=\"elementor-section elementor-top-section elementor-element elementor-element-11ffa984 elementor-section-boxed elementor-section-height-default elementor-section-height-default\" data-id=\"11ffa984\" data-element_type=\"section\" data-e-type=\"section\" data-settings=\"{&quot;jet_parallax_layout_list&quot;:[]}\">\n\t\t\t\t\t\t<div class=\"elementor-container elementor-column-gap-default\">\n\t\t\t\t\t<div class=\"elementor-column elementor-col-100 elementor-top-column elementor-element elementor-element-498e0027\" data-id=\"498e0027\" data-element_type=\"column\" data-e-type=\"column\">\n\t\t\t<div class=\"elementor-widget-wrap elementor-element-populated\">\n\t\t\t\t\t\t<div class=\"elementor-element elementor-element-7dc7d350 elementor-widget__width-auto elementor-widget elementor-widget-heading\" data-id=\"7dc7d350\" data-element_type=\"widget\" data-e-type=\"widget\" data-widget_type=\"heading.default\">\n\t\t\t\t<div class=\"elementor-widget-container\">\n\t\t\t\t\t<h2 class=\"elementor-heading-title elementor-size-default\">MARYMOUNT<\/h2>\t\t\t\t<\/div>\n\t\t\t\t<\/div>\n\t\t\t\t\t<\/div>\n\t\t<\/div>\n\t\t\t\t\t<\/div>\n\t\t<\/section>\n\t\t\t\t<section class=\"elementor-section elementor-top-section elementor-element elementor-element-69c4a9fc elementor-section-boxed elementor-section-height-default elementor-section-height-default\" data-id=\"69c4a9fc\" data-element_type=\"section\" data-e-type=\"section\" data-settings=\"{&quot;jet_parallax_layout_list&quot;:[]}\">\n\t\t\t\t\t\t<div class=\"elementor-container elementor-column-gap-default\">\n\t\t\t\t\t<div class=\"elementor-column elementor-col-100 elementor-top-column elementor-element elementor-element-3f785a34\" data-id=\"3f785a34\" data-element_type=\"column\" data-e-type=\"column\">\n\t\t\t<div class=\"elementor-widget-wrap elementor-element-populated\">\n\t\t\t\t\t\t<div class=\"elementor-element elementor-element-92e7571 elementor-widget elementor-widget-text-editor\" data-id=\"92e7571\" data-element_type=\"widget\" data-e-type=\"widget\" data-widget_type=\"text-editor.default\">\n\t\t\t\t<div class=\"elementor-widget-container\">\n\t\t\t\t\t\t\t\t\t<p><span style=\"font-size: 16px\">Le Centre de ressources STEP de Marymount est un espace unique con\u00e7u pour fournir un enrichissement et des ressources \u00e0 la communaut\u00e9 \u00e9tudiante de Marymount. Mme Blumer est notre enseignante-ressource exp\u00e9riment\u00e9e. Elle a l'habitude de travailler avec des \u00e9l\u00e8ves qui ont un plan d'intervention personnalis\u00e9 et poss\u00e8de une vaste connaissance des diff\u00e9rentes technologies d'assistance.<\/span><\/p>\t\t\t\t\t\t\t\t<\/div>\n\t\t\t\t<\/div>\n\t\t\t\t<section class=\"elementor-section elementor-inner-section elementor-element elementor-element-62de264 elementor-section-boxed elementor-section-height-default elementor-section-height-default\" data-id=\"62de264\" data-element_type=\"section\" data-e-type=\"section\" data-settings=\"{&quot;jet_parallax_layout_list&quot;:[]}\">\n\t\t\t\t\t\t<div class=\"elementor-container elementor-column-gap-default\">\n\t\t\t\t\t<div class=\"elementor-column elementor-col-50 elementor-inner-column elementor-element elementor-element-af69afe\" data-id=\"af69afe\" data-element_type=\"column\" data-e-type=\"column\">\n\t\t\t<div class=\"elementor-widget-wrap elementor-element-populated\">\n\t\t\t\t\t\t<div class=\"elementor-element elementor-element-6e0ad939 elementor-widget elementor-widget-text-editor\" data-id=\"6e0ad939\" data-element_type=\"widget\" data-e-type=\"widget\" data-widget_type=\"text-editor.default\">\n\t\t\t\t<div class=\"elementor-widget-container\">\n\t\t\t\t\t\t\t\t\t<h2><b style=\"font-size: 16px;font-style: inherit\">La salle STEP a de nombreuses fonctions :<\/b><\/h2><div><ul><li>Elle se coordonne avec les enseignants pour fournir aux \u00e9l\u00e8ves des ressources et une attention suppl\u00e9mentaires au cours d'une journ\u00e9e scolaire, sur une base p\u00e9riodique. Les \u00e9l\u00e8ves peuvent se rendre occasionnellement ou r\u00e9guli\u00e8rement dans la salle STEP lorsqu'ils rencontrent des difficult\u00e9s et ont besoin d'une aide plus personnalis\u00e9e pour leur travail scolaire.<\/li><li>Il constitue un lieu d'enrichissement et d'apprentissage bas\u00e9 sur des projets. Les \u00e9l\u00e8ves qui souhaitent r\u00e9aliser des projets de recherche disposent de plusieurs ordinateurs, de logiciels mis \u00e0 jour et de programmes de technologie d'assistance, ainsi que d'une imprimante sur place. Toute utilisation d'Internet est contr\u00f4l\u00e9e par le filtre Web de la CSEM et par le personnel de STEP. Les \u00e9l\u00e8ves qui utilisent les ordinateurs en dehors des heures de cours sont autoris\u00e9s \u00e0 utiliser leur courriel, \u00e0 regarder des vid\u00e9os \u00e9ducatives et \u00e0 travailler en \u00e9quipe sur Google.<\/li><li>Il est ouvert aux \u00e9l\u00e8ves apr\u00e8s l'\u00e9cole dans le cadre du programme d'aide aux devoirs. Les membres du personnel sont toujours pr\u00e9sents pendant que les \u00e9l\u00e8ves travaillent pour terminer leurs devoirs et leurs lectures, explorent Internet en fonction de leurs besoins, \u00e9tudient et passent du temps dans une atmosph\u00e8re s\u00fbre et supervis\u00e9e. Les \u00e9l\u00e8ves qui ont besoin d'une oreille attentive peuvent toujours compter sur le soutien d'un membre du personnel, qui est comp\u00e9tent en mati\u00e8re de r\u00e9solution des conflits. Les \u00e9l\u00e8ves qui ont des probl\u00e8mes avec leurs pairs peuvent facilement les r\u00e9soudre s'ils s'adressent au personnel de STEP.<\/li><\/ul><p>Notre coordinatrice est toujours disponible pour les parents qui ont des questions concernant les fonctions du centre de ressources STEP. Elle est joignable au 514 488-8144.<\/p><\/div>\t\t\t\t\t\t\t\t<\/div>\n\t\t\t\t<\/div>\n\t\t\t\t\t<\/div>\n\t\t<\/div>\n\t\t\t\t<div class=\"elementor-column elementor-col-50 elementor-inner-column elementor-element elementor-element-5dd059c\" data-id=\"5dd059c\" data-element_type=\"column\" data-e-type=\"column\">\n\t\t\t<div class=\"elementor-widget-wrap elementor-element-populated\">\n\t\t\t\t\t\t<div class=\"elementor-element elementor-element-42b2ad9 elementor-widget elementor-widget-image\" data-id=\"42b2ad9\" data-element_type=\"widget\" data-e-type=\"widget\" data-widget_type=\"image.default\">\n\t\t\t\t<div class=\"elementor-widget-container\">\n\t\t\t\t\t\t\t\t\t\t\t\t\t\t\t<img decoding=\"async\" width=\"1024\" height=\"683\" src=\"https:\/\/marymount.emsb.qc.ca\/wp-content\/uploads\/sites\/5\/2024\/08\/school-material-1024x683.png\" class=\"attachment-large size-large wp-image-11563\" alt=\"\" srcset=\"https:\/\/marymount.emsb.qc.ca\/wp-content\/uploads\/sites\/5\/2024\/08\/school-material-1024x683.png 1024w, https:\/\/marymount.emsb.qc.ca\/wp-content\/uploads\/sites\/5\/2024\/08\/school-material-300x200.png 300w, https:\/\/marymount.emsb.qc.ca\/wp-content\/uploads\/sites\/5\/2024\/08\/school-material-768x512.png 768w, https:\/\/marymount.emsb.qc.ca\/wp-content\/uploads\/sites\/5\/2024\/08\/school-material-18x12.png 18w, https:\/\/marymount.emsb.qc.ca\/wp-content\/uploads\/sites\/5\/2024\/08\/school-material.png 1200w\" sizes=\"(max-width: 1024px) 100vw, 1024px\" \/>\t\t\t\t\t\t\t\t\t\t\t\t\t\t\t<\/div>\n\t\t\t\t<\/div>\n\t\t\t\t<div class=\"elementor-element elementor-element-ecc49cf elementor-widget elementor-widget-image\" data-id=\"ecc49cf\" data-element_type=\"widget\" data-e-type=\"widget\" data-widget_type=\"image.default\">\n\t\t\t\t<div class=\"elementor-widget-container\">\n\t\t\t\t\t\t\t\t\t\t\t\t\t\t\t<img decoding=\"async\" width=\"819\" height=\"382\" src=\"https:\/\/marymount.emsb.qc.ca\/wp-content\/uploads\/sites\/5\/2024\/03\/marymount-students.jpg\" class=\"attachment-large size-large wp-image-11394\" alt=\"\" srcset=\"https:\/\/marymount.emsb.qc.ca\/wp-content\/uploads\/sites\/5\/2024\/03\/marymount-students.jpg 819w, https:\/\/marymount.emsb.qc.ca\/wp-content\/uploads\/sites\/5\/2024\/03\/marymount-students-300x140.jpg 300w, https:\/\/marymount.emsb.qc.ca\/wp-content\/uploads\/sites\/5\/2024\/03\/marymount-students-768x358.jpg 768w, https:\/\/marymount.emsb.qc.ca\/wp-content\/uploads\/sites\/5\/2024\/03\/marymount-students-18x8.jpg 18w\" sizes=\"(max-width: 819px) 100vw, 819px\" \/>\t\t\t\t\t\t\t\t\t\t\t\t\t\t\t<\/div>\n\t\t\t\t<\/div>\n\t\t\t\t\t<\/div>\n\t\t<\/div>\n\t\t\t\t\t<\/div>\n\t\t<\/section>\n\t\t\t\t\t<\/div>\n\t\t<\/div>\n\t\t\t\t\t<\/div>\n\t\t<\/section>\n\t\t\t\t<\/div>","protected":false},"excerpt":{"rendered":"<p>Marymount The STEP Resource Centre at Marymount is a unique space designed to provide enrichment and resource support to the Marymount student community. Ms. Blumer is our experienced resource teacher. She has experience working with students who have an Individual Education Plan, as well as having a vast knowledge working with various assistive technologies. The [&hellip;]<\/p>\n","protected":false},"author":3,"featured_media":0,"parent":0,"menu_order":0,"comment_status":"closed","ping_status":"closed","template":"","meta":{"site-sidebar-layout":"no-sidebar","site-content-layout":"page-builder","ast-site-content-layout":"full-width-container","site-content-style":"unboxed","site-sidebar-style":"unboxed","ast-global-header-display":"","ast-banner-title-visibility":"","ast-main-header-display":"","ast-hfb-above-header-display":"","ast-hfb-below-header-display":"","ast-hfb-mobile-header-display":"","site-post-title":"disabled","ast-breadcrumbs-content":"","ast-featured-img":"disabled","footer-sml-layout":"","ast-disable-related-posts":"","theme-transparent-header-meta":"default","adv-header-id-meta":"","stick-header-meta":"","header-above-stick-meta":"","header-main-stick-meta":"","header-below-stick-meta":"","astra-migrate-meta-layouts":"set","ast-page-background-enabled":"default","ast-page-background-meta":{"desktop":{"background-color":"var(--ast-global-color-4)","background-image":"","background-repeat":"repeat","background-position":"center center","background-size":"auto","background-attachment":"scroll","background-type":"","background-media":"","overlay-type":"","overlay-color":"","overlay-opacity":"","overlay-gradient":""},"tablet":{"background-color":"","background-image":"","background-repeat":"repeat","background-position":"center center","background-size":"auto","background-attachment":"scroll","background-type":"","background-media":"","overlay-type":"","overlay-color":"","overlay-opacity":"","overlay-gradient":""},"mobile":{"background-color":"","background-image":"","background-repeat":"repeat","background-position":"center center","background-size":"auto","background-attachment":"scroll","background-type":"","background-media":"","overlay-type":"","overlay-color":"","overlay-opacity":"","overlay-gradient":""}},"ast-content-background-meta":{"desktop":{"background-color":"var(--ast-global-color-5)","background-image":"","background-repeat":"repeat","background-position":"center center","background-size":"auto","background-attachment":"scroll","background-type":"","background-media":"","overlay-type":"","overlay-color":"","overlay-opacity":"","overlay-gradient":""},"tablet":{"background-color":"var(--ast-global-color-5)","background-image":"","background-repeat":"repeat","background-position":"center center","background-size":"auto","background-attachment":"scroll","background-type":"","background-media":"","overlay-type":"","overlay-color":"","overlay-opacity":"","overlay-gradient":""},"mobile":{"background-color":"var(--ast-global-color-5)","background-image":"","background-repeat":"repeat","background-position":"center center","background-size":"auto","background-attachment":"scroll","background-type":"","background-media":"","overlay-type":"","overlay-color":"","overlay-opacity":"","overlay-gradient":""}},"footnotes":""},"class_list":["post-6351","page","type-page","status-publish","hentry"],"yoast_head":"<!-- This site is optimized with the Yoast SEO plugin v27.3 - https:\/\/yoast.com\/product\/yoast-seo-wordpress\/ -->\n<title>STEP Resource Centre - Marymount Academy International<\/title>\n<meta name=\"robots\" content=\"index, follow, max-snippet:-1, max-image-preview:large, max-video-preview:-1\" \/>\n<link rel=\"canonical\" href=\"https:\/\/marymount.emsb.qc.ca\/fr\/step\/\" \/>\n<meta property=\"og:locale\" content=\"fr_FR\" \/>\n<meta property=\"og:type\" content=\"article\" \/>\n<meta property=\"og:title\" content=\"STEP Resource Centre - Marymount Academy International\" \/>\n<meta property=\"og:description\" content=\"Marymount The STEP Resource Centre at Marymount is a unique space designed to provide enrichment and resource support to the Marymount student community. Ms. Blumer is our experienced resource teacher. She has experience working with students who have an Individual Education Plan, as well as having a vast knowledge working with various assistive technologies. The [&hellip;]\" \/>\n<meta property=\"og:url\" content=\"https:\/\/marymount.emsb.qc.ca\/fr\/step\/\" \/>\n<meta property=\"og:site_name\" content=\"Marymount Academy International\" \/>\n<meta property=\"article:modified_time\" content=\"2024-09-05T17:44:41+00:00\" \/>\n<meta property=\"og:image\" content=\"https:\/\/marymount.emsb.qc.ca\/wp-content\/uploads\/sites\/5\/2024\/05\/banner-marymount16-768x133.png\" \/>\n<meta name=\"twitter:card\" content=\"summary_large_image\" \/>\n<meta name=\"twitter:label1\" content=\"Dur\u00e9e de lecture estim\u00e9e\" \/>\n\t<meta name=\"twitter:data1\" content=\"1 minute\" \/>\n<script type=\"application\/ld+json\" class=\"yoast-schema-graph\">{\"@context\":\"https:\\\/\\\/schema.org\",\"@graph\":[{\"@type\":\"WebPage\",\"@id\":\"https:\\\/\\\/marymount.emsb.qc.ca\\\/step\\\/\",\"url\":\"https:\\\/\\\/marymount.emsb.qc.ca\\\/step\\\/\",\"name\":\"STEP Resource Centre - Marymount Academy International\",\"isPartOf\":{\"@id\":\"https:\\\/\\\/marymount.emsb.qc.ca\\\/#website\"},\"primaryImageOfPage\":{\"@id\":\"https:\\\/\\\/marymount.emsb.qc.ca\\\/step\\\/#primaryimage\"},\"image\":{\"@id\":\"https:\\\/\\\/marymount.emsb.qc.ca\\\/step\\\/#primaryimage\"},\"thumbnailUrl\":\"https:\\\/\\\/marymount.emsb.qc.ca\\\/wp-content\\\/uploads\\\/sites\\\/5\\\/2024\\\/05\\\/banner-marymount16-768x133.png\",\"datePublished\":\"2023-02-13T16:32:29+00:00\",\"dateModified\":\"2024-09-05T17:44:41+00:00\",\"breadcrumb\":{\"@id\":\"https:\\\/\\\/marymount.emsb.qc.ca\\\/step\\\/#breadcrumb\"},\"inLanguage\":\"fr-FR\",\"potentialAction\":[{\"@type\":\"ReadAction\",\"target\":[\"https:\\\/\\\/marymount.emsb.qc.ca\\\/step\\\/\"]}]},{\"@type\":\"ImageObject\",\"inLanguage\":\"fr-FR\",\"@id\":\"https:\\\/\\\/marymount.emsb.qc.ca\\\/step\\\/#primaryimage\",\"url\":\"https:\\\/\\\/marymount.emsb.qc.ca\\\/wp-content\\\/uploads\\\/sites\\\/5\\\/2024\\\/05\\\/banner-marymount16-768x133.png\",\"contentUrl\":\"https:\\\/\\\/marymount.emsb.qc.ca\\\/wp-content\\\/uploads\\\/sites\\\/5\\\/2024\\\/05\\\/banner-marymount16-768x133.png\"},{\"@type\":\"BreadcrumbList\",\"@id\":\"https:\\\/\\\/marymount.emsb.qc.ca\\\/step\\\/#breadcrumb\",\"itemListElement\":[{\"@type\":\"ListItem\",\"position\":1,\"name\":\"Home\",\"item\":\"https:\\\/\\\/marymount.emsb.qc.ca\\\/\"},{\"@type\":\"ListItem\",\"position\":2,\"name\":\"STEP Resource Centre\"}]},{\"@type\":\"WebSite\",\"@id\":\"https:\\\/\\\/marymount.emsb.qc.ca\\\/#website\",\"url\":\"https:\\\/\\\/marymount.emsb.qc.ca\\\/\",\"name\":\"Marymount Academy International\",\"description\":\"Marymount Academy International\",\"publisher\":{\"@id\":\"https:\\\/\\\/marymount.emsb.qc.ca\\\/#organization\"},\"potentialAction\":[{\"@type\":\"SearchAction\",\"target\":{\"@type\":\"EntryPoint\",\"urlTemplate\":\"https:\\\/\\\/marymount.emsb.qc.ca\\\/?s={search_term_string}\"},\"query-input\":{\"@type\":\"PropertyValueSpecification\",\"valueRequired\":true,\"valueName\":\"search_term_string\"}}],\"inLanguage\":\"fr-FR\"},{\"@type\":\"Organization\",\"@id\":\"https:\\\/\\\/marymount.emsb.qc.ca\\\/#organization\",\"name\":\"Marymount Academy International\",\"url\":\"https:\\\/\\\/marymount.emsb.qc.ca\\\/\",\"logo\":{\"@type\":\"ImageObject\",\"inLanguage\":\"fr-FR\",\"@id\":\"https:\\\/\\\/marymount.emsb.qc.ca\\\/#\\\/schema\\\/logo\\\/image\\\/\",\"url\":\"https:\\\/\\\/marymount.emsb.qc.ca\\\/wp-content\\\/uploads\\\/sites\\\/5\\\/2022\\\/01\\\/marymount-logo.jpg\",\"contentUrl\":\"https:\\\/\\\/marymount.emsb.qc.ca\\\/wp-content\\\/uploads\\\/sites\\\/5\\\/2022\\\/01\\\/marymount-logo.jpg\",\"width\":110,\"height\":149,\"caption\":\"Marymount Academy International\"},\"image\":{\"@id\":\"https:\\\/\\\/marymount.emsb.qc.ca\\\/#\\\/schema\\\/logo\\\/image\\\/\"}}]}<\/script>\n<!-- \/ Yoast SEO plugin. -->","yoast_head_json":{"title":"Centre de ressources STEP - Marymount Academy International","robots":{"index":"index","follow":"follow","max-snippet":"max-snippet:-1","max-image-preview":"max-image-preview:large","max-video-preview":"max-video-preview:-1"},"canonical":"https:\/\/marymount.emsb.qc.ca\/fr\/step\/","og_locale":"fr_FR","og_type":"article","og_title":"STEP Resource Centre - Marymount Academy International","og_description":"Marymount The STEP Resource Centre at Marymount is a unique space designed to provide enrichment and resource support to the Marymount student community. Ms. Blumer is our experienced resource teacher. She has experience working with students who have an Individual Education Plan, as well as having a vast knowledge working with various assistive technologies. The [&hellip;]","og_url":"https:\/\/marymount.emsb.qc.ca\/fr\/step\/","og_site_name":"Marymount Academy International","article_modified_time":"2024-09-05T17:44:41+00:00","og_image":[{"url":"https:\/\/marymount.emsb.qc.ca\/wp-content\/uploads\/sites\/5\/2024\/05\/banner-marymount16-768x133.png","type":"","width":"","height":""}],"twitter_card":"summary_large_image","twitter_misc":{"Dur\u00e9e de lecture estim\u00e9e":"1 minute"},"schema":{"@context":"https:\/\/schema.org","@graph":[{"@type":"WebPage","@id":"https:\/\/marymount.emsb.qc.ca\/step\/","url":"https:\/\/marymount.emsb.qc.ca\/step\/","name":"Centre de ressources STEP - Marymount Academy International","isPartOf":{"@id":"https:\/\/marymount.emsb.qc.ca\/#website"},"primaryImageOfPage":{"@id":"https:\/\/marymount.emsb.qc.ca\/step\/#primaryimage"},"image":{"@id":"https:\/\/marymount.emsb.qc.ca\/step\/#primaryimage"},"thumbnailUrl":"https:\/\/marymount.emsb.qc.ca\/wp-content\/uploads\/sites\/5\/2024\/05\/banner-marymount16-768x133.png","datePublished":"2023-02-13T16:32:29+00:00","dateModified":"2024-09-05T17:44:41+00:00","breadcrumb":{"@id":"https:\/\/marymount.emsb.qc.ca\/step\/#breadcrumb"},"inLanguage":"fr-FR","potentialAction":[{"@type":"ReadAction","target":["https:\/\/marymount.emsb.qc.ca\/step\/"]}]},{"@type":"ImageObject","inLanguage":"fr-FR","@id":"https:\/\/marymount.emsb.qc.ca\/step\/#primaryimage","url":"https:\/\/marymount.emsb.qc.ca\/wp-content\/uploads\/sites\/5\/2024\/05\/banner-marymount16-768x133.png","contentUrl":"https:\/\/marymount.emsb.qc.ca\/wp-content\/uploads\/sites\/5\/2024\/05\/banner-marymount16-768x133.png"},{"@type":"BreadcrumbList","@id":"https:\/\/marymount.emsb.qc.ca\/step\/#breadcrumb","itemListElement":[{"@type":"ListItem","position":1,"name":"Home","item":"https:\/\/marymount.emsb.qc.ca\/"},{"@type":"ListItem","position":2,"name":"STEP Resource Centre"}]},{"@type":"WebSite","@id":"https:\/\/marymount.emsb.qc.ca\/#website","url":"https:\/\/marymount.emsb.qc.ca\/","name":"Acad\u00e9mie internationale Marymount","description":"Acad\u00e9mie internationale Marymount","publisher":{"@id":"https:\/\/marymount.emsb.qc.ca\/#organization"},"potentialAction":[{"@type":"SearchAction","target":{"@type":"EntryPoint","urlTemplate":"https:\/\/marymount.emsb.qc.ca\/?s={search_term_string}"},"query-input":{"@type":"PropertyValueSpecification","valueRequired":true,"valueName":"search_term_string"}}],"inLanguage":"fr-FR"},{"@type":"Organization","@id":"https:\/\/marymount.emsb.qc.ca\/#organization","name":"Acad\u00e9mie internationale Marymount","url":"https:\/\/marymount.emsb.qc.ca\/","logo":{"@type":"ImageObject","inLanguage":"fr-FR","@id":"https:\/\/marymount.emsb.qc.ca\/#\/schema\/logo\/image\/","url":"https:\/\/marymount.emsb.qc.ca\/wp-content\/uploads\/sites\/5\/2022\/01\/marymount-logo.jpg","contentUrl":"https:\/\/marymount.emsb.qc.ca\/wp-content\/uploads\/sites\/5\/2022\/01\/marymount-logo.jpg","width":110,"height":149,"caption":"Marymount Academy International"},"image":{"@id":"https:\/\/marymount.emsb.qc.ca\/#\/schema\/logo\/image\/"}}]}},"_links":{"self":[{"href":"https:\/\/marymount.emsb.qc.ca\/fr\/wp-json\/wp\/v2\/pages\/6351","targetHints":{"allow":["GET"]}}],"collection":[{"href":"https:\/\/marymount.emsb.qc.ca\/fr\/wp-json\/wp\/v2\/pages"}],"about":[{"href":"https:\/\/marymount.emsb.qc.ca\/fr\/wp-json\/wp\/v2\/types\/page"}],"author":[{"embeddable":true,"href":"https:\/\/marymount.emsb.qc.ca\/fr\/wp-json\/wp\/v2\/users\/3"}],"replies":[{"embeddable":true,"href":"https:\/\/marymount.emsb.qc.ca\/fr\/wp-json\/wp\/v2\/comments?post=6351"}],"version-history":[{"count":43,"href":"https:\/\/marymount.emsb.qc.ca\/fr\/wp-json\/wp\/v2\/pages\/6351\/revisions"}],"predecessor-version":[{"id":12038,"href":"https:\/\/marymount.emsb.qc.ca\/fr\/wp-json\/wp\/v2\/pages\/6351\/revisions\/12038"}],"wp:attachment":[{"href":"https:\/\/marymount.emsb.qc.ca\/fr\/wp-json\/wp\/v2\/media?parent=6351"}],"curies":[{"name":"wp","href":"https:\/\/api.w.org\/{rel}","templated":true}]}}