
{"id":12420,"date":"2024-11-25T14:17:25","date_gmt":"2024-11-25T19:17:25","guid":{"rendered":"https:\/\/marymount.emsb.qc.ca\/?page_id=12420"},"modified":"2024-12-06T14:01:27","modified_gmt":"2024-12-06T19:01:27","slug":"cafeteria-services","status":"publish","type":"page","link":"https:\/\/marymount.emsb.qc.ca\/fr\/cafeteria-services\/","title":{"rendered":"Services de caf\u00e9t\u00e9ria"},"content":{"rendered":"<div data-elementor-type=\"wp-page\" data-elementor-id=\"12420\" class=\"elementor elementor-12420\" data-elementor-post-type=\"page\">\n\t\t\t\t\t\t<section class=\"elementor-section elementor-top-section elementor-element elementor-element-1e5ebf7c elementor-section-full_width elementor-section-height-default elementor-section-height-default\" data-id=\"1e5ebf7c\" data-element_type=\"section\" data-e-type=\"section\" data-settings=\"{&quot;jet_parallax_layout_list&quot;:[]}\">\n\t\t\t\t\t\t<div class=\"elementor-container elementor-column-gap-default\">\n\t\t\t\t\t<div class=\"elementor-column elementor-col-100 elementor-top-column elementor-element elementor-element-8e7ff84\" data-id=\"8e7ff84\" data-element_type=\"column\" data-e-type=\"column\">\n\t\t\t<div class=\"elementor-widget-wrap elementor-element-populated\">\n\t\t\t\t\t\t<div class=\"elementor-element elementor-element-5a0bae50 elementor-widget elementor-widget-image\" data-id=\"5a0bae50\" data-element_type=\"widget\" data-e-type=\"widget\" data-widget_type=\"image.default\">\n\t\t\t\t<div class=\"elementor-widget-container\">\n\t\t\t\t\t\t\t\t\t\t\t\t\t\t\t<img fetchpriority=\"high\" decoding=\"async\" width=\"768\" height=\"251\" src=\"https:\/\/marymount.emsb.qc.ca\/wp-content\/uploads\/sites\/5\/2024\/11\/red-apples-768x251.png\" class=\"attachment-medium_large size-medium_large wp-image-12444\" alt=\"\" srcset=\"https:\/\/marymount.emsb.qc.ca\/wp-content\/uploads\/sites\/5\/2024\/11\/red-apples-768x251.png 768w, https:\/\/marymount.emsb.qc.ca\/wp-content\/uploads\/sites\/5\/2024\/11\/red-apples-300x98.png 300w, https:\/\/marymount.emsb.qc.ca\/wp-content\/uploads\/sites\/5\/2024\/11\/red-apples-1024x334.png 1024w, https:\/\/marymount.emsb.qc.ca\/wp-content\/uploads\/sites\/5\/2024\/11\/red-apples-18x6.png 18w, https:\/\/marymount.emsb.qc.ca\/wp-content\/uploads\/sites\/5\/2024\/11\/red-apples.png 1440w\" sizes=\"(max-width: 768px) 100vw, 768px\" \/>\t\t\t\t\t\t\t\t\t\t\t\t\t\t\t<\/div>\n\t\t\t\t<\/div>\n\t\t\t\t\t<\/div>\n\t\t<\/div>\n\t\t\t\t\t<\/div>\n\t\t<\/section>\n\t\t\t\t<section class=\"elementor-section elementor-top-section elementor-element elementor-element-48de0c54 elementor-section-boxed elementor-section-height-default elementor-section-height-default\" data-id=\"48de0c54\" data-element_type=\"section\" data-e-type=\"section\" data-settings=\"{&quot;jet_parallax_layout_list&quot;:[]}\">\n\t\t\t\t\t\t<div class=\"elementor-container elementor-column-gap-default\">\n\t\t\t\t\t<div class=\"elementor-column elementor-col-100 elementor-top-column elementor-element elementor-element-3857a7ae\" data-id=\"3857a7ae\" data-element_type=\"column\" data-e-type=\"column\">\n\t\t\t<div class=\"elementor-widget-wrap elementor-element-populated\">\n\t\t\t\t\t\t<div class=\"elementor-element elementor-element-756d523b elementor-widget__width-auto elementor-widget elementor-widget-heading\" data-id=\"756d523b\" data-element_type=\"widget\" data-e-type=\"widget\" data-widget_type=\"heading.default\">\n\t\t\t\t<div class=\"elementor-widget-container\">\n\t\t\t\t\t<h2 class=\"elementor-heading-title elementor-size-default\">MARYMOUNT<\/h2>\t\t\t\t<\/div>\n\t\t\t\t<\/div>\n\t\t\t\t\t<\/div>\n\t\t<\/div>\n\t\t\t\t\t<\/div>\n\t\t<\/section>\n\t\t\t\t<section class=\"elementor-section elementor-top-section elementor-element elementor-element-c7c0620 elementor-section-boxed elementor-section-height-default elementor-section-height-default\" data-id=\"c7c0620\" data-element_type=\"section\" data-e-type=\"section\" data-settings=\"{&quot;jet_parallax_layout_list&quot;:[]}\">\n\t\t\t\t\t\t<div class=\"elementor-container elementor-column-gap-default\">\n\t\t\t\t\t<div class=\"elementor-column elementor-col-50 elementor-top-column elementor-element elementor-element-5573173\" data-id=\"5573173\" data-element_type=\"column\" data-e-type=\"column\">\n\t\t\t<div class=\"elementor-widget-wrap elementor-element-populated\">\n\t\t\t\t\t\t<div class=\"elementor-element elementor-element-b62e03c elementor-widget elementor-widget-text-editor\" data-id=\"b62e03c\" data-element_type=\"widget\" data-e-type=\"widget\" data-widget_type=\"text-editor.default\">\n\t\t\t\t<div class=\"elementor-widget-container\">\n\t\t\t\t\t\t\t\t\t<p style=\"font-weight: 400;\"><span style=\"font-style: inherit; color: var( --e-global-color-text ); background-color: var(--ast-global-color-5);\">L'EMSB vise \u00e0 promouvoir des attitudes et des comportements favorables \u00e0 la sant\u00e9 chez tous les \u00e9l\u00e8ves en cr\u00e9ant un environnement qui encourage des habitudes alimentaires saines. En garantissant l'acc\u00e8s \u00e0 des aliments nutritifs par le biais de notre\u00a0<\/span><a style=\"font-style: inherit;\" href=\"https:\/\/www.emsb.qc.ca\/emsb\/schools\/operations\/facilities\" target=\"_blank\">caf\u00e9t\u00e9rias d'\u00e9coles<\/a><span style=\"font-style: inherit; color: var( --e-global-color-text ); background-color: var(--ast-global-color-5);\">\u00a0et nos programmes de soutien nutritionnel, nous contribuons \u00e0 la r\u00e9alisation du plein potentiel acad\u00e9mique de nos \u00e9l\u00e8ves. En enseignant les connaissances et les comp\u00e9tences essentielles dont les \u00e9l\u00e8ves ont besoin pour choisir des aliments nutritifs, nous contribuons \u00e0 la pr\u00e9vention des probl\u00e8mes li\u00e9s \u00e0 la nutrition des enfants, tels que l'ob\u00e9sit\u00e9, le diab\u00e8te et les maladies dentaires.<\/span><\/p>\n<p style=\"font-weight: 400;\"><strong>Laissez vos papilles s'\u00e9veiller \u00e0 la caf\u00e9t\u00e9ria de l'E.M.S.B. !<\/strong><\/p>\n<p style=\"font-weight: 400;\">Les caf\u00e9t\u00e9rias de l'EMSB sont fi\u00e8res de servir des aliments nutritifs et des repas \u00e9quilibr\u00e9s qui aideront les \u00e9l\u00e8ves \u00e0 garder leur \u00e9nergie tout au long de la journ\u00e9e. Tous les repas sont pr\u00e9par\u00e9s et servis par notre personnel courtois de plus de 50 employ\u00e9s form\u00e9s au service alimentaire dans nos 18 caf\u00e9t\u00e9rias. Ces repas sont pr\u00e9par\u00e9s \u00e0 partir d'ingr\u00e9dients de haute qualit\u00e9 et encouragent une alimentation saine en suivant les principes suivants\u00a0<a href=\"https:\/\/food-guide.canada.ca\/en\/\" target=\"_blank\">L'assiette sant\u00e9 de Sant\u00e9 Canada<\/a>.  Nous voulons \u00eatre un exemple de repas sains pour nos \u00e9l\u00e8ves.<\/p>\n<p style=\"font-weight: 400;\">Notre menu multiculturel offre \u00e0 nos \u00e9tudiants une grande vari\u00e9t\u00e9 de repas sains \u00e0 des prix subventionn\u00e9s et agr\u00e9ables pour les sens !<\/p>\n<p style=\"font-weight: 400;\"><strong>T\u00e9l\u00e9chargez votre copie du menu et de la liste de prix 2024-2025 de la caf\u00e9t\u00e9ria :<\/strong><\/p>\n\n<ul>\n \t<li><strong><strong><a href=\"https:\/\/marymount.emsb.qc.ca\/wp-content\/uploads\/sites\/5\/2024\/11\/high-school-bistro-menu-price-list-2024-2025-6.pdf\" target=\"_blank\">Menu et liste de prix du bistro de toutes les \u00e9coles secondaires de l'EMSB<\/a><\/strong><\/strong>Les cartes de repas de la caf\u00e9t\u00e9ria de l'EMSB sont disponibles dans toutes les caf\u00e9t\u00e9rias des \u00e9coles secondaires.<\/li>\n \t<li style=\"font-weight: 400;\"><a href=\"https:\/\/marymount.emsb.qc.ca\/wp-content\/uploads\/sites\/5\/2024\/11\/pre-paid-bistro-meal-card-1.pdf\" target=\"_blank\"><strong>Cliquez ici pour les cartes de repas pr\u00e9pay\u00e9es<\/strong><\/a>.<\/li>\n<\/ul>\n<p style=\"font-weight: 400;\"><strong>Venez d\u00e9guster une vari\u00e9t\u00e9 de plats d\u00e9licieux \u00e0 la caf\u00e9t\u00e9ria de l'EMSB - Nous sommes impatients de vous servir !<\/strong><\/p>\n<p style=\"font-weight: 400;\"><em>Bien que tous les soins n\u00e9cessaires soient apport\u00e9s \u00e0 la pr\u00e9paration de nos repas, ceux-ci peuvent contenir (des traces) d'allerg\u00e8nes alimentaires (arachides, noix, graines, soja, lait, \u0153ufs, bl\u00e9, etc.).<\/em><\/p>\t\t\t\t\t\t\t\t<\/div>\n\t\t\t\t<\/div>\n\t\t\t\t\t<\/div>\n\t\t<\/div>\n\t\t\t\t<div class=\"elementor-column elementor-col-50 elementor-top-column elementor-element elementor-element-ef2ec4b\" data-id=\"ef2ec4b\" data-element_type=\"column\" data-e-type=\"column\">\n\t\t\t<div class=\"elementor-widget-wrap elementor-element-populated\">\n\t\t\t\t\t\t<div class=\"elementor-element elementor-element-8e6633c elementor-widget elementor-widget-image\" data-id=\"8e6633c\" data-element_type=\"widget\" data-e-type=\"widget\" data-widget_type=\"image.default\">\n\t\t\t\t<div class=\"elementor-widget-container\">\n\t\t\t\t\t\t\t\t\t\t\t\t\t\t\t<img decoding=\"async\" width=\"204\" height=\"300\" src=\"https:\/\/marymount.emsb.qc.ca\/wp-content\/uploads\/sites\/5\/2024\/05\/MARYMOUNT-s-204x300.png\" class=\"attachment-medium size-medium wp-image-10523\" alt=\"\" srcset=\"https:\/\/marymount.emsb.qc.ca\/wp-content\/uploads\/sites\/5\/2024\/05\/MARYMOUNT-s-204x300.png 204w, https:\/\/marymount.emsb.qc.ca\/wp-content\/uploads\/sites\/5\/2024\/05\/MARYMOUNT-s-8x12.png 8w, https:\/\/marymount.emsb.qc.ca\/wp-content\/uploads\/sites\/5\/2024\/05\/MARYMOUNT-s.png 340w\" sizes=\"(max-width: 204px) 100vw, 204px\" \/>\t\t\t\t\t\t\t\t\t\t\t\t\t\t\t<\/div>\n\t\t\t\t<\/div>\n\t\t\t\t\t<\/div>\n\t\t<\/div>\n\t\t\t\t\t<\/div>\n\t\t<\/section>\n\t\t\t\t<\/div>","protected":false},"excerpt":{"rendered":"<p>The\u00a0EMSB\u00a0aims at promoting health-enhancing attitudes and behaviours among all students by providing an environment encouraging healthy eating habits. By ensuring access to nutritious foods through our\u00a0school cafeterias\u00a0and our nutritional support programs, we contribute to the achievement of our students\u2019 full academic potential. By teaching the essential knowledge and skills students need to make nutritious food [&hellip;]<\/p>\n","protected":false},"author":25,"featured_media":0,"parent":0,"menu_order":0,"comment_status":"closed","ping_status":"closed","template":"","meta":{"site-sidebar-layout":"no-sidebar","site-content-layout":"page-builder","ast-site-content-layout":"default","site-content-style":"default","site-sidebar-style":"default","ast-global-header-display":"","ast-banner-title-visibility":"","ast-main-header-display":"","ast-hfb-above-header-display":"","ast-hfb-below-header-display":"","ast-hfb-mobile-header-display":"","site-post-title":"disabled","ast-breadcrumbs-content":"","ast-featured-img":"disabled","footer-sml-layout":"","ast-disable-related-posts":"","theme-transparent-header-meta":"default","adv-header-id-meta":"","stick-header-meta":"","header-above-stick-meta":"","header-main-stick-meta":"","header-below-stick-meta":"","astra-migrate-meta-layouts":"set","ast-page-background-enabled":"default","ast-page-background-meta":{"desktop":{"background-color":"var(--ast-global-color-4)","background-image":"","background-repeat":"repeat","background-position":"center center","background-size":"auto","background-attachment":"scroll","background-type":"","background-media":"","overlay-type":"","overlay-color":"","overlay-opacity":"","overlay-gradient":""},"tablet":{"background-color":"","background-image":"","background-repeat":"repeat","background-position":"center center","background-size":"auto","background-attachment":"scroll","background-type":"","background-media":"","overlay-type":"","overlay-color":"","overlay-opacity":"","overlay-gradient":""},"mobile":{"background-color":"","background-image":"","background-repeat":"repeat","background-position":"center center","background-size":"auto","background-attachment":"scroll","background-type":"","background-media":"","overlay-type":"","overlay-color":"","overlay-opacity":"","overlay-gradient":""}},"ast-content-background-meta":{"desktop":{"background-color":"var(--ast-global-color-5)","background-image":"","background-repeat":"repeat","background-position":"center center","background-size":"auto","background-attachment":"scroll","background-type":"","background-media":"","overlay-type":"","overlay-color":"","overlay-opacity":"","overlay-gradient":""},"tablet":{"background-color":"var(--ast-global-color-5)","background-image":"","background-repeat":"repeat","background-position":"center center","background-size":"auto","background-attachment":"scroll","background-type":"","background-media":"","overlay-type":"","overlay-color":"","overlay-opacity":"","overlay-gradient":""},"mobile":{"background-color":"var(--ast-global-color-5)","background-image":"","background-repeat":"repeat","background-position":"center center","background-size":"auto","background-attachment":"scroll","background-type":"","background-media":"","overlay-type":"","overlay-color":"","overlay-opacity":"","overlay-gradient":""}},"footnotes":""},"class_list":["post-12420","page","type-page","status-publish","hentry"],"yoast_head":"<!-- This site is optimized with the Yoast SEO plugin v27.3 - https:\/\/yoast.com\/product\/yoast-seo-wordpress\/ -->\n<title>Cafeteria Services - Marymount Academy International<\/title>\n<meta name=\"description\" content=\"Cafeteria Services The EMSB aims to promote health-enhancing attitudes and behaviors among all students by encouraging healthy eating habits.\" \/>\n<meta name=\"robots\" content=\"index, follow, max-snippet:-1, max-image-preview:large, max-video-preview:-1\" \/>\n<link rel=\"canonical\" href=\"https:\/\/marymount.emsb.qc.ca\/fr\/cafeteria-services\/\" \/>\n<meta property=\"og:locale\" content=\"fr_FR\" \/>\n<meta property=\"og:type\" content=\"article\" \/>\n<meta property=\"og:title\" content=\"Cafeteria Services - Marymount Academy International\" \/>\n<meta property=\"og:description\" content=\"Cafeteria Services The EMSB aims to promote health-enhancing attitudes and behaviors among all students by encouraging healthy eating habits.\" \/>\n<meta property=\"og:url\" content=\"https:\/\/marymount.emsb.qc.ca\/fr\/cafeteria-services\/\" \/>\n<meta property=\"og:site_name\" content=\"Marymount Academy International\" \/>\n<meta property=\"article:modified_time\" content=\"2024-12-06T19:01:27+00:00\" \/>\n<meta property=\"og:image\" content=\"https:\/\/marymount.emsb.qc.ca\/wp-content\/uploads\/sites\/5\/2024\/11\/red-apples-768x251.png\" \/>\n<meta name=\"twitter:card\" content=\"summary_large_image\" \/>\n<meta name=\"twitter:label1\" content=\"Dur\u00e9e de lecture estim\u00e9e\" \/>\n\t<meta name=\"twitter:data1\" content=\"2 minutes\" \/>\n<script type=\"application\/ld+json\" class=\"yoast-schema-graph\">{\"@context\":\"https:\\\/\\\/schema.org\",\"@graph\":[{\"@type\":\"WebPage\",\"@id\":\"https:\\\/\\\/marymount.emsb.qc.ca\\\/cafeteria-services\\\/\",\"url\":\"https:\\\/\\\/marymount.emsb.qc.ca\\\/cafeteria-services\\\/\",\"name\":\"Cafeteria Services - Marymount Academy International\",\"isPartOf\":{\"@id\":\"https:\\\/\\\/marymount.emsb.qc.ca\\\/#website\"},\"primaryImageOfPage\":{\"@id\":\"https:\\\/\\\/marymount.emsb.qc.ca\\\/cafeteria-services\\\/#primaryimage\"},\"image\":{\"@id\":\"https:\\\/\\\/marymount.emsb.qc.ca\\\/cafeteria-services\\\/#primaryimage\"},\"thumbnailUrl\":\"https:\\\/\\\/marymount.emsb.qc.ca\\\/wp-content\\\/uploads\\\/sites\\\/5\\\/2024\\\/11\\\/red-apples-768x251.png\",\"datePublished\":\"2024-11-25T19:17:25+00:00\",\"dateModified\":\"2024-12-06T19:01:27+00:00\",\"description\":\"Cafeteria Services The EMSB aims to promote health-enhancing attitudes and behaviors among all students by encouraging healthy eating habits.\",\"breadcrumb\":{\"@id\":\"https:\\\/\\\/marymount.emsb.qc.ca\\\/cafeteria-services\\\/#breadcrumb\"},\"inLanguage\":\"fr-FR\",\"potentialAction\":[{\"@type\":\"ReadAction\",\"target\":[\"https:\\\/\\\/marymount.emsb.qc.ca\\\/cafeteria-services\\\/\"]}]},{\"@type\":\"ImageObject\",\"inLanguage\":\"fr-FR\",\"@id\":\"https:\\\/\\\/marymount.emsb.qc.ca\\\/cafeteria-services\\\/#primaryimage\",\"url\":\"https:\\\/\\\/marymount.emsb.qc.ca\\\/wp-content\\\/uploads\\\/sites\\\/5\\\/2024\\\/11\\\/red-apples-768x251.png\",\"contentUrl\":\"https:\\\/\\\/marymount.emsb.qc.ca\\\/wp-content\\\/uploads\\\/sites\\\/5\\\/2024\\\/11\\\/red-apples-768x251.png\"},{\"@type\":\"BreadcrumbList\",\"@id\":\"https:\\\/\\\/marymount.emsb.qc.ca\\\/cafeteria-services\\\/#breadcrumb\",\"itemListElement\":[{\"@type\":\"ListItem\",\"position\":1,\"name\":\"Home\",\"item\":\"https:\\\/\\\/marymount.emsb.qc.ca\\\/\"},{\"@type\":\"ListItem\",\"position\":2,\"name\":\"Cafeteria Services\"}]},{\"@type\":\"WebSite\",\"@id\":\"https:\\\/\\\/marymount.emsb.qc.ca\\\/#website\",\"url\":\"https:\\\/\\\/marymount.emsb.qc.ca\\\/\",\"name\":\"Marymount Academy International\",\"description\":\"Marymount Academy International\",\"publisher\":{\"@id\":\"https:\\\/\\\/marymount.emsb.qc.ca\\\/#organization\"},\"potentialAction\":[{\"@type\":\"SearchAction\",\"target\":{\"@type\":\"EntryPoint\",\"urlTemplate\":\"https:\\\/\\\/marymount.emsb.qc.ca\\\/?s={search_term_string}\"},\"query-input\":{\"@type\":\"PropertyValueSpecification\",\"valueRequired\":true,\"valueName\":\"search_term_string\"}}],\"inLanguage\":\"fr-FR\"},{\"@type\":\"Organization\",\"@id\":\"https:\\\/\\\/marymount.emsb.qc.ca\\\/#organization\",\"name\":\"Marymount Academy International\",\"url\":\"https:\\\/\\\/marymount.emsb.qc.ca\\\/\",\"logo\":{\"@type\":\"ImageObject\",\"inLanguage\":\"fr-FR\",\"@id\":\"https:\\\/\\\/marymount.emsb.qc.ca\\\/#\\\/schema\\\/logo\\\/image\\\/\",\"url\":\"https:\\\/\\\/marymount.emsb.qc.ca\\\/wp-content\\\/uploads\\\/sites\\\/5\\\/2022\\\/01\\\/marymount-logo.jpg\",\"contentUrl\":\"https:\\\/\\\/marymount.emsb.qc.ca\\\/wp-content\\\/uploads\\\/sites\\\/5\\\/2022\\\/01\\\/marymount-logo.jpg\",\"width\":110,\"height\":149,\"caption\":\"Marymount Academy International\"},\"image\":{\"@id\":\"https:\\\/\\\/marymount.emsb.qc.ca\\\/#\\\/schema\\\/logo\\\/image\\\/\"}}]}<\/script>\n<!-- \/ Yoast SEO plugin. -->","yoast_head_json":{"title":"Services de caf\u00e9t\u00e9ria - Marymount Academy International","description":"Services de caf\u00e9t\u00e9ria L'EMSB vise \u00e0 promouvoir des attitudes et des comportements favorables \u00e0 la sant\u00e9 chez tous les \u00e9l\u00e8ves en encourageant des habitudes alimentaires saines.","robots":{"index":"index","follow":"follow","max-snippet":"max-snippet:-1","max-image-preview":"max-image-preview:large","max-video-preview":"max-video-preview:-1"},"canonical":"https:\/\/marymount.emsb.qc.ca\/fr\/cafeteria-services\/","og_locale":"fr_FR","og_type":"article","og_title":"Cafeteria Services - Marymount Academy International","og_description":"Cafeteria Services The EMSB aims to promote health-enhancing attitudes and behaviors among all students by encouraging healthy eating habits.","og_url":"https:\/\/marymount.emsb.qc.ca\/fr\/cafeteria-services\/","og_site_name":"Marymount Academy International","article_modified_time":"2024-12-06T19:01:27+00:00","og_image":[{"url":"https:\/\/marymount.emsb.qc.ca\/wp-content\/uploads\/sites\/5\/2024\/11\/red-apples-768x251.png","type":"","width":"","height":""}],"twitter_card":"summary_large_image","twitter_misc":{"Dur\u00e9e de lecture estim\u00e9e":"2 minutes"},"schema":{"@context":"https:\/\/schema.org","@graph":[{"@type":"WebPage","@id":"https:\/\/marymount.emsb.qc.ca\/cafeteria-services\/","url":"https:\/\/marymount.emsb.qc.ca\/cafeteria-services\/","name":"Services de caf\u00e9t\u00e9ria - Marymount Academy International","isPartOf":{"@id":"https:\/\/marymount.emsb.qc.ca\/#website"},"primaryImageOfPage":{"@id":"https:\/\/marymount.emsb.qc.ca\/cafeteria-services\/#primaryimage"},"image":{"@id":"https:\/\/marymount.emsb.qc.ca\/cafeteria-services\/#primaryimage"},"thumbnailUrl":"https:\/\/marymount.emsb.qc.ca\/wp-content\/uploads\/sites\/5\/2024\/11\/red-apples-768x251.png","datePublished":"2024-11-25T19:17:25+00:00","dateModified":"2024-12-06T19:01:27+00:00","description":"Services de caf\u00e9t\u00e9ria L'EMSB vise \u00e0 promouvoir des attitudes et des comportements favorables \u00e0 la sant\u00e9 chez tous les \u00e9l\u00e8ves en encourageant des habitudes alimentaires saines.","breadcrumb":{"@id":"https:\/\/marymount.emsb.qc.ca\/cafeteria-services\/#breadcrumb"},"inLanguage":"fr-FR","potentialAction":[{"@type":"ReadAction","target":["https:\/\/marymount.emsb.qc.ca\/cafeteria-services\/"]}]},{"@type":"ImageObject","inLanguage":"fr-FR","@id":"https:\/\/marymount.emsb.qc.ca\/cafeteria-services\/#primaryimage","url":"https:\/\/marymount.emsb.qc.ca\/wp-content\/uploads\/sites\/5\/2024\/11\/red-apples-768x251.png","contentUrl":"https:\/\/marymount.emsb.qc.ca\/wp-content\/uploads\/sites\/5\/2024\/11\/red-apples-768x251.png"},{"@type":"BreadcrumbList","@id":"https:\/\/marymount.emsb.qc.ca\/cafeteria-services\/#breadcrumb","itemListElement":[{"@type":"ListItem","position":1,"name":"Home","item":"https:\/\/marymount.emsb.qc.ca\/"},{"@type":"ListItem","position":2,"name":"Cafeteria Services"}]},{"@type":"WebSite","@id":"https:\/\/marymount.emsb.qc.ca\/#website","url":"https:\/\/marymount.emsb.qc.ca\/","name":"Acad\u00e9mie internationale Marymount","description":"Acad\u00e9mie internationale Marymount","publisher":{"@id":"https:\/\/marymount.emsb.qc.ca\/#organization"},"potentialAction":[{"@type":"SearchAction","target":{"@type":"EntryPoint","urlTemplate":"https:\/\/marymount.emsb.qc.ca\/?s={search_term_string}"},"query-input":{"@type":"PropertyValueSpecification","valueRequired":true,"valueName":"search_term_string"}}],"inLanguage":"fr-FR"},{"@type":"Organization","@id":"https:\/\/marymount.emsb.qc.ca\/#organization","name":"Acad\u00e9mie internationale Marymount","url":"https:\/\/marymount.emsb.qc.ca\/","logo":{"@type":"ImageObject","inLanguage":"fr-FR","@id":"https:\/\/marymount.emsb.qc.ca\/#\/schema\/logo\/image\/","url":"https:\/\/marymount.emsb.qc.ca\/wp-content\/uploads\/sites\/5\/2022\/01\/marymount-logo.jpg","contentUrl":"https:\/\/marymount.emsb.qc.ca\/wp-content\/uploads\/sites\/5\/2022\/01\/marymount-logo.jpg","width":110,"height":149,"caption":"Marymount Academy International"},"image":{"@id":"https:\/\/marymount.emsb.qc.ca\/#\/schema\/logo\/image\/"}}]}},"_links":{"self":[{"href":"https:\/\/marymount.emsb.qc.ca\/fr\/wp-json\/wp\/v2\/pages\/12420","targetHints":{"allow":["GET"]}}],"collection":[{"href":"https:\/\/marymount.emsb.qc.ca\/fr\/wp-json\/wp\/v2\/pages"}],"about":[{"href":"https:\/\/marymount.emsb.qc.ca\/fr\/wp-json\/wp\/v2\/types\/page"}],"author":[{"embeddable":true,"href":"https:\/\/marymount.emsb.qc.ca\/fr\/wp-json\/wp\/v2\/users\/25"}],"replies":[{"embeddable":true,"href":"https:\/\/marymount.emsb.qc.ca\/fr\/wp-json\/wp\/v2\/comments?post=12420"}],"version-history":[{"count":34,"href":"https:\/\/marymount.emsb.qc.ca\/fr\/wp-json\/wp\/v2\/pages\/12420\/revisions"}],"predecessor-version":[{"id":12508,"href":"https:\/\/marymount.emsb.qc.ca\/fr\/wp-json\/wp\/v2\/pages\/12420\/revisions\/12508"}],"wp:attachment":[{"href":"https:\/\/marymount.emsb.qc.ca\/fr\/wp-json\/wp\/v2\/media?parent=12420"}],"curies":[{"name":"wp","href":"https:\/\/api.w.org\/{rel}","templated":true}]}}